{"id":4520,"date":"2013-07-12T21:55:01","date_gmt":"2013-07-12T19:55:01","guid":{"rendered":"http:\/\/www.atx.sk\/alocons\/portal\/alocons4\/?page_id=4520"},"modified":"2015-10-08T01:49:37","modified_gmt":"2015-10-07T23:49:37","slug":"energeticke-urovne-vystavby","status":"publish","type":"page","link":"https:\/\/www.alocons.com\/?page_id=4520","title":{"rendered":"Energetick\u00e9 \u00farovne v\u00fdstavby"},"content":{"rendered":"<table border=\"1\" cellspacing=\"0\" cellpadding=\"0\">\n<tbody>\n<tr>\n<td style=\"text-align: justify; width: 643px;\" valign=\"top\">\n<p><span style=\"font-size: small;\"><strong>Vyhl. MDVRR SR \u010d. 364\/2012 Z.z. zav\u00e1dza pre hodnotenie budovy pod\u013ea glob\u00e1lneho ukazovate\u013ea &#8211; prim\u00e1rna energia pojem energetick\u00e9 \u00farovne v\u00fdstavby. Energetick\u00e1 \u00farove\u0148 v\u00fdstavby z\u00e1vis\u00ed od energetickej triedy, do ktorej sa budova zarad\u00ed pod\u013ea glob\u00e1lneho ukazovate\u013ea \u2013 prim\u00e1rna energia.<\/strong><\/span><\/p>\n<\/td>\n<td style=\"width: 162px;\" align=\"left\" valign=\"top\"><b><img loading=\"lazy\" decoding=\"async\" class=\"alignnone size-full wp-image-1965\" src=\"http:\/\/www.alocons.com\/portal\/wp-content\/uploads\/alo-MARK_C-blue22.png\" alt=\"alo-MARK_C-blue22\" width=\"126\" height=\"10\" srcset=\"https:\/\/www.alocons.com\/portal\/wp-content\/uploads\/alo-MARK_C-blue22.png 126w, https:\/\/www.alocons.com\/portal\/wp-content\/uploads\/alo-MARK_C-blue22-125x10.png 125w\" sizes=\"auto, (max-width: 126px) 100vw, 126px\" \/><\/b><\/td>\n<\/tr>\n<tr>\n<td style=\"text-align: justify;\" valign=\"top\">\u00a0<\/td>\n<td style=\"width: 162px;\" align=\"left\" valign=\"top\">\u00a0<\/td>\n<\/tr>\n<tr>\n<td valign=\"top\" width=\"643\">\n<p><img loading=\"lazy\" decoding=\"async\" src=\"http:\/\/www.alocons.com\/portal\/wp-content\/uploads\/pumerle-MAG.gif\" alt=\"pumerle-MAG\" width=\"13\" height=\"13\" \/>\u00a0 <strong><span style=\"color: #800000;\">\u00a0\u0160k\u00e1la energetick\u00fdch tried glob\u00e1lneho ukazovate\u013ea &#8211; prim\u00e1rna energia v kWh\/(m<sup>2<\/sup>.a)<\/span><\/strong><\/p>\n<p><a href=\"http:\/\/www.alocons.com\/portal\/wp-content\/uploads\/skala_energetickych_tried_crop.gif\"><img loading=\"lazy\" decoding=\"async\" class=\"alignright size-full wp-image-4526\" src=\"http:\/\/www.alocons.com\/portal\/wp-content\/uploads\/skala_energetickych_tried_crop.gif\" alt=\"skala_energetickych_tried_crop\" width=\"553\" height=\"234\" \/><\/a><\/p>\n<\/td>\n<td style=\"width: 162px;\" align=\"left\" valign=\"top\"><b><img loading=\"lazy\" decoding=\"async\" src=\"http:\/\/www.alocons.com\/portal\/wp-content\/uploads\/alo-MARK_Q-bordo_resize.png\" alt=\"alo-MARK_Q-bordo_resize\" width=\"21\" height=\"21\" \/><\/b><br \/><b><\/b><\/td>\n<\/tr>\n<\/tbody>\n<\/table>\n<table style=\"height: 202px; ;width: 802px;\" border=\"0\" cellspacing=\"0\" cellpadding=\"0\" align=\"right\">\n<tbody>\n<tr>\n<td style=\"background-image: url('http:\/\/www.alocons.com\/portal\/wp-content\/uploads\/ALO_DARK-raster_SEDA.gif');\" align=\"right\" valign=\"bottom\"><img decoding=\"async\" src=\"http:\/\/www.alocons.com\/portal\/wp-content\/blogs.dir\/1\/files\/pict4x200_42\/thumbs\/thumbs_alo_pict-zelene-budovy_04a_42a.jpg\" alt=\"alo_pict-zelene-budovy_04a_42a\" \/>\u00a0<img decoding=\"async\" src=\"http:\/\/www.alocons.com\/portal\/wp-content\/blogs.dir\/1\/files\/pict4x200_42\/thumbs\/thumbs_alo_pict-zelene-budovy_04b42.jpg\" alt=\"alo_pict-zelene-budovy_04b42\" \/>\u00a0<img decoding=\"async\" src=\"http:\/\/www.alocons.com\/portal\/wp-content\/blogs.dir\/1\/files\/pict4x200_42\/thumbs\/thumbs_alo_pict-zelene-budovy_04c42.jpg\" alt=\"alo_pict-zelene-budovy_04c42\" \/>\u00a0<img decoding=\"async\" src=\"http:\/\/www.alocons.com\/portal\/wp-content\/blogs.dir\/1\/files\/pict4x200_42\/thumbs\/thumbs_alo_pict-zelene-budovy_04d42.jpg\" alt=\"alo_pict-zelene-budovy_04d42\" \/><\/td>\n<\/tr>\n<\/tbody>\n<\/table>\n<table border=\"1\" cellspacing=\"0\" cellpadding=\"0\">\n<tbody>\n<tr>\n<td style=\"text-align: justify; width: 643px;\" valign=\"top\">\n<p style=\"text-align: left;\"><img loading=\"lazy\" decoding=\"async\" src=\"http:\/\/www.alocons.com\/portal\/wp-content\/uploads\/pumerle-MAG.gif\" alt=\"pumerle-MAG\" width=\"13\" height=\"13\" \/>\u00a0 \u00a0<em>Minim\u00e1lne po\u017eiadavky na energetick\u00fa hospod\u00e1rnos\u0165 nov\u00fdch a obnovovan\u00fdch budov s\u00fa stanoven\u00e9 na hornej hranici energetickej triedy B a\u00a0t\u00e1to hranica s\u00fa\u010dasne ur\u010duje n\u00edzko\u00a0&#8211; energetick\u00fa \u00farove\u0148 v\u00fdstavby.<\/em><\/p>\n<p style=\"text-align: left;\"><img loading=\"lazy\" decoding=\"async\" src=\"http:\/\/www.alocons.com\/portal\/wp-content\/uploads\/pumerle-MAG.gif\" alt=\"pumerle-MAG\" width=\"13\" height=\"13\" \/>\u00a0 <em>\u00a0Ultran\u00edzkoenergetick\u00fa \u00farove\u0148 v\u00fdstavby ur\u010duje horn\u00e1 hranica energetickej triedy A1.<\/em><\/p>\n<p style=\"text-align: left;\"><img loading=\"lazy\" decoding=\"async\" src=\"http:\/\/www.alocons.com\/portal\/wp-content\/uploads\/pumerle-MAG.gif\" alt=\"pumerle-MAG\" width=\"13\" height=\"13\" \/>\u00a0 \u00a0<em>\u00darove\u0148 v\u00fdstavby budov s\u00a0takmer nulovou spotrebou energie ur\u010duje horn\u00e1 hranica energetickej triedy A0.<\/em><\/p>\n<p style=\"text-align: left;\"><img loading=\"lazy\" decoding=\"async\" src=\"http:\/\/www.alocons.com\/portal\/wp-content\/uploads\/pumerle-MAG.gif\" alt=\"pumerle-MAG\" width=\"13\" height=\"13\" \/>\u00a0 <em>\u00a0Pri budov\u00e1ch s\u00a0takmer nulovou spotrebou energie je po\u017eiadavkou, aby bolo ka\u017ed\u00e9 miesto spotreby zaraden\u00e9 do\u00a0energetickej triedy A,\u00a0a\u00a0aby sa energia potrebn\u00e1 na jej prev\u00e1dzku zabezpe\u010dila z\u00a0obnovite\u013en\u00fdch zdrojov priamo v\u00a0budove alebo v\u00a0jej bl\u00edzkosti.<\/em><\/p>\n<p style=\"text-align: left;\"><img loading=\"lazy\" decoding=\"async\" src=\"http:\/\/www.alocons.com\/portal\/wp-content\/uploads\/pumerle-MAG.gif\" alt=\"pumerle-MAG\" width=\"13\" height=\"13\" \/>\u00a0 <em>\u00a0Budovy s\u00a0takmer nulovou spotrebou energie sa maj\u00fa povinne stava\u0165 po 31. decembri 2020, v\u00a0pr\u00edpade budov, ktor\u00e9 vlastnia org\u00e1ny verejnej moci, u\u017e po 31. decembri 2018.<\/em><\/p>\n<p><span style=\"font-size: medium;\"><b>\u00a0<\/b><\/span><\/p>\n<\/td>\n<td style=\"width: 162px;\" align=\"left\" valign=\"top\"><b><span style=\"color: #444444;\">\u00a0<\/span><\/b><\/td>\n<\/tr>\n<tr>\n<td style=\"text-align: justify;\" valign=\"top\" width=\"643\"><strong><span style=\"font-size: large;\">\u00a0<\/span><\/strong><\/td>\n<td style=\"width: 162px;\" align=\"left\" valign=\"top\">\u00a0<\/td>\n<\/tr>\n<\/tbody>\n<\/table>\n","protected":false},"excerpt":{"rendered":"<p>Vyhl. MDVRR SR \u010d. 364\/2012 Z.z. zav\u00e1dza pre hodnotenie budovy pod\u013ea glob\u00e1lneho ukazovate\u013ea &#8211; prim\u00e1rna energia pojem energetick\u00e9 \u00farovne v\u00fdstavby. Energetick\u00e1 \u00farove\u0148 v\u00fdstavby z\u00e1vis\u00ed od energetickej triedy, do ktorej sa budova zarad\u00ed pod\u013ea glob\u00e1lneho ukazovate\u013ea \u2013 prim\u00e1rna energia. \u00a0 \u00a0 \u00a0 \u00a0\u0160k\u00e1la energetick\u00fdch tried glob\u00e1lneho ukazovate\u013ea &#8211; prim\u00e1rna energia v \u2026 <a class=\"continue-reading-link\" href=\"https:\/\/www.alocons.com\/?page_id=4520\">Viac <span class=\"meta-nav\">&rarr; <\/span><\/a><\/p>\n","protected":false},"author":1,"featured_media":0,"parent":3358,"menu_order":13,"comment_status":"closed","ping_status":"closed","template":"","meta":{"ngg_post_thumbnail":0,"footnotes":""},"class_list":["post-4520","page","type-page","status-publish","hentry"],"_links":{"self":[{"href":"https:\/\/www.alocons.com\/index.php?rest_route=\/wp\/v2\/pages\/4520","targetHints":{"allow":["GET"]}}],"collection":[{"href":"https:\/\/www.alocons.com\/index.php?rest_route=\/wp\/v2\/pages"}],"about":[{"href":"https:\/\/www.alocons.com\/index.php?rest_route=\/wp\/v2\/types\/page"}],"author":[{"embeddable":true,"href":"https:\/\/www.alocons.com\/index.php?rest_route=\/wp\/v2\/users\/1"}],"replies":[{"embeddable":true,"href":"https:\/\/www.alocons.com\/index.php?rest_route=%2Fwp%2Fv2%2Fcomments&post=4520"}],"version-history":[{"count":9,"href":"https:\/\/www.alocons.com\/index.php?rest_route=\/wp\/v2\/pages\/4520\/revisions"}],"predecessor-version":[{"id":7261,"href":"https:\/\/www.alocons.com\/index.php?rest_route=\/wp\/v2\/pages\/4520\/revisions\/7261"}],"up":[{"embeddable":true,"href":"https:\/\/www.alocons.com\/index.php?rest_route=\/wp\/v2\/pages\/3358"}],"wp:attachment":[{"href":"https:\/\/www.alocons.com\/index.php?rest_route=%2Fwp%2Fv2%2Fmedia&parent=4520"}],"curies":[{"name":"wp","href":"https:\/\/api.w.org\/{rel}","templated":true}]}}