{"id":4030,"date":"2013-07-02T14:12:01","date_gmt":"2013-07-02T12:12:01","guid":{"rendered":"http:\/\/www.atx.sk\/alocons\/portal\/alocons4\/?page_id=4030"},"modified":"2017-05-12T05:56:41","modified_gmt":"2017-05-12T03:56:41","slug":"idealy","status":"publish","type":"page","link":"https:\/\/www.alocons.com\/?page_id=4030","title":{"rendered":"na\u0161e IDE\u00c1LY"},"content":{"rendered":"<table border=\"1\" cellspacing=\"0\" cellpadding=\"0\">\n<tbody>\n<tr>\n<td style=\"text-align: justify;\" align=\"right\" valign=\"top\"><span style=\"font-size: small; color: #888888;\"><strong><span style=\"font-family: verdana, geneva;\">M\u00e1me konkr\u00e9tnu predstavu o ide\u00e1lnych vlastnostiach, ktor\u00e9 n\u00e1m a na\u0161im klientom pom\u00f4\u017eu k trvale udr\u017eate\u013en\u00e9mu podnikaniu. Na\u0161u firemn\u00fa kult\u00faru a vn\u00fatorn\u00e9 procesy nastavujeme tak, aby sme ich dosiahli a zachovali\u2026 Ako jednotlivci aj ako cel\u00e1 firma.&nbsp;<\/span><\/strong><\/span><\/td>\n<td style=\"width: 162px;\" align=\"left\" valign=\"top\">&nbsp;<b><b><b><img loading=\"lazy\" decoding=\"async\" src=\"http:\/\/www.alocons.com\/portal\/wp-content\/uploads\/alo-MARK_C-blue22.png\" alt=\"alo-MARK_C-blue22\" width=\"126\" height=\"10\"><\/b><\/b><\/b><b><b><b><b><\/b><\/b><\/b><\/b><\/td>\n<\/tr>\n<\/tbody>\n<\/table>\n<p><!-- koniec vizie --><\/p>\n<table style=\"height: 202px; ;width: 802px;\" border=\"0\" cellspacing=\"0\" cellpadding=\"0\" align=\"right\">\n<tbody>\n<tr>\n<td style=\"background-image: url('http:\/\/www.alocons.com\/portal\/wp-content\/uploads\/ALO_DARK-raster_SEDA.gif');\" align=\"right\" valign=\"bottom\"><img decoding=\"async\" src=\"http:\/\/www.alocons.com\/portal\/wp-content\/blogs.dir\/1\/files\/pict4x200_03\/thumbs\/thumbs_alo_pict-4x200_02a03.jpg\" alt=\"alo_pict-4x200_02a03\">&nbsp;<img decoding=\"async\" src=\"http:\/\/www.alocons.com\/portal\/wp-content\/blogs.dir\/1\/files\/pict4x200_03\/thumbs\/thumbs_alo_pict-4x200_02b03.jpg\" alt=\"alo_pict-4x200_02b03\">&nbsp;<img decoding=\"async\" src=\"http:\/\/www.alocons.com\/portal\/wp-content\/blogs.dir\/1\/files\/pict4x200_03\/thumbs\/thumbs_alo_pict-4x200_02c03.jpg\" alt=\"alo_pict-4x200_02c03\">&nbsp;<img decoding=\"async\" src=\"http:\/\/www.alocons.com\/portal\/wp-content\/blogs.dir\/1\/files\/pict4x200_03\/thumbs\/thumbs_alo_pict-4x200_02d03.jpg\" alt=\"alo_pict-4x200_02d03\"><\/td>\n<\/tr>\n<\/tbody>\n<\/table>\n<hr>\n<p><!-- koniec tabelatorov --><\/p>\n<table style=\"border-width: 0px; border-style: solid;\" border=\"0\" cellspacing=\"0\" cellpadding=\"0\">\n<tbody>\n<tr>\n<td style=\"width: 643px;\"><!-- zaciatok --><\/p>\n<p><!-- zaciatok vizie --><\/p>\n<table border=\"1\" cellspacing=\"0\" cellpadding=\"0\">\n<tbody>\n<tr>\n<td style=\"text-align: justify;\" valign=\"top\">\n<table style=\"border-width: 0px; border-style: solid;\" border=\"0\" cellspacing=\"0\" cellpadding=\"0\">\n<tbody>\n<tr style=\"height: 60px;\" valign=\"top\">\n<td style=\"background-image: url('http:\/\/www.alocons.com\/portal\/wp-content\/uploads\/ALO_DARK-raster_ZLTA02-50.gif'); border: 6px solid #ffffff;\"><img loading=\"lazy\" decoding=\"async\" src=\"http:\/\/www.alocons.com\/portal\/wp-content\/uploads\/pumerle-MAG.gif\" alt=\"pumerle-MAG\" width=\"13\" height=\"13\"><\/td>\n<td style=\"background-image: url('http:\/\/www.alocons.com\/portal\/wp-content\/uploads\/ALO_DARK-raster_ZLTA02-10.gif'); border: 6px solid #ffffff;\">\n<p style=\"text-align: justify;\"><span style=\"color: #000000; font-size: large;\"><b><strong><span style=\"font-size: medium;\"><strong>Otvorenos\u0165&nbsp;&nbsp;&nbsp;<\/strong><i>(Openness)<\/i><\/span><br \/>\n <\/strong><\/b><\/span><\/p>\n<p><span style=\"color: #000000; font-size: small;\"><b>otvorenos\u0165 k n\u00e1zoru in\u00fdch, k nov\u00fdm my\u0161lienkam a vo vlastnom konan\u00ed ako z\u00e1klad d\u00f4very a schopnosti efekt\u00edvne komunikova\u0165<\/b><\/span><\/p>\n<\/td>\n<\/tr>\n<tr style=\"height: 60px;\" valign=\"top\">\n<td style=\"background-image: url('http:\/\/www.alocons.com\/portal\/wp-content\/uploads\/ALO_DARK-raster_ORNG04-50.gif'); border: 6px solid #ffffff;\"><img loading=\"lazy\" decoding=\"async\" src=\"http:\/\/www.alocons.com\/portal\/wp-content\/uploads\/pumerle-MAG.gif\" alt=\"pumerle-MAG\" width=\"13\" height=\"13\"><\/td>\n<td style=\"background-image: url('http:\/\/www.alocons.com\/portal\/wp-content\/uploads\/ALO_DARK-raster_ORNG04-10.gif'); border: 6px solid #ffffff;\">\n<p><span style=\"color: #000000; font-size: medium;\"><span class=\"Apple-style-span\" style=\"line-height: 27px;\"><b><strong>Pokrokovos\u0165&nbsp;&nbsp;&nbsp;<\/strong><i>(Progressiveness)<\/i><\/b><\/span><\/span><\/p>\n<p><span style=\"color: #000000; font-size: small;\"><b>pokrokovos\u0165 v pr\u00edstupoch a v navrhovan\u00fdch rie\u0161eniach ako z\u00e1klad pre rie\u0161enie aj t\u00fdch najv\u00e4\u010d\u0161\u00edch v\u00fdziev<\/b><\/span><\/p>\n<\/td>\n<\/tr>\n<tr style=\"height: 60px;\" valign=\"top\">\n<td style=\"background-image: url('http:\/\/www.alocons.com\/portal\/wp-content\/uploads\/ALO_DARK-raster_CERV06-50.gif'); border: 6px solid #ffffff;\"><img loading=\"lazy\" decoding=\"async\" src=\"http:\/\/www.alocons.com\/portal\/wp-content\/uploads\/pumerle-MAG.gif\" alt=\"pumerle-MAG\" width=\"13\" height=\"13\"><\/td>\n<td style=\"background-image: url('http:\/\/www.alocons.com\/portal\/wp-content\/uploads\/ALO_DARK-raster_CERV06-10.gif'); border: 6px solid #ffffff;\">\n<p><span style=\"color: #000000; font-size: medium;\"><span class=\"Apple-style-span\" style=\"line-height: 27px;\"><b><strong>T\u00edmov\u00fd duch&nbsp;&nbsp;&nbsp;<\/strong><i>(Teaming)<\/i><\/b><\/span><\/span><\/p>\n<p><span style=\"color: #000000; font-size: small;\"><b>t\u00edmov\u00fd duch v pr\u00e1ci aj v spolo\u010denskom \u017eivote ako predpoklad synergick\u00e9ho vyu\u017eitia schopnost\u00ed v\u0161etk\u00fdch jednotlivcov<\/b><\/span><\/p>\n<\/td>\n<\/tr>\n<tr style=\"height: 60px;\" valign=\"top\">\n<td style=\"background-image: url('http:\/\/www.alocons.com\/portal\/wp-content\/uploads\/ALO_DARK-raster_FIAL13-50.gif'); border: 6px solid #ffffff;\"><img loading=\"lazy\" decoding=\"async\" src=\"http:\/\/www.alocons.com\/portal\/wp-content\/uploads\/pumerle-MAG.gif\" alt=\"pumerle-MAG\" width=\"13\" height=\"13\"><\/td>\n<td style=\"background-image: url('http:\/\/www.alocons.com\/portal\/wp-content\/uploads\/ALO_DARK-raster_FIAL13-10.gif'); border: 6px solid #ffffff;\">\n<p><span style=\"color: #000000; font-size: medium;\"><span class=\"Apple-style-span\" style=\"line-height: 27px;\"><b><strong>Vynaliezavos\u0165&nbsp;&nbsp;&nbsp;<\/strong><i>(Ingenuity)<\/i><\/b><\/span><\/span><\/p>\n<p><span style=\"color: #000000; font-size: small;\"><b>vynaliezavos\u0165 pri kladen\u00ed ot\u00e1zok a h\u013eadan\u00ed odpoved\u00ed ako z\u00e1klad pre n\u00e1jdenie optim\u00e1lnych a nov\u00fdch rie\u0161en\u00ed<\/b><\/span><\/p>\n<\/td>\n<\/tr>\n<tr style=\"height: 60px;\" valign=\"top\">\n<td style=\"background-image: url('http:\/\/www.alocons.com\/portal\/wp-content\/uploads\/ALO_DARK-raster_SVMO20-50.gif'); border: 6px solid #ffffff;\"><img loading=\"lazy\" decoding=\"async\" src=\"http:\/\/www.alocons.com\/portal\/wp-content\/uploads\/pumerle-MAG.gif\" alt=\"pumerle-MAG\" width=\"13\" height=\"13\"><\/td>\n<td style=\"background-image: url('http:\/\/www.alocons.com\/portal\/wp-content\/uploads\/ALO_DARK-raster_SVMO20-10.gif'); border: 6px solid #ffffff;\">\n<p><span style=\"color: #000000; font-size: medium;\"><span class=\"Apple-style-span\" style=\"line-height: 27px;\"><b><strong>Pru\u017enos\u0165&nbsp;&nbsp;&nbsp;<\/strong><i>(Flexibility)<\/i><\/b><\/span><\/span><\/p>\n<p><span style=\"color: #000000; font-size: small;\"><b>pru\u017enos\u0165 v ch\u00e1pan\u00ed potrieb na\u0161ich klientov a meniacich sa okrajov\u00fdch podmienok ako z\u00e1klad pre n\u00e1jdenie realizovate\u013en\u00fdch a \u00faspe\u0161n\u00fdch rie\u0161en\u00ed<\/b><\/span><\/p>\n<\/td>\n<\/tr>\n<tr style=\"height: 60px;\" valign=\"top\">\n<td style=\"background-image: url('http:\/\/www.alocons.com\/portal\/wp-content\/uploads\/ALO_DARK-raster_MODR18-50.gif'); border: 6px solid #ffffff;\"><img loading=\"lazy\" decoding=\"async\" src=\"http:\/\/www.alocons.com\/portal\/wp-content\/uploads\/pumerle-MAG.gif\" alt=\"pumerle-MAG\" width=\"13\" height=\"13\"><\/td>\n<td style=\"background-image: url('http:\/\/www.alocons.com\/portal\/wp-content\/uploads\/ALO_DARK-raster_MODR18-10.gif'); border: 6px solid #ffffff;\">\n<p><span style=\"color: #000000; font-size: medium;\"><span class=\"Apple-style-span\" style=\"line-height: 27px;\"><b><strong>Empatia &nbsp;&nbsp;<\/strong><i>(Empathy)<\/i><\/b><\/span><\/span><\/p>\n<p><span style=\"color: #000000; font-size: small;\"><b>empatia vo\u010di na\u0161im klientom, partnerom a vo\u010di sebe navz\u00e1jom ako predpoklad efekt\u00edvnej t\u00edmovej spolupr\u00e1ce<\/b><\/span><\/p>\n<\/td>\n<\/tr>\n<tr style=\"height: 60px;\" valign=\"top\">\n<td style=\"background-image: url('http:\/\/www.alocons.com\/portal\/wp-content\/uploads\/ALO_DARK-raster_TYRK22-50.gif'); border: 6px solid #ffffff;\"><img loading=\"lazy\" decoding=\"async\" src=\"http:\/\/www.alocons.com\/portal\/wp-content\/uploads\/pumerle-MAG.gif\" alt=\"pumerle-MAG\" width=\"13\" height=\"13\"><\/td>\n<td style=\"background-image: url('http:\/\/www.alocons.com\/portal\/wp-content\/uploads\/ALO_DARK-raster_TYRK22-10.gif'); border: 6px solid #ffffff;\">\n<p><span style=\"color: #000000; font-size: medium;\"><span class=\"Apple-style-span\" style=\"line-height: 27px;\"><b><strong>Asertivita &nbsp;&nbsp;<\/strong><i>(Assertiveness)<\/i><\/b><\/span><\/span><\/p>\n<p><span style=\"color: #000000; font-size: small;\"><b style=\"line-height: normal;\">asertivita pri interakcii s na\u0161imi klientami, partnermi a v r\u00e1mci na\u0161ich t\u00edmov ako z\u00e1klad primeran\u00e9ho sp\u00f4sobu vyjadrovania pocitov, n\u00e1zorov a potrieb s cie\u013eom vytovri\u0165 priestor pre efekt\u00edvnu, otvoren\u00fa a pre v\u0161etk\u00fdch z\u00fa\u010dastnen\u00fdch kalkulovate\u013en\u00fa komunik\u00e1ciu a konanie<\/b><\/span><\/p>\n<\/td>\n<\/tr>\n<tr style=\"height: 60px;\" valign=\"top\">\n<td style=\"background-image: url('http:\/\/www.alocons.com\/portal\/wp-content\/uploads\/ALO_DARK-raster_SVZE29-50.gif'); border: 6px solid #ffffff;\"><img loading=\"lazy\" decoding=\"async\" src=\"http:\/\/www.alocons.com\/portal\/wp-content\/uploads\/pumerle-MAG.gif\" alt=\"pumerle-MAG\" width=\"13\" height=\"13\"><\/td>\n<td style=\"background-image: url('http:\/\/www.alocons.com\/portal\/wp-content\/uploads\/ALO_DARK-raster_SVZE29-10.gif'); border: 6px solid #ffffff;\">\n<p><span style=\"color: #000000; font-size: medium;\"><span class=\"Apple-style-span\" style=\"line-height: 27px;\"><b><strong>Iniciat\u00edvnos\u0165&nbsp;&nbsp;&nbsp;<\/strong><i>(Leadership)<\/i><\/b><\/span><\/span><\/p>\n<p><span style=\"color: #000000; font-size: small;\"><b>iniciat\u00edvnos\u0165 a ved\u00face postavenie pri h\u013eadan\u00ed rie\u0161en\u00ed ako z\u00e1klad trvale udr\u017eate\u013enej podpory na\u0161ich klientov<\/b><\/span><\/p>\n<\/td>\n<\/tr>\n<\/tbody>\n<\/table>\n<\/td>\n<\/tr>\n<\/tbody>\n<\/table>\n<\/td>\n<td style=\"width: 162px;\" align=\"left\" valign=\"top\">&nbsp;<\/td>\n<\/tr>\n<\/tbody>\n<\/table>\n<p><!-- koniec vizie --><\/p>\n<p><!-- koniec tabelatorov --><\/p>\n<p><span class=\"Apple-style-span\" style=\"font-size: 12px; line-height: 18px;\">&nbsp;<\/span><\/p>\n","protected":false},"excerpt":{"rendered":"<p>M\u00e1me konkr\u00e9tnu predstavu o ide\u00e1lnych vlastnostiach, ktor\u00e9 n\u00e1m a na\u0161im klientom pom\u00f4\u017eu k trvale udr\u017eate\u013en\u00e9mu podnikaniu. Na\u0161u firemn\u00fa kult\u00faru a vn\u00fatorn\u00e9 procesy nastavujeme tak, aby sme ich dosiahli a zachovali\u2026 Ako jednotlivci aj ako cel\u00e1 firma.&nbsp; &nbsp; &nbsp;&nbsp;&nbsp; Otvorenos\u0165&nbsp;&nbsp;&nbsp;(Openness) otvorenos\u0165 k n\u00e1zoru in\u00fdch, k nov\u00fdm my\u0161lienkam a vo vlastnom konan\u00ed \u2026 <a class=\"continue-reading-link\" href=\"https:\/\/www.alocons.com\/?page_id=4030\">Viac <span class=\"meta-nav\">&rarr; <\/span><\/a><\/p>\n","protected":false},"author":1,"featured_media":0,"parent":2599,"menu_order":0,"comment_status":"closed","ping_status":"closed","template":"","meta":{"ngg_post_thumbnail":0,"footnotes":""},"class_list":["post-4030","page","type-page","status-publish","hentry"],"_links":{"self":[{"href":"https:\/\/www.alocons.com\/index.php?rest_route=\/wp\/v2\/pages\/4030","targetHints":{"allow":["GET"]}}],"collection":[{"href":"https:\/\/www.alocons.com\/index.php?rest_route=\/wp\/v2\/pages"}],"about":[{"href":"https:\/\/www.alocons.com\/index.php?rest_route=\/wp\/v2\/types\/page"}],"author":[{"embeddable":true,"href":"https:\/\/www.alocons.com\/index.php?rest_route=\/wp\/v2\/users\/1"}],"replies":[{"embeddable":true,"href":"https:\/\/www.alocons.com\/index.php?rest_route=%2Fwp%2Fv2%2Fcomments&post=4030"}],"version-history":[{"count":13,"href":"https:\/\/www.alocons.com\/index.php?rest_route=\/wp\/v2\/pages\/4030\/revisions"}],"predecessor-version":[{"id":7488,"href":"https:\/\/www.alocons.com\/index.php?rest_route=\/wp\/v2\/pages\/4030\/revisions\/7488"}],"up":[{"embeddable":true,"href":"https:\/\/www.alocons.com\/index.php?rest_route=\/wp\/v2\/pages\/2599"}],"wp:attachment":[{"href":"https:\/\/www.alocons.com\/index.php?rest_route=%2Fwp%2Fv2%2Fmedia&parent=4030"}],"curies":[{"name":"wp","href":"https:\/\/api.w.org\/{rel}","templated":true}]}}