{"id":3467,"date":"2013-06-01T01:20:06","date_gmt":"2013-05-31T23:20:06","guid":{"rendered":"http:\/\/www.atx.sk\/alocons\/portal\/alocons4\/?page_id=3467"},"modified":"2013-08-11T20:32:25","modified_gmt":"2013-08-11T18:32:25","slug":"zelena-budova","status":"publish","type":"page","link":"https:\/\/www.alocons.com\/?page_id=3467","title":{"rendered":"Zelen\u00e1 budova"},"content":{"rendered":"<table border=\"1\" cellspacing=\"0\" cellpadding=\"0\">\n<tbody>\n<tr>\n<td valign=\"top\">\n<p><span style=\"font-size: medium;\"><strong><span style=\"color: #99cc00;\">Zelen\u00e1 budova je synonymom pre trvale udr\u017eate\u013en\u00fa budovu.:<\/span><\/strong><\/span><\/p>\n<\/td>\n<td style=\"width: 162px;\" align=\"left\" valign=\"top\"><b><img loading=\"lazy\" decoding=\"async\" class=\"alignnone size-full wp-image-1965\" alt=\"alo-MARK_C-blue22\" src=\"http:\/\/www.alocons.com\/portal\/wp-content\/uploads\/alo-MARK_C-blue22.png\" width=\"126\" height=\"10\" srcset=\"https:\/\/www.alocons.com\/portal\/wp-content\/uploads\/alo-MARK_C-blue22.png 126w, https:\/\/www.alocons.com\/portal\/wp-content\/uploads\/alo-MARK_C-blue22-125x10.png 125w\" sizes=\"auto, (max-width: 126px) 100vw, 126px\" \/><\/b><\/td>\n<\/tr>\n<tr>\n<td valign=\"top\" width=\"643\">\n<table style=\"border-width: 0px; border-style: solid;\" border=\"0\" cellspacing=\"0\" cellpadding=\"0\">\n<tbody>\n<tr valign=\"top\">\n<td colspan=\"3\"><strong>Trval\u00e1 udr\u017eate\u013enos\u0165 je:<\/strong><\/td>\n<\/tr>\n<tr style=\"height: 60px;\" valign=\"top\">\n<td style=\"width: 20px;\"><img loading=\"lazy\" decoding=\"async\" class=\"alignnone size-full wp-image-3738\" alt=\"pumerle-TYRK\" src=\"http:\/\/www.alocons.com\/portal\/wp-content\/uploads\/pumerle-TYRK.gif\" width=\"13\" height=\"13\" \/><\/td>\n<td style=\"text-align: justify; width: 130px; background-color: #f5f5f5; border-width: 6px; border-color: #ffffff; border-style: solid;\" colspan=\"2\"><span style=\"color: #333333; font-family: verdana, geneva;\">schopnos\u0165 uspokojova\u0165 potreby bez toho, aby to bolo na \u00fakor uspokojovania bud\u00facich potrieb <em>(Brundtland)<\/em><\/span><\/td>\n<\/tr>\n<tr style=\"height: 60px;\" valign=\"top\">\n<td style=\"width: 20px;\"><img loading=\"lazy\" decoding=\"async\" alt=\"pumerle-TYRK\" src=\"http:\/\/www.alocons.com\/portal\/wp-content\/uploads\/pumerle-TYRK.gif\" width=\"13\" height=\"13\" \/><\/td>\n<td style=\"text-align: justify; width: 130px; background-color: #f5f5f5; border-width: 6px; border-color: #ffffff; border-style: solid;\" colspan=\"3\"><span style=\"color: #333333; font-family: verdana, geneva;\">stav komplexn\u00e9ho dynamick\u00e9ho syst\u00e9mu, v\u00a0ktorom m\u00f4\u017ee syst\u00e9m neust\u00e1le prosperova\u0165 bez toho, aby to viedlo k\u00a0jeho vn\u00fatorn\u00e9mu kolapsu alebo aby si to vy\u017eadovalo vstupy spoza definovan\u00fdch hran\u00edc syst\u00e9mu <em>(\u00a9EXCEPT)<\/em>.<\/span><\/td>\n<\/tr>\n<\/tbody>\n<\/table>\n<\/td>\n<td style=\"width: 162px;\" align=\"left\" valign=\"top\"><b>\u00a0<\/b><\/td>\n<\/tr>\n<\/tbody>\n<\/table>\n<table style=\"height: 202px; ;width: 802px;\" border=\"0\" cellspacing=\"0\" cellpadding=\"0\" align=\"right\">\n<tbody>\n<tr>\n<td style=\"background-image: url('http:\/\/www.alocons.com\/portal\/wp-content\/uploads\/ALO_DARK-raster_SEDA.gif');\" align=\"right\" valign=\"bottom\"><img decoding=\"async\" alt=\"alo_pict-zelene-budovy_04a_71\" src=\"http:\/\/www.alocons.com\/portal\/wp-content\/blogs.dir\/1\/files\/pict4x200_71\/thumbs\/thumbs_alo_pict-zelene-budovy_04a_71.jpg\" \/>\u00a0<img decoding=\"async\" alt=\"alo_pict-zelene-budovy_04b71\" src=\"http:\/\/www.alocons.com\/portal\/wp-content\/blogs.dir\/1\/files\/pict4x200_71\/thumbs\/thumbs_alo_pict-zelene-budovy_04b71.jpg\" \/>\u00a0<img decoding=\"async\" alt=\"alo_pict-zelene-budovy_04c71\" src=\"http:\/\/www.alocons.com\/portal\/wp-content\/blogs.dir\/1\/files\/pict4x200_71\/thumbs\/thumbs_alo_pict-zelene-budovy_04c71.jpg\" \/>\u00a0<img decoding=\"async\" alt=\"alo_pict-zelene-budovy_04d71\" src=\"http:\/\/www.alocons.com\/portal\/wp-content\/blogs.dir\/1\/files\/pict4x200_71\/thumbs\/thumbs_alo_pict-zelene-budovy_04d71.jpg\" \/><\/td>\n<\/tr>\n<\/tbody>\n<\/table>\n<table border=\"1\" cellspacing=\"0\" cellpadding=\"0\">\n<tbody>\n<tr>\n<td style=\"text-align: justify; width: 643px;\" valign=\"top\">\n<p><span style=\"font-size: medium;\"><strong><span style=\"color: #444444;\">Na hodnotenie trvalej udr\u017eate\u013enosti budovy sa pou\u017e\u00edvaj\u00fa medzin\u00e1rodn\u00e9 certifika\u010dn\u00e9 syst\u00e9my trvalej udr\u017eate\u013enosti :<\/span><\/strong><\/span><\/p>\n<table style=\"border-width: 0px; border-style: solid;\" border=\"0\" cellspacing=\"0\" cellpadding=\"0\">\n<tbody>\n<tr style=\"height: 60px;\" valign=\"top\">\n<td style=\"width: 20px;\">\u00a0<\/td>\n<td style=\"text-align: right; width: 130px; border-width: 6px; border-color: #ffffff; border-style: solid;\"><span class=\"Apple-style-span\" style=\"font-family: Georgia, 'Bitstream Charter', serif; font-size: medium; color: #008000;\"><strong><a href=\"http:\/\/www.breeam.org\/podpage.jsp?id=367\"><span>BREEAM<sup>\u00ae<\/sup><\/span><\/a><\/strong><\/span><\/td>\n<td style=\"background-image: url('http:\/\/www.alocons.com\/portal\/wp-content\/uploads\/bg_svseda.gif');\"><a href=\"http:\/\/www.alocons.com\/portal\/wp-content\/uploads\/BREEAM-Logo_SHD.png\"><img loading=\"lazy\" decoding=\"async\" class=\"alignnone size-full wp-image-4244\" alt=\"BREEAM-Logo_SHD\" src=\"http:\/\/www.alocons.com\/portal\/wp-content\/uploads\/BREEAM-Logo_SHD.png\" width=\"80\" height=\"80\" srcset=\"https:\/\/www.alocons.com\/portal\/wp-content\/uploads\/BREEAM-Logo_SHD.png 200w, https:\/\/www.alocons.com\/portal\/wp-content\/uploads\/BREEAM-Logo_SHD-150x150.png 150w, https:\/\/www.alocons.com\/portal\/wp-content\/uploads\/BREEAM-Logo_SHD-125x125.png 125w\" sizes=\"auto, (max-width: 80px) 100vw, 80px\" \/><\/a><\/td>\n<\/tr>\n<tr style=\"height: 60px;\" valign=\"top\">\n<td style=\"width: 20px;\">\u00a0<\/td>\n<td style=\"text-align: right; width: 130px; border-width: 6px; border-color: #ffffff; border-style: solid;\"><span class=\"Apple-style-span\" style=\"font-family: Georgia, 'Bitstream Charter', serif; font-size: medium; color: #008000;\"><strong><a href=\"http:\/\/www.usgbc.org\/leed\/rating-systems\"><span>LEED<sup>\u00ae<\/sup><\/span><\/a><\/strong><\/span><\/td>\n<td style=\"background-image: url('http:\/\/www.alocons.com\/portal\/wp-content\/uploads\/bg_svseda.gif');\"><a href=\"http:\/\/www.alocons.com\/portal\/wp-content\/uploads\/LEED-Logo_SHD.png\"><img loading=\"lazy\" decoding=\"async\" class=\"alignnone size-full wp-image-4245\" alt=\"LEED-Logo_SHD\" src=\"http:\/\/www.alocons.com\/portal\/wp-content\/uploads\/LEED-Logo_SHD.png\" width=\"80\" height=\"80\" srcset=\"https:\/\/www.alocons.com\/portal\/wp-content\/uploads\/LEED-Logo_SHD.png 200w, https:\/\/www.alocons.com\/portal\/wp-content\/uploads\/LEED-Logo_SHD-150x150.png 150w, https:\/\/www.alocons.com\/portal\/wp-content\/uploads\/LEED-Logo_SHD-125x125.png 125w\" sizes=\"auto, (max-width: 80px) 100vw, 80px\" \/><\/a><\/td>\n<\/tr>\n<tr style=\"height: 60px;\" valign=\"top\">\n<td style=\"width: 20px;\">\u00a0<\/td>\n<td style=\"text-align: right; width: 130px; border-width: 6px; border-color: #ffffff; border-style: solid;\"><span class=\"Apple-style-span\" style=\"font-family: Georgia, 'Bitstream Charter', serif; font-size: medium; color: #008000;\"><strong><a href=\"http:\/\/www.dgnb-system.de\/de\/system\/zertifizierungssystem\/\"><span>DGNB<sup>\u00ae<\/sup><\/span><\/a><\/strong><\/span><\/td>\n<td style=\"background-image: url('http:\/\/www.alocons.com\/portal\/wp-content\/uploads\/bg_svseda.gif');\"><a href=\"http:\/\/www.alocons.com\/portal\/wp-content\/uploads\/DGNB-Logo_SHD.png\"><img loading=\"lazy\" decoding=\"async\" class=\"alignnone size-full wp-image-4246\" alt=\"DGNB-Logo_SHD\" src=\"http:\/\/www.alocons.com\/portal\/wp-content\/uploads\/DGNB-Logo_SHD.png\" width=\"80\" height=\"80\" srcset=\"https:\/\/www.alocons.com\/portal\/wp-content\/uploads\/DGNB-Logo_SHD.png 200w, https:\/\/www.alocons.com\/portal\/wp-content\/uploads\/DGNB-Logo_SHD-150x150.png 150w, https:\/\/www.alocons.com\/portal\/wp-content\/uploads\/DGNB-Logo_SHD-125x125.png 125w\" sizes=\"auto, (max-width: 80px) 100vw, 80px\" \/><\/a><\/td>\n<\/tr>\n<\/tbody>\n<\/table>\n<\/td>\n<td style=\"width: 162px;\" align=\"left\" valign=\"top\"><b><span style=\"color: #444444;\">\u00a0<\/span><\/b><\/td>\n<\/tr>\n<tr>\n<td style=\"text-align: justify;\" valign=\"top\" width=\"643\">\n<hr \/>\n<p><span><strong><span style=\"font-size: large;\">* |\u00a0<\/span><span style=\"font-size: medium;\"> Vz\u0165ahy medzi jednotliv\u00fdmi kateg\u00f3riami :<\/span><\/strong><\/span><\/p>\n<table style=\"border-width: 0px; border-style: solid;\" border=\"0\" cellspacing=\"0\" cellpadding=\"0\">\n<tbody>\n<tr style=\"height: 60px;\" valign=\"top\">\n<td style=\"background-image: url('http:\/\/www.alocons.com\/portal\/wp-content\/uploads\/ALO_DARK-raster_CERV.gif'); border-width: 6px; border-color: #ffffff; border-style: solid;\" colspan=\"3\"><span><span><img loading=\"lazy\" decoding=\"async\" alt=\"pumerle-MAG\" src=\"http:\/\/www.alocons.com\/portal\/wp-content\/uploads\/pumerle-MAG.gif\" width=\"13\" height=\"13\" \/>\u00a0\u00a0<span style=\"color: #800000;\">Vz\u0165ah medzi <strong>energetickou hospod\u00e1rnos\u0165ou a\u00a0trvalou udr\u017eate\u013enos\u0165ou budovy<\/strong> je vysvetlen\u00fd podrobnej\u0161ie<\/span><span>\u00a0<\/span><\/span><\/span>\u00a0<a href=\"http:\/\/www.alocons.com\/portal\/?p=3486\">[\u00a0<img loading=\"lazy\" decoding=\"async\" alt=\"LINK-mark_GREEN\" src=\"http:\/\/www.alocons.com\/portal\/wp-content\/uploads\/LINK-mark_GREEN.gif\" width=\"13\" height=\"13\" \/>\u00a0TU]<\/a>\u00a0<\/td>\n<\/tr>\n<tr style=\"height: 60px;\" valign=\"top\">\n<td style=\"background-image: url('http:\/\/www.alocons.com\/portal\/wp-content\/uploads\/ALO_DARK-raster_CERV.gif'); border-width: 6px; border-color: #ffffff; border-style: solid;\" colspan=\"3\"><span><span><img loading=\"lazy\" decoding=\"async\" alt=\"pumerle-MAG\" src=\"http:\/\/www.alocons.com\/portal\/wp-content\/uploads\/pumerle-MAG.gif\" width=\"13\" height=\"13\" \/>\u00a0 \u00a0<span style=\"color: #800000;\">Vz\u0165ah medzi <strong>inteligentnou budovou a\u00a0trvalou udr\u017eate\u013enos\u0165ou budovy\u00a0<\/strong>je vysvetlen\u00fd podrobnej\u0161ie<em>\u00a0\u00a0<\/em><\/span><\/span><\/span><a href=\"http:\/\/www.alocons.com\/portal\/?p=3488\">[\u00a0<img loading=\"lazy\" decoding=\"async\" alt=\"LINK-mark_GREEN\" src=\"http:\/\/www.alocons.com\/portal\/wp-content\/uploads\/LINK-mark_GREEN.gif\" width=\"13\" height=\"13\" \/>\u00a0TU]<\/a><\/td>\n<\/tr>\n<tr style=\"height: 60px;\" valign=\"top\">\n<td style=\"background-image: url('http:\/\/www.alocons.com\/portal\/wp-content\/uploads\/ALO_DARK-raster_CERV.gif'); border-width: 6px; border-color: #ffffff; border-style: solid;\" colspan=\"3\"><span><span><strong><img loading=\"lazy\" decoding=\"async\" alt=\"pumerle-MAG\" src=\"http:\/\/www.alocons.com\/portal\/wp-content\/uploads\/pumerle-MAG.gif\" width=\"13\" height=\"13\" \/>\u00a0 \u00a0<span style=\"color: #800000;\">Pr\u00edpadov\u00fa \u0161t\u00fadiu World Green Building Council<\/span><\/strong><span style=\"color: #800000;\"> o\u00a0zelen\u00fdch budov\u00e1ch n\u00e1jdete<\/span><\/span><\/span><a href=\"http:\/\/www.alocons.com\/portal\/?p=4446\">\u00a0\u00a0[\u00a0<img loading=\"lazy\" decoding=\"async\" alt=\"LINK-mark_GREEN\" src=\"http:\/\/www.alocons.com\/portal\/wp-content\/uploads\/LINK-mark_GREEN.gif\" width=\"13\" height=\"13\" \/>\u00a0TU]\u00a0<\/a><\/td>\n<\/tr>\n<\/tbody>\n<\/table>\n<\/td>\n<td style=\"width: 162px;\" align=\"left\" valign=\"top\">\u00a0<\/td>\n<\/tr>\n<\/tbody>\n<\/table>\n","protected":false},"excerpt":{"rendered":"<p>Zelen\u00e1 budova je synonymom pre trvale udr\u017eate\u013en\u00fa budovu.: Trval\u00e1 udr\u017eate\u013enos\u0165 je: schopnos\u0165 uspokojova\u0165 potreby bez toho, aby to bolo na \u00fakor uspokojovania bud\u00facich potrieb (Brundtland) stav komplexn\u00e9ho dynamick\u00e9ho syst\u00e9mu, v\u00a0ktorom m\u00f4\u017ee syst\u00e9m neust\u00e1le prosperova\u0165 bez toho, aby to viedlo k\u00a0jeho vn\u00fatorn\u00e9mu kolapsu alebo aby si to vy\u017eadovalo vstupy spoza definovan\u00fdch \u2026 <a class=\"continue-reading-link\" href=\"https:\/\/www.alocons.com\/?page_id=3467\">Viac <span class=\"meta-nav\">&rarr; <\/span><\/a><\/p>\n","protected":false},"author":1,"featured_media":0,"parent":3358,"menu_order":15,"comment_status":"closed","ping_status":"closed","template":"","meta":{"ngg_post_thumbnail":0,"footnotes":""},"class_list":["post-3467","page","type-page","status-publish","hentry"],"_links":{"self":[{"href":"https:\/\/www.alocons.com\/index.php?rest_route=\/wp\/v2\/pages\/3467","targetHints":{"allow":["GET"]}}],"collection":[{"href":"https:\/\/www.alocons.com\/index.php?rest_route=\/wp\/v2\/pages"}],"about":[{"href":"https:\/\/www.alocons.com\/index.php?rest_route=\/wp\/v2\/types\/page"}],"author":[{"embeddable":true,"href":"https:\/\/www.alocons.com\/index.php?rest_route=\/wp\/v2\/users\/1"}],"replies":[{"embeddable":true,"href":"https:\/\/www.alocons.com\/index.php?rest_route=%2Fwp%2Fv2%2Fcomments&post=3467"}],"version-history":[{"count":11,"href":"https:\/\/www.alocons.com\/index.php?rest_route=\/wp\/v2\/pages\/3467\/revisions"}],"predecessor-version":[{"id":6640,"href":"https:\/\/www.alocons.com\/index.php?rest_route=\/wp\/v2\/pages\/3467\/revisions\/6640"}],"up":[{"embeddable":true,"href":"https:\/\/www.alocons.com\/index.php?rest_route=\/wp\/v2\/pages\/3358"}],"wp:attachment":[{"href":"https:\/\/www.alocons.com\/index.php?rest_route=%2Fwp%2Fv2%2Fmedia&parent=3467"}],"curies":[{"name":"wp","href":"https:\/\/api.w.org\/{rel}","templated":true}]}}