{"id":3466,"date":"2013-06-01T01:19:56","date_gmt":"2013-05-31T23:19:56","guid":{"rendered":"http:\/\/www.atx.sk\/alocons\/portal\/alocons4\/?page_id=3466"},"modified":"2015-09-17T17:26:11","modified_gmt":"2015-09-17T15:26:11","slug":"porovnanie-energetickej-certifikacie-a-energetickeho-auditu","status":"publish","type":"page","link":"https:\/\/www.alocons.com\/?page_id=3466","title":{"rendered":"Porovnanie energetickej certifik\u00e1cie a energetick\u00e9ho auditu"},"content":{"rendered":"<table border=\"1\" cellspacing=\"0\" cellpadding=\"0\">\n<tbody>\n<tr>\n<td style=\"width: 643px; height: 450px; text-align: justify;\" valign=\"top\">\n<p><span style=\"color: #888888; font-size: medium;\"><strong>Hlavn\u00e9 rozdiely s\u00fa nasledovn\u00e9 :<\/strong><\/span><\/p>\n<table border=\"1\" cellspacing=\"0\" cellpadding=\"0\">\n<tbody>\n<tr>\n<td style=\"width: 284px; height: 60px; background-color: #009999;\">\n<p align=\"center\"><span style=\"font-size: medium; color: #000000;\"><strong>Energetick\u00e1 certifik\u00e1cia<\/strong><\/span><\/p>\n<\/td>\n<td style=\"width: 284px; height: 60px; background-color: #3399cc;\">\n<p align=\"center\"><span style=\"font-size: medium; color: #ffffff;\"><strong>Energetick\u00fd audit<\/strong><\/span><\/p>\n<\/td>\n<\/tr>\n<tr>\n<td style=\"background-color: #b0e0e6; border: 6px solid #ffffff;\">\n<p style=\"text-align: right;\"><strong><span style=\"font-size: small; color: #333333;\">hodnot\u00ed sa energetick\u00e1 hospod\u00e1rnos\u0165 budovy na z\u00e1klade normalizovan\u00fdch klimatick\u00fdch a\u00a0prev\u00e1dzkov\u00fdch podmienok<\/span><\/strong><\/p>\n<\/td>\n<td style=\"background-color: #87ceeb; border: 6px solid #ffffff;\">\n<p style=\"text-align: left;\"><strong><span style=\"font-size: small; color: #ffffff;\">hodnot\u00ed sa energetick\u00e1 n\u00e1ro\u010dnos\u0165 a\u00a0efekt\u00edvnos\u0165 spotreby energie pri v\u00fdrobe za konkr\u00e9tnych klimatick\u00fdch a\u00a0prev\u00e1dzkov\u00fdch podmienok<\/span><\/strong><\/p>\n<\/td>\n<\/tr>\n<tr>\n<td style=\"background-color: #b0e0e6; border: 6px solid #ffffff;\">\n<p style=\"text-align: right;\"><strong><span style=\"font-size: small; color: #333333;\">v\u00fdsledkom je zaradenie budovy do energetickej triedy<\/span><\/strong><\/p>\n<\/td>\n<td style=\"background-color: #87ceeb; border: 6px solid #ffffff;\">\n<p style=\"text-align: left;\"><strong><span style=\"font-size: small; color: #ffffff;\">v\u00fdsledkom je s\u00fabor opatren\u00ed na zv\u00fd\u0161enie efekt\u00edvnosti spotreby energie<\/span><\/strong><\/p>\n<\/td>\n<\/tr>\n<tr>\n<td style=\"background-color: #b0e0e6; border: 6px solid #ffffff;\">\n<p style=\"text-align: right;\"><strong><span style=\"font-size: small; color: #333333;\">certifik\u00e1cia sa rob\u00ed pre nov\u00fa budovu a\u00a0v\u017edy, ke\u010f d\u00f4jde k\u00a0jej v\u00fdznamnej obnove alebo ke\u010f budova nem\u00e1 platn\u00fd energetick\u00fd certifik\u00e1t &#8211;\u00a0platnos\u0165 certifik\u00e1tu je najviac 10 rokov<\/span><\/strong><\/p>\n<\/td>\n<td style=\"background-color: #87ceeb; border: 6px solid #ffffff;\">\n<p style=\"text-align: left;\"><strong><span style=\"font-size: small; color: #ffffff;\">audit sa m\u00e1 robi\u0165 prinajmen\u0161om ka\u017ed\u00e9 4\u00a0roky<\/span><\/strong><\/p>\n<\/td>\n<\/tr>\n<tr>\n<td style=\"background-color: #b0e0e6; border: 6px solid #ffffff;\">\n<p style=\"text-align: right;\"><strong><span style=\"font-size: small; color: #333333;\">je povinn\u00e1 takmer pre v\u0161etky budovy s v\u00fdnimkou v\u00fdrobn\u00fdch budov<\/span><\/strong><\/p>\n<\/td>\n<td style=\"background-color: #87ceeb; border: 6px solid #ffffff;\">\n<p style=\"text-align: left;\"><strong><span style=\"font-size: small; color: #ffffff;\">je povinn\u00e1 pre ve\u013ek\u00e9 podniky; za\u00a0ve\u013ek\u00e9 podniky sa pova\u017euj\u00fa aj prepojen\u00e9 a partnersk\u00e9 podniky, ke\u010f konsolidovan\u00e9\u00a0parametre sp\u013a\u0148aj\u00fa charakteristiku ve\u013ek\u00e9ho podniku.<\/span><\/strong><\/p>\n<\/td>\n<\/tr>\n<\/tbody>\n<\/table>\n<\/td>\n<td style=\"width: 162px;\" align=\"left\" valign=\"top\"><b><b><img loading=\"lazy\" decoding=\"async\" src=\"http:\/\/www.alocons.com\/portal\/wp-content\/uploads\/alo-MARK_C-blue22.png\" alt=\"alo-MARK_C-blue22\" width=\"126\" height=\"10\" \/><\/b><\/b><\/td>\n<\/tr>\n<\/tbody>\n<\/table>\n","protected":false},"excerpt":{"rendered":"<p>Hlavn\u00e9 rozdiely s\u00fa nasledovn\u00e9 : Energetick\u00e1 certifik\u00e1cia Energetick\u00fd audit hodnot\u00ed sa energetick\u00e1 hospod\u00e1rnos\u0165 budovy na z\u00e1klade normalizovan\u00fdch klimatick\u00fdch a\u00a0prev\u00e1dzkov\u00fdch podmienok hodnot\u00ed sa energetick\u00e1 n\u00e1ro\u010dnos\u0165 a\u00a0efekt\u00edvnos\u0165 spotreby energie pri v\u00fdrobe za konkr\u00e9tnych klimatick\u00fdch a\u00a0prev\u00e1dzkov\u00fdch podmienok v\u00fdsledkom je zaradenie budovy do energetickej triedy v\u00fdsledkom je s\u00fabor opatren\u00ed na zv\u00fd\u0161enie efekt\u00edvnosti spotreby energie \u2026 <a class=\"continue-reading-link\" href=\"https:\/\/www.alocons.com\/?page_id=3466\">Viac <span class=\"meta-nav\">&rarr; <\/span><\/a><\/p>\n","protected":false},"author":1,"featured_media":0,"parent":3465,"menu_order":0,"comment_status":"closed","ping_status":"closed","template":"","meta":{"ngg_post_thumbnail":0,"footnotes":""},"class_list":["post-3466","page","type-page","status-publish","hentry"],"_links":{"self":[{"href":"https:\/\/www.alocons.com\/index.php?rest_route=\/wp\/v2\/pages\/3466","targetHints":{"allow":["GET"]}}],"collection":[{"href":"https:\/\/www.alocons.com\/index.php?rest_route=\/wp\/v2\/pages"}],"about":[{"href":"https:\/\/www.alocons.com\/index.php?rest_route=\/wp\/v2\/types\/page"}],"author":[{"embeddable":true,"href":"https:\/\/www.alocons.com\/index.php?rest_route=\/wp\/v2\/users\/1"}],"replies":[{"embeddable":true,"href":"https:\/\/www.alocons.com\/index.php?rest_route=%2Fwp%2Fv2%2Fcomments&post=3466"}],"version-history":[{"count":6,"href":"https:\/\/www.alocons.com\/index.php?rest_route=\/wp\/v2\/pages\/3466\/revisions"}],"predecessor-version":[{"id":7251,"href":"https:\/\/www.alocons.com\/index.php?rest_route=\/wp\/v2\/pages\/3466\/revisions\/7251"}],"up":[{"embeddable":true,"href":"https:\/\/www.alocons.com\/index.php?rest_route=\/wp\/v2\/pages\/3465"}],"wp:attachment":[{"href":"https:\/\/www.alocons.com\/index.php?rest_route=%2Fwp%2Fv2%2Fmedia&parent=3466"}],"curies":[{"name":"wp","href":"https:\/\/api.w.org\/{rel}","templated":true}]}}