{"id":3464,"date":"2013-06-01T01:19:34","date_gmt":"2013-05-31T23:19:34","guid":{"rendered":"http:\/\/www.atx.sk\/alocons\/portal\/alocons4\/?page_id=3464"},"modified":"2013-08-11T20:21:55","modified_gmt":"2013-08-11T18:21:55","slug":"energeticka-certifikacia","status":"publish","type":"page","link":"https:\/\/www.alocons.com\/?page_id=3464","title":{"rendered":"Energetick\u00e1 certifik\u00e1cia"},"content":{"rendered":"<table border=\"1\" cellspacing=\"0\" cellpadding=\"0\">\n<tbody>\n<tr>\n<td style=\"text-align: justify; width: 643px;\" valign=\"top\">\n<p><span style=\"font-size: small;\"><strong><span style=\"font-family: verdana, geneva;\">Energetick\u00e1 certifik\u00e1cia je povinn\u00e9 hodnotenie energetickej hospod\u00e1rnosti budov zmysle Z\u00e1kona \u010d. 555\/2005 Z.z. v\u00a0znen\u00ed jeho neskor\u0161\u00edch zmien,<i> <\/i>a to<i> <\/i>v\u00a0rozsahu a\u00a0formou pod\u013ea Vyhl. MDVRR SR \u010d. 364\/2012 Z.z. Aktu\u00e1lne znenie t\u00fdchto predpisov je mo\u017en\u00e9 vyh\u013eada\u0165 na str\u00e1nke <a href=\"http:\/\/jaspi.justice.gov.sk\/jaspiw1\/jaspiw_mini_fr0.htm\">\u00a0<em><img loading=\"lazy\" decoding=\"async\" alt=\"LINK-mark_GREEN\" src=\"http:\/\/www.alocons.com\/portal\/wp-content\/uploads\/LINK-mark_GREEN.gif\" width=\"13\" height=\"13\" \/><\/em>\u00a0JASPI-WEB<\/a> postupom uveden\u00fdm v [<a href=\"http:\/\/www.alocons.com\/portal\/?page_id=3463\"> <em><img loading=\"lazy\" decoding=\"async\" alt=\"LINK-mark_GREEN\" src=\"http:\/\/www.alocons.com\/portal\/wp-content\/uploads\/LINK-mark_GREEN.gif\" width=\"13\" height=\"13\" \/>\u00a0<\/em>\u00a0 ZDROJ AKTU\u00c1LNEHO ZNENIA PREDPISOV<\/a>].<\/span><\/strong><\/span><\/p>\n<\/td>\n<td style=\"width: 162px;\" align=\"left\" valign=\"top\"><b><b><img loading=\"lazy\" decoding=\"async\" alt=\"alo-MARK_C-blue22\" src=\"http:\/\/www.alocons.com\/portal\/wp-content\/uploads\/alo-MARK_C-blue22.png\" width=\"126\" height=\"10\" \/><\/b><\/b><\/td>\n<\/tr>\n<tr>\n<td style=\"background-image: url('http:\/\/www.alocons.com\/portal\/wp-content\/uploads\/ALO_DARK-raster_ZELSEDA.gif');\" valign=\"top\">\n<p style=\"text-align: justify;\"><span style=\"font-size: small;\"><strong><span style=\"font-family: verdana, geneva;\"><span style=\"color: #99cc00; font-size: medium;\">\u00da\u010delom hodnotenia<\/span>\u00a0energetickej hospod\u00e1rnosti budov je da\u0165 stavebn\u00fdm \u00faradom, kupcom, n\u00e1jomcom a vlastn\u00edkom mo\u017enos\u0165 porovn\u00e1va\u0165 existuj\u00face budovy rovnakej kateg\u00f3rie tak, ako je to pri spotrebn\u00fdch v\u00fdrobkoch (napr. telev\u00edzoroch, chladni\u010dk\u00e1ch, pra\u010dk\u00e1ch a\u00a0pod.) a\u00a0kontrolova\u0165, \u010di sp\u013a\u0148aj\u00fa pre nich \u0161t\u00e1tom ur\u010den\u00e9 krit\u00e9ri\u00e1 hospod\u00e1rnosti.<\/span><\/strong><\/span><\/p>\n<\/td>\n<td style=\"width: 162px;\" align=\"left\" valign=\"top\"><img loading=\"lazy\" decoding=\"async\" class=\"alignnone size-full wp-image-2941\" alt=\"alo-MARK_Q-green1_resize\" src=\"http:\/\/www.alocons.com\/portal\/wp-content\/uploads\/alo-MARK_Q-green1_resize.png\" width=\"21\" height=\"21\" \/><\/td>\n<\/tr>\n<tr>\n<td valign=\"top\" width=\"643\">\n<table style=\"border-width: 0px; border-style: solid;\" border=\"0\" cellspacing=\"0\" cellpadding=\"0\">\n<tbody>\n<tr style=\"height: 60px;\" valign=\"top\">\n<td style=\"width: 20px;\"><img loading=\"lazy\" decoding=\"async\" alt=\"pumerle-MAG\" src=\"http:\/\/www.alocons.com\/portal\/wp-content\/uploads\/pumerle-MAG.gif\" width=\"13\" height=\"13\" \/><\/td>\n<td style=\"text-align: justify; width: 130px; background-color: #f5f5f5; border-width: 6px; border-color: #ffffff; border-style: solid;\" colspan=\"2\"><strong><span style=\"color: #888888;\">Pod kateg\u00f3riou sa rozumie :<\/span><\/strong><\/td>\n<\/tr>\n<tr style=\"height: 60px;\" valign=\"top\">\n<td style=\"width: 20px;\">\u00a0<\/td>\n<td style=\"width: 130px; text-align: left; border-width: 6px; border-color: #ffffff; border-style: solid;\" colspan=\"2\">\n<ul>\n<li>rodinn\u00e9 domy<\/li>\n<li>bytov\u00e9 domy<\/li>\n<li>administrat\u00edvne budovy<\/li>\n<li>budovy \u0161k\u00f4l a\u00a0\u0161kolsk\u00fdch zariaden\u00ed<\/li>\n<li>budovy nemocn\u00edc<\/li>\n<li>budovy hotelov a\u00a0re\u0161taur\u00e1ci\u00ed<\/li>\n<li>\u0161portov\u00e9 haly a\u00a0in\u00e9 budovy ur\u010den\u00e9 na \u0161port<\/li>\n<li>budovy pre ve\u013ekoobchodn\u00e9 a\u00a0maloobchodn\u00e9 slu\u017eby<\/li>\n<li>ostatn\u00e9 nev\u00fdrobn\u00e9 budovy spotrebuj\u00face energiu<\/li>\n<\/ul>\n<\/td>\n<\/tr>\n<\/tbody>\n<\/table>\n<\/td>\n<td style=\"width: 162px;\" align=\"left\" valign=\"top\">\u00a0<\/td>\n<\/tr>\n<tr>\n<td valign=\"top\" width=\"643\">\n<table style=\"border-width: 0px; border-style: solid;\" border=\"0\" cellspacing=\"0\" cellpadding=\"0\">\n<tbody>\n<tr style=\"height: 60px;\" valign=\"top\">\n<td style=\"width: 20px;\"><img loading=\"lazy\" decoding=\"async\" alt=\"pumerle-MAG\" src=\"http:\/\/www.alocons.com\/portal\/wp-content\/uploads\/pumerle-MAG.gif\" width=\"13\" height=\"13\" \/><\/td>\n<td style=\"text-align: justify; width: 130px; background-color: #f5f5f5; border-width: 6px; border-color: #ffffff; border-style: solid;\" colspan=\"2\"><strong><span style=\"color: #888888;\">Pre uveden\u00e9 kateg\u00f3rie budov je energetick\u00e1 certifik\u00e1cia povinn\u00e1, ak ide o :<\/span><\/strong><\/td>\n<\/tr>\n<tr style=\"height: 60px;\" valign=\"top\">\n<td style=\"width: 20px;\">\u00a0<\/td>\n<td style=\"width: 130px; text-align: left; border-width: 6px; border-color: #ffffff; border-style: solid;\" colspan=\"3\">\n<ul>\n<li>nov\u00e9 budovy<\/li>\n<li>v\u00fdznamne obnovovan\u00e9 budovy<\/li>\n<li>budovy s prenaj\u00edman\u00fdmi priestormi (do 31. decembra 2015 sa nevz\u0165ahuje na pren\u00e1jom bytov alebo samostatn\u00fdch \u010dasti)<\/li>\n<li>pred\u00e1van\u00e9 budovy<\/li>\n<li>budovy, v\u00a0ktor\u00fdch viac ne\u017e 250 m<sup>2<\/sup>\u00a0(500 m<sup>2\u00a0<\/sup>do 9.j\u00fala 2015) u\u017e\u00edva org\u00e1n verejnej moci a\u00a0verejnos\u0165 ich \u010dasto nav\u0161tevuje.<\/li>\n<\/ul>\n<\/td>\n<\/tr>\n<\/tbody>\n<\/table>\n<\/td>\n<td style=\"width: 162px;\" align=\"left\" valign=\"top\">\u00a0<\/td>\n<\/tr>\n<tr>\n<td style=\"background-image: url('http:\/\/www.alocons.com\/portal\/wp-content\/uploads\/ALO_DARK-raster_ZELSEDA.gif');\" valign=\"top\">\n<p><span style=\"font-size: small;\"><strong><span style=\"font-family: verdana, geneva;\"><span style=\"color: #99cc00; font-size: medium;\">Z\u00e1kladom hodnotenia<\/span> s\u00fa vstupn\u00e9 podmienky a\u00a0hodnotiace krit\u00e9ri\u00e1 ur\u010den\u00e9 Vyhl. MDVRR SR \u010d. 364\/2012 Z.z. a\u00a0vlastnosti materi\u00e1lov a\u00a0kon\u0161trukci\u00ed pod\u013ea normy STN\u00a073\u00a00540-3:2012.\u00a0Pou\u017e\u00edvaj\u00fa sa pri tom postupy uveden\u00e9 v Z\u00e1kone \u010d. 555\/2005 Z.z. v\u00a0znen\u00ed jeho neskor\u0161\u00edch zmien\u00a0a\u00a0v\u00a0s\u00fabore noriem\u00a0<a href=\"http:\/\/www.sutn.sk\/files\/Produkty_sluzby\/Subory_noriem\/Energeticka_hospodarnost_budov_2013_web.pdf\">[ <img loading=\"lazy\" decoding=\"async\" alt=\"LINK-mark_GREEN\" src=\"http:\/\/www.alocons.com\/portal\/wp-content\/uploads\/LINK-mark_GREEN.gif\" width=\"13\" height=\"13\" \/>\u00a0Ed\u00edcia EHB \u2013 TOB v\u00a0slu\u017ebe STN-online]\u00a0<\/a>.<\/span><\/strong><\/span><\/p>\n<\/td>\n<td style=\"width: 162px;\" align=\"left\" valign=\"top\">\u00a0<img loading=\"lazy\" decoding=\"async\" alt=\"alo-MARK_Q-green1_resize\" src=\"http:\/\/www.alocons.com\/portal\/wp-content\/uploads\/alo-MARK_Q-green1_resize.png\" width=\"21\" height=\"21\" \/><\/td>\n<\/tr>\n<tr>\n<td valign=\"top\" width=\"643\">\u00a0<\/td>\n<td style=\"width: 162px;\" align=\"left\" valign=\"top\">\u00a0<\/td>\n<\/tr>\n<tr>\n<td valign=\"top\" width=\"643\">\n<table style=\"border-width: 0px; border-style: solid;\" border=\"0\" cellspacing=\"0\" cellpadding=\"0\">\n<tbody>\n<tr style=\"height: 60px;\" valign=\"top\">\n<td style=\"width: 20px;\"><img loading=\"lazy\" decoding=\"async\" alt=\"pumerle-MAG\" src=\"http:\/\/www.alocons.com\/portal\/wp-content\/uploads\/pumerle-MAG.gif\" width=\"13\" height=\"13\" \/><\/td>\n<td style=\"text-align: justify; width: 130px; background-color: #f5f5f5; border-width: 6px; border-color: #ffffff; border-style: solid;\" colspan=\"2\"><strong><span style=\"color: #888888;\">Hodnotenie sa rob\u00ed po miestach spotreby :<\/span><\/strong><\/td>\n<\/tr>\n<tr style=\"height: 60px;\" valign=\"top\">\n<td style=\"width: 20px;\">\u00a0<\/td>\n<td style=\"width: 130px; text-align: left; border-width: 6px; border-color: #ffffff; border-style: solid;\" colspan=\"3\">\n<ul>\n<li>tepeln\u00e1 ochrana stavebn\u00fdch kon\u0161trukci\u00ed budov<\/li>\n<li>vykurovanie a\u00a0pr\u00edprava teplej vody<\/li>\n<li>vetranie a\u00a0klimatiz\u00e1cia (nehodnot\u00ed sa pri rodinn\u00fdch a\u00a0bytov\u00fdch domoch a\u00a0nie je ur\u010den\u00e1 porovn\u00e1vacia hodnota pre budovy \u0161k\u00f4l a\u00a0\u0161kolsk\u00fdch zariaden\u00ed a pre \u0161portov\u00e9 haly a\u00a0in\u00e9 budovy na \u0161port)<\/li>\n<li>elektroin\u0161tal\u00e1cia a\u00a0zabudovan\u00e9 osvetlenie budov (nehodnot\u00ed sa pri rodinn\u00fdch a\u00a0bytov\u00fdch domoch).<span class=\"Apple-style-span\" style=\"font-size: medium;\"><b>\u00a0<\/b><\/span><\/li>\n<\/ul>\n<\/td>\n<\/tr>\n<\/tbody>\n<\/table>\n<\/td>\n<td style=\"width: 162px;\" align=\"left\" valign=\"top\">\u00a0<\/td>\n<\/tr>\n<tr>\n<td style=\"background-image: url('http:\/\/www.alocons.com\/portal\/wp-content\/uploads\/ALO_DARK-raster_ZELSEDA.gif');\" valign=\"top\">\n<p style=\"text-align: justify;\"><span style=\"font-size: small;\"><strong><span style=\"font-family: verdana, geneva;\"><span style=\"color: #99cc00; font-size: medium;\">V\u00fdsledkom\u00a0hodnotenia<\/span> je zaradenie konkr\u00e9tnej budovy do energetickej triedy od A\u00a0a\u017e po G (A je energeticky najhospod\u00e1rnej\u0161ia trieda) pre jednotliv\u00e9 miesta spotreby ako aj celej budovy pod\u013ea potreby energie a\u00a0zaradenie celej budovy do energetickej triedy od A0, A1, B a\u017e po G pod\u013ea glob\u00e1lneho ukazovate\u013ea \u2013 prim\u00e1rna energia.<\/span><\/strong><\/span><\/p>\n<\/td>\n<td style=\"width: 162px;\" align=\"left\" valign=\"top\"><img loading=\"lazy\" decoding=\"async\" alt=\"alo-MARK_Q-green1_resize\" src=\"http:\/\/www.alocons.com\/portal\/wp-content\/uploads\/alo-MARK_Q-green1_resize.png\" width=\"21\" height=\"21\" \/>\u00a0<\/td>\n<\/tr>\n<tr>\n<td valign=\"top\" width=\"643\">\n<blockquote>\n<p style=\"text-align: justify;\"><em><span style=\"color: #999999;\"><strong><span style=\"color: #808080;\">Potreba energie<\/span><\/strong> je ro\u010dn\u00e9 mno\u017estvo energie vypo\u010d\u00edtan\u00e9 pri normalizovan\u00fdch okrajov\u00fdch podmienkach predp\u00edsan\u00fdmi v\u00fdpo\u010dtov\u00fdmi postupmi pre jednotliv\u00e9 miesta spotreby v\u00a0budove (napr. pre vykurovanie a\u00a0pr\u00edpravu teplej vody, pre vetranie a\u00a0klimatiz\u00e1ciu resp. pre osvetlenie budovy).<\/span><\/em><\/p>\n<p><em><span style=\"color: #999999;\"><strong><span style=\"color: #808080;\">Prim\u00e1rna energia<\/span><\/strong> je energia, ktor\u00e1 nepre\u0161la \u017eiadnou transform\u00e1ciou, \u010di\u017ee\u00a0\u00a0energia obsiahnut\u00e1 v\u00a0palive (napr. v plyne, uhl\u00ed, dreve, jadrovom palive a\u00a0pod.), z\u00a0ktor\u00e9ho sa vyrobila konkr\u00e9tna forma spotreb\u00favanej energie (napr. teplo, elektrina a\u00a0pod.).<\/span><\/em><\/p>\n<\/blockquote>\n<\/td>\n<td style=\"width: 162px;\" align=\"left\" valign=\"top\">\u00a0<\/td>\n<\/tr>\n<tr>\n<td valign=\"top\" width=\"643\">\u00a0<\/td>\n<td style=\"width: 162px;\" align=\"left\" valign=\"top\">\u00a0<\/td>\n<\/tr>\n<tr>\n<td style=\"background-image: url('http:\/\/www.alocons.com\/portal\/wp-content\/uploads\/ALO_DARK-raster_ZELSEDA.gif');\" valign=\"top\">\n<p style=\"text-align: justify;\"><span style=\"font-size: small;\"><strong><span style=\"font-family: verdana, geneva;\"><span style=\"color: #99cc00; font-size: medium;\">\u010eal\u0161\u00edm v\u00fdsledkom hodnotenia<\/span> je mno\u017estvo oxidu uhli\u010dit\u00e9ho emitovan\u00e9ho do ovzdu\u0161ia budovou vyjadren\u00e9 v\u00a0kg\/m<sup>2<\/sup>\u00a0podlahovej plochy budovy za jeden rok.<\/span><\/strong><\/span><\/p>\n<\/td>\n<td style=\"width: 162px;\" align=\"left\" valign=\"top\"><img loading=\"lazy\" decoding=\"async\" alt=\"alo-MARK_Q-green1_resize\" src=\"http:\/\/www.alocons.com\/portal\/wp-content\/uploads\/alo-MARK_Q-green1_resize.png\" width=\"21\" height=\"21\" \/>\u00a0<\/td>\n<\/tr>\n<tr>\n<td valign=\"top\" width=\"643\">\n<p style=\"text-align: justify;\"><span style=\"color: #99cc00;\">Hodnotenie energetickej hospod\u00e1rnosti budov sa rob\u00ed pri rovnak\u00fdch normalizovan\u00fdch klimatick\u00fdch a\u00a0prev\u00e1dzkov\u00fdch podmienkach pre v\u0161etky budovy, bez oh\u013eadu na to, v\u00a0ktorej lokalite skuto\u010dne stoja ako s\u00fa skuto\u010dne vyu\u017e\u00edvan\u00e9. Preto nemus\u00ed \u00fadaj o\u00a0spotrebe z\u00a0energetickej certifik\u00e1cie s\u00fahlasi\u0165 so skuto\u010dnou spotrebou skuto\u010dnej budovy v\u00a0konkr\u00e9tnej lokalite.<\/span><\/p>\n<p style=\"text-align: justify;\"><span style=\"color: #99cc00;\">Platnos\u0165 energetick\u00e9ho certifik\u00e1tu je najviac 10 rokov a\u00a0jeho s\u00fa\u010das\u0165ou je aj energetick\u00fd \u0161t\u00edtok, ktor\u00fd m\u00e1 vlastn\u00edk budovy povinnos\u0165 vystavi\u0165 na vidite\u013enom mieste, ak ide o\u00a0budovu, ktor\u00fa \u010dasto nav\u0161tevuje verejnos\u0165.<\/span><\/p>\n<\/td>\n<td style=\"width: 162px;\" align=\"left\" valign=\"top\">\u00a0<\/td>\n<\/tr>\n<tr>\n<td style=\"text-align: justify; width: 643px;\" valign=\"top\">\n<hr \/>\n<\/td>\n<td style=\"width: 162px;\" align=\"left\" valign=\"top\">\u00a0<\/td>\n<\/tr>\n<tr>\n<td style=\"background-image: url('http:\/\/www.alocons.com\/portal\/wp-content\/uploads\/ALO_DARK-raster_CERV.gif');\" valign=\"top\"><span style=\"color: #800000;\">Porovnanie energetickej certifik\u00e1cie a\u00a0energetick\u00e9ho auditu n\u00e1jdete\u00a0<\/span><a href=\"http:\/\/www.alocons.com\/portal\/?page_id=3466\">\u00a0[ <strong><img loading=\"lazy\" decoding=\"async\" alt=\"LINK-mark_GREEN\" src=\"http:\/\/www.alocons.com\/portal\/wp-content\/uploads\/LINK-mark_GREEN.gif\" width=\"13\" height=\"13\" \/>\u00a0<\/strong>TU]<\/a><span style=\"color: #800000;\">.<\/span><\/td>\n<td style=\"width: 162px;\" align=\"left\" valign=\"top\">\u00a0<\/td>\n<\/tr>\n<\/tbody>\n<\/table>\n","protected":false},"excerpt":{"rendered":"<p>Energetick\u00e1 certifik\u00e1cia je povinn\u00e9 hodnotenie energetickej hospod\u00e1rnosti budov zmysle Z\u00e1kona \u010d. 555\/2005 Z.z. v\u00a0znen\u00ed jeho neskor\u0161\u00edch zmien, a to v\u00a0rozsahu a\u00a0formou pod\u013ea Vyhl. MDVRR SR \u010d. 364\/2012 Z.z. Aktu\u00e1lne znenie t\u00fdchto predpisov je mo\u017en\u00e9 vyh\u013eada\u0165 na str\u00e1nke \u00a0\u00a0JASPI-WEB postupom uveden\u00fdm v [ \u00a0\u00a0 ZDROJ AKTU\u00c1LNEHO ZNENIA PREDPISOV]. \u00da\u010delom hodnotenia\u00a0energetickej hospod\u00e1rnosti \u2026 <a class=\"continue-reading-link\" href=\"https:\/\/www.alocons.com\/?page_id=3464\">Viac <span class=\"meta-nav\">&rarr; <\/span><\/a><\/p>\n","protected":false},"author":1,"featured_media":0,"parent":3358,"menu_order":11,"comment_status":"closed","ping_status":"closed","template":"","meta":{"ngg_post_thumbnail":0,"footnotes":""},"class_list":["post-3464","page","type-page","status-publish","hentry"],"_links":{"self":[{"href":"https:\/\/www.alocons.com\/index.php?rest_route=\/wp\/v2\/pages\/3464","targetHints":{"allow":["GET"]}}],"collection":[{"href":"https:\/\/www.alocons.com\/index.php?rest_route=\/wp\/v2\/pages"}],"about":[{"href":"https:\/\/www.alocons.com\/index.php?rest_route=\/wp\/v2\/types\/page"}],"author":[{"embeddable":true,"href":"https:\/\/www.alocons.com\/index.php?rest_route=\/wp\/v2\/users\/1"}],"replies":[{"embeddable":true,"href":"https:\/\/www.alocons.com\/index.php?rest_route=%2Fwp%2Fv2%2Fcomments&post=3464"}],"version-history":[{"count":5,"href":"https:\/\/www.alocons.com\/index.php?rest_route=\/wp\/v2\/pages\/3464\/revisions"}],"predecessor-version":[{"id":6615,"href":"https:\/\/www.alocons.com\/index.php?rest_route=\/wp\/v2\/pages\/3464\/revisions\/6615"}],"up":[{"embeddable":true,"href":"https:\/\/www.alocons.com\/index.php?rest_route=\/wp\/v2\/pages\/3358"}],"wp:attachment":[{"href":"https:\/\/www.alocons.com\/index.php?rest_route=%2Fwp%2Fv2%2Fmedia&parent=3464"}],"curies":[{"name":"wp","href":"https:\/\/api.w.org\/{rel}","templated":true}]}}