{"id":3360,"date":"2013-05-23T14:53:52","date_gmt":"2013-05-23T12:53:52","guid":{"rendered":"http:\/\/www.atx.sk\/alocons\/portal\/alocons4\/?page_id=3360"},"modified":"2026-03-23T04:01:00","modified_gmt":"2026-03-23T02:01:00","slug":"kontakt-2","status":"publish","type":"page","link":"https:\/\/www.alocons.com\/?page_id=3360","title":{"rendered":"KONTAKT"},"content":{"rendered":"<p>&nbsp;<\/p>\n<p><!-- poznamka - poznamka - poznamka - poznamka - poznamka - poznamka --><\/p>\n<table style=\"width: 100%;\" border=\"1\" cellspacing=\"0\" cellpadding=\"0\">\n<tbody>\n<tr>\n<td style=\"width: 76.5759%;\" valign=\"top\"><span style=\"color: #0c85cd; font-size: large;\"><strong>alocons spol. s r.o.<\/strong><\/span><\/td>\n<td style=\"width: 23.3463%;\" valign=\"top\" width=\"162\"><img loading=\"lazy\" decoding=\"async\" src=\"http:\/\/www.alocons.com\/portal\/wp-content\/uploads\/alo-MARK_C-blue22.png\" alt=\"alo-MARK_C-blue22\" width=\"126\" height=\"10\"><\/td>\n<\/tr>\n<tr>\n<td style=\"width: 76.5759%;\" valign=\"top\">\n<table border=\"0\" cellspacing=\"0\" cellpadding=\"0\">\n<tbody>\n<tr>\n<td style=\"background-color: #b0c4de;\"><span style=\"font-size: medium;\"><strong><span style=\"color: #ffffff; font-family: verdana, geneva;\">Kontakt<\/span><\/strong><\/span><\/td>\n<\/tr>\n<tr>\n<td style=\"background-image: url('http:\/\/www.alocons.com\/portal\/wp-content\/uploads\/ALO_DARK-raster.gif'); border: 6px solid #ffffff;\"><strong>adresa:&nbsp;<\/strong> Tom\u00e1\u0161ikova 19081\/28A, 821 01 &nbsp;Bratislava, Slovensko<br \/>\n<strong>GPS:&nbsp;<\/strong> 48.16915929322889, 17.148674097488318<br \/>\n<strong>e-mail:&nbsp;<\/strong>&nbsp;alocons@alocons.com<br \/>\n<strong>web:&nbsp;<\/strong> www.alocons.com&nbsp; &nbsp;<\/td>\n<\/tr>\n<\/tbody>\n<\/table>\n<\/td>\n<td style=\"width: 23.3463%;\" valign=\"top\" width=\"162\">&nbsp;<\/td>\n<\/tr>\n<tr>\n<td style=\"width: 76.5759%;\" valign=\"top\">\n<table border=\"0\" cellspacing=\"0\" cellpadding=\"0\">\n<tbody>\n<tr>\n<td style=\"background-color: #b0c4de;\"><span style=\"font-size: medium;\"><strong><span style=\"color: #ffffff; font-family: verdana, geneva;\">Obchodn\u00e9 \u00fadaje :<\/span><\/strong><\/span><\/td>\n<\/tr>\n<tr>\n<td style=\"background-image: url('http:\/\/www.alocons.com\/portal\/wp-content\/uploads\/ALO_DARK-raster.gif'); border: 6px solid #ffffff;\"><strong>alocons spol. s r.o.&nbsp;<\/strong> (registrov\u00fd s\u00fad je Mestsk\u00fd s\u00fad Bratislava III, oddiel Sro, vlo\u017eka \u010d.84974\/B)<br \/>\n<strong>I\u010cO:&nbsp;<\/strong>&nbsp;46884173,<br \/>\n<strong>DI\u010c:<\/strong>&nbsp; 2023640443<br \/>\n<strong>banka:&nbsp;<\/strong>&nbsp;Slovensk\u00e1 sporite\u013e\u0148a 5033580593\/0900<br \/>\n<strong>IBAN:&nbsp;<\/strong>&nbsp;SK1409000000005033580593<br \/>\n<strong>BIC:&nbsp;<\/strong> GIBASKBX&nbsp; &nbsp;<\/td>\n<\/tr>\n<\/tbody>\n<\/table>\n<\/td>\n<td style=\"width: 23.3463%;\" valign=\"top\" width=\"162\">&nbsp;<\/td>\n<\/tr>\n<tr>\n<td style=\"width: 76.5759%;\" valign=\"top\">\n<table style=\"height: 70px;\" border=\"0\" cellspacing=\"0\" cellpadding=\"0\">\n<tbody>\n<tr style=\"height: 30px;\">\n<td style=\"background-color: #b0c4de; height: 30px; width: 199px;\"><span style=\"font-size: medium;\"><strong><span style=\"color: #ffffff; font-family: verdana, geneva;\">&nbsp;Konate\u013e spolo\u010dnosti :<\/span><\/strong><\/span><\/td>\n<\/tr>\n<tr style=\"height: 40px;\">\n<td style=\"background-image: url('http:\/\/www.alocons.com\/portal\/wp-content\/uploads\/ALO_DARK-raster.gif'); border: 6px solid #ffffff; height: 40px; width: 199px;\">&nbsp;<strong>Ing. Ladislav Pir\u0161el&nbsp;<\/strong><\/td>\n<\/tr>\n<\/tbody>\n<\/table>\n<\/td>\n<td style=\"width: 23.3463%;\" valign=\"top\" width=\"162\">\n<p>&nbsp;<\/p>\n<\/td>\n<\/tr>\n<\/tbody>\n<\/table>\n<p style=\"text-align: justify;\"><span style=\"font-size: small;\"><strong><span style=\"color: #808080; font-family: verdana, geneva;\">S\u00eddlo spolo\u010dnosti :<\/span><\/strong><\/span><\/p>\n<h3><span class=\"Apple-style-span\" style=\"font-size: 13px; line-height: 19px; color: #444444;\"><a href=\"http:\/\/maps.google.sk\/maps?f=q&amp;source=embed&amp;hl=en&amp;geocode=&amp;q=Lombardiniho+22%2FB,+831+03+Bratislava,+Slovensko&amp;aq=&amp;sll=48.135866,17.115917&amp;sspn=0.392257,0.97023&amp;t=h&amp;ie=UTF8&amp;hq=&amp;hnear=Lombardiniho+22,+831+03+Bratislava&amp;ll=48.171803,17.135707&amp;spn=0.006125,0.01516&amp;z=14\">View Larger Map<\/a><\/span><\/h3>\n<p><iframe loading=\"lazy\" src=\"http:\/\/maps.google.sk\/maps?f=q&amp;source=s_q&amp;hl=en&amp;geocode=&amp;q=Lombardiniho+22%2FB,+831+03+Bratislava,+Slovensko&amp;aq=&amp;sll=48.135866,17.115917&amp;sspn=0.392257,0.97023&amp;t=h&amp;ie=UTF8&amp;hq=&amp;hnear=Lombardiniho+22,+831+03+Bratislava&amp;ll=48.171803,17.135707&amp;spn=0.006125,0.01516&amp;z=14&amp;output=embed\" width=\"425\" height=\"350\" frameborder=\"0\" marginwidth=\"0\" marginheight=\"0\" scrolling=\"no\"><\/iframe><\/p>\n<p><small><a style=\"color: #0000ff; text-align: left;\" href=\"http:\/\/maps.google.sk\/maps?f=q&amp;source=embed&amp;hl=en&amp;geocode=&amp;q=Lombardiniho+22%2FB,+831+03+Bratislava,+Slovensko&amp;aq=&amp;sll=48.135866,17.115917&amp;sspn=0.392257,0.97023&amp;t=h&amp;ie=UTF8&amp;hq=&amp;hnear=Lombardiniho+22,+831+03+Bratislava&amp;ll=48.171803,17.135707&amp;spn=0.006125,0.01516&amp;z=14\">View Larger Map<\/a><\/small><\/p>\n","protected":false},"excerpt":{"rendered":"<p>&nbsp; alocons spol. s r.o. Kontakt adresa:&nbsp; Tom\u00e1\u0161ikova 19081\/28A, 821 01 &nbsp;Bratislava, Slovensko GPS:&nbsp; 48.16915929322889, 17.148674097488318 e-mail:&nbsp;&nbsp;alocons@alocons.com web:&nbsp; www.alocons.com&nbsp; &nbsp; &nbsp; Obchodn\u00e9 \u00fadaje : alocons spol. s r.o.&nbsp; (registrov\u00fd s\u00fad je Mestsk\u00fd s\u00fad Bratislava III, oddiel Sro, vlo\u017eka \u010d.84974\/B) I\u010cO:&nbsp;&nbsp;46884173, DI\u010c:&nbsp; 2023640443 banka:&nbsp;&nbsp;Slovensk\u00e1 sporite\u013e\u0148a 5033580593\/0900 IBAN:&nbsp;&nbsp;SK1409000000005033580593 BIC:&nbsp; GIBASKBX&nbsp; &nbsp; &nbsp; \u2026 <a class=\"continue-reading-link\" href=\"https:\/\/www.alocons.com\/?page_id=3360\">Viac <span class=\"meta-nav\">&rarr; <\/span><\/a><\/p>\n","protected":false},"author":1,"featured_media":0,"parent":0,"menu_order":21,"comment_status":"closed","ping_status":"closed","template":"","meta":{"ngg_post_thumbnail":0,"footnotes":""},"class_list":["post-3360","page","type-page","status-publish","hentry"],"_links":{"self":[{"href":"https:\/\/www.alocons.com\/index.php?rest_route=\/wp\/v2\/pages\/3360","targetHints":{"allow":["GET"]}}],"collection":[{"href":"https:\/\/www.alocons.com\/index.php?rest_route=\/wp\/v2\/pages"}],"about":[{"href":"https:\/\/www.alocons.com\/index.php?rest_route=\/wp\/v2\/types\/page"}],"author":[{"embeddable":true,"href":"https:\/\/www.alocons.com\/index.php?rest_route=\/wp\/v2\/users\/1"}],"replies":[{"embeddable":true,"href":"https:\/\/www.alocons.com\/index.php?rest_route=%2Fwp%2Fv2%2Fcomments&post=3360"}],"version-history":[{"count":13,"href":"https:\/\/www.alocons.com\/index.php?rest_route=\/wp\/v2\/pages\/3360\/revisions"}],"predecessor-version":[{"id":7759,"href":"https:\/\/www.alocons.com\/index.php?rest_route=\/wp\/v2\/pages\/3360\/revisions\/7759"}],"wp:attachment":[{"href":"https:\/\/www.alocons.com\/index.php?rest_route=%2Fwp%2Fv2%2Fmedia&parent=3360"}],"curies":[{"name":"wp","href":"https:\/\/api.w.org\/{rel}","templated":true}]}}