{"id":3278,"date":"2013-05-23T12:45:31","date_gmt":"2013-05-23T10:45:31","guid":{"rendered":"http:\/\/www.atx.sk\/alocons\/portal\/alocons4\/?page_id=3278"},"modified":"2017-08-26T20:11:58","modified_gmt":"2017-08-26T18:11:58","slug":"7_aktivity-pre-podporu-trvalej-udrzatelnosti-a-zvysovanie-efektivnosti-prevadzky-nehnutelnosti","status":"publish","type":"page","link":"https:\/\/www.alocons.com\/?page_id=3278","title":{"rendered":"Aktivity pre podporu trvalej udr\u017eate\u013enosti a zvy\u0161ovanie efekt\u00edvnosti prev\u00e1dzky nehnute\u013enost\u00ed"},"content":{"rendered":"<table border=\"1\" cellspacing=\"0\" cellpadding=\"0\">\n<tbody>\n<tr>\n<td style=\"width: 643px; background-image: url('http:\/\/www.alocons.com\/portal\/wp-content\/uploads\/ALO_DARK-raster_TMFI16-10.gif');\" valign=\"top\">\n<p style=\"text-align: justify;\"><span style=\"font-size: small; color: #888888;\"><strong><span style=\"font-family: verdana, geneva;\">Ako doplnok k&nbsp;slu\u017eb\u00e1m viazan\u00fdm na konkr\u00e9tnu nehnute\u013enos\u0165 alebo projekt klienta, pon\u00fakame aj \u010fal\u0161ie slu\u017eby zo skupiny ostatn\u00fdch podporn\u00fdch aktiv\u00edt:<\/span><\/strong><\/span><\/p>\n<\/td>\n<td style=\"width: 162px; background-image: url('http:\/\/www.alocons.com\/portal\/wp-content\/uploads\/ALO_DARK-raster_TMFI16-50.gif');\" align=\"left\" valign=\"top\"><img loading=\"lazy\" decoding=\"async\" class=\"alignleft\" src=\"http:\/\/www.alocons.com\/portal\/wp-content\/uploads\/pumerle-MAG.gif\" alt=\"pumerle-MAG\" width=\"21\" height=\"21\">&nbsp;<\/td>\n<\/tr>\n<tr>\n<td style=\"width: 643px;\" valign=\"top\">&nbsp;<\/td>\n<td style=\"width: 162px;\" align=\"left\" valign=\"top\">&nbsp;<\/td>\n<\/tr>\n<tr>\n<td style=\"text-align: justify; width: 643px; height: 375px; border: 6px solid #f5f5f5;\" valign=\"top\">\n<ul>\n<li>\n<p><em>\u0161kolenia projektov\u00fdch mana\u017e\u00e9rov, rozpo\u010dt\u00e1rov a&nbsp;stavbyved\u00facich o&nbsp;po\u017eiadavk\u00e1ch na postupy pre zabezpe\u010denie \u00faspe\u0161nej certifik\u00e1cie stavby pod\u013ea medzin\u00e1rodn\u00fdch certifika\u010dn\u00fdch syst\u00e9mov BREEAM<sup>\u00ae<\/sup> International a LEED<sup>\u00ae<\/sup>,<\/em><\/p>\n<\/li>\n<li>\n<p><em>\u0161kolenia pracovn\u00edkov stavebn\u00fdch \u00faradov o&nbsp;po\u017eiadavk\u00e1ch na energetick\u00fa hospod\u00e1rnos\u0165,<\/em><\/p>\n<\/li>\n<li>\n<p><em>\u0161kolenia pracovn\u00edkov stavebn\u00fdch \u00faradov o&nbsp;po\u017eiadavk\u00e1ch na trval\u00fa udr\u017eate\u013enos\u0165,<\/em><\/p>\n<\/li>\n<li>\n<p><em>prieskumy a&nbsp;hodnotenia stavu vn\u00fatorn\u00e9ho prostredia v&nbsp;budove a&nbsp;ich vplyvu na zdravie a&nbsp;v\u00fdkonnos\u0165 ich u\u017e\u00edvate\u013eov,<\/em><\/p>\n<\/li>\n<li>\n<p><em>predn\u00e1\u0161ky, \u0161kolenia, mimo\u0161kolsk\u00e9 vzdel\u00e1vanie a&nbsp;tvorba pom\u00f4cok pre efekt\u00edvnu a&nbsp;trvale udr\u017eate\u013en\u00fa v\u00fdstavbu a&nbsp;prev\u00e1dzku nehnute\u013enost\u00ed,<\/em><\/p>\n<\/li>\n<li>\n<p><em>kvalifikovan\u00e9 odborn\u00e9 preklady technick\u00fdch noriem, \u0161tandardov, predpisov a&nbsp;dokument\u00e1cie a&nbsp;podpora pre expertn\u00e9 \u010dinnosti znalcov a&nbsp;aud\u00edtorov.<\/em><\/p>\n<\/li>\n<\/ul>\n<\/td>\n<td style=\"width: 162px;\" align=\"left\" valign=\"top\">\n<p><span class=\"Apple-style-span\" style=\"font-weight: 800;\"><b><i><b><img loading=\"lazy\" decoding=\"async\" class=\"alignleft\" src=\"http:\/\/www.alocons.com\/portal\/wp-content\/uploads\/alo-logo_new_01d-01.png\" alt=\"alo-logo_new_01d-01\" width=\"126\" height=\"45\"><\/b><\/i><\/b>&nbsp;<\/span><\/p>\n<\/td>\n<\/tr>\n<\/tbody>\n<\/table>\n","protected":false},"excerpt":{"rendered":"<p>Ako doplnok k&nbsp;slu\u017eb\u00e1m viazan\u00fdm na konkr\u00e9tnu nehnute\u013enos\u0165 alebo projekt klienta, pon\u00fakame aj \u010fal\u0161ie slu\u017eby zo skupiny ostatn\u00fdch podporn\u00fdch aktiv\u00edt: &nbsp; &nbsp; &nbsp; \u0161kolenia projektov\u00fdch mana\u017e\u00e9rov, rozpo\u010dt\u00e1rov a&nbsp;stavbyved\u00facich o&nbsp;po\u017eiadavk\u00e1ch na postupy pre zabezpe\u010denie \u00faspe\u0161nej certifik\u00e1cie stavby pod\u013ea medzin\u00e1rodn\u00fdch certifika\u010dn\u00fdch syst\u00e9mov BREEAM\u00ae International a LEED\u00ae, \u0161kolenia pracovn\u00edkov stavebn\u00fdch \u00faradov o&nbsp;po\u017eiadavk\u00e1ch na energetick\u00fa \u2026 <a class=\"continue-reading-link\" href=\"https:\/\/www.alocons.com\/?page_id=3278\">Viac <span class=\"meta-nav\">&rarr; <\/span><\/a><\/p>\n","protected":false},"author":1,"featured_media":0,"parent":3214,"menu_order":17,"comment_status":"closed","ping_status":"closed","template":"","meta":{"ngg_post_thumbnail":0,"footnotes":""},"class_list":["post-3278","page","type-page","status-publish","hentry"],"_links":{"self":[{"href":"https:\/\/www.alocons.com\/index.php?rest_route=\/wp\/v2\/pages\/3278","targetHints":{"allow":["GET"]}}],"collection":[{"href":"https:\/\/www.alocons.com\/index.php?rest_route=\/wp\/v2\/pages"}],"about":[{"href":"https:\/\/www.alocons.com\/index.php?rest_route=\/wp\/v2\/types\/page"}],"author":[{"embeddable":true,"href":"https:\/\/www.alocons.com\/index.php?rest_route=\/wp\/v2\/users\/1"}],"replies":[{"embeddable":true,"href":"https:\/\/www.alocons.com\/index.php?rest_route=%2Fwp%2Fv2%2Fcomments&post=3278"}],"version-history":[{"count":5,"href":"https:\/\/www.alocons.com\/index.php?rest_route=\/wp\/v2\/pages\/3278\/revisions"}],"predecessor-version":[{"id":7596,"href":"https:\/\/www.alocons.com\/index.php?rest_route=\/wp\/v2\/pages\/3278\/revisions\/7596"}],"up":[{"embeddable":true,"href":"https:\/\/www.alocons.com\/index.php?rest_route=\/wp\/v2\/pages\/3214"}],"wp:attachment":[{"href":"https:\/\/www.alocons.com\/index.php?rest_route=%2Fwp%2Fv2%2Fmedia&parent=3278"}],"curies":[{"name":"wp","href":"https:\/\/api.w.org\/{rel}","templated":true}]}}