{"id":3277,"date":"2013-05-23T12:42:37","date_gmt":"2013-05-23T10:42:37","guid":{"rendered":"http:\/\/www.atx.sk\/alocons\/portal\/alocons4\/?page_id=3277"},"modified":"2013-08-11T20:05:22","modified_gmt":"2013-08-11T18:05:22","slug":"6_poskytovanie-expertov","status":"publish","type":"page","link":"https:\/\/www.alocons.com\/?page_id=3277","title":{"rendered":"Poskytovanie expertov"},"content":{"rendered":"<table border=\"1\" cellspacing=\"0\" cellpadding=\"0\">\n<tbody>\n<tr>\n<td style=\"width: 643px; background-image: url('http:\/\/www.alocons.com\/portal\/wp-content\/uploads\/ALO_DARK-raster_FIAL13-10.gif');\" valign=\"top\">\n<p style=\"text-align: justify;\"><span style=\"font-size: small; color: #888888;\"><strong><span style=\"font-family: verdana, geneva;\">S\u00fa situ\u00e1cie, ke\u010f klienti nechc\u00fa, aby sa inform\u00e1cie z\u00a0ich firmy vyn\u00e1\u0161ali do vonkaj\u0161ieho prostredia, a\u00a0to aj napriek tomu, \u017ee d\u00f4vernos\u0165 by sa dala dosiahnu\u0165 aj z\u00e1v\u00e4zkom ml\u010danlivosti medzi firmami. To je d\u00f4vod na anga\u017eovanie expertov po dobu trvania konkr\u00e9tneho projektu zav\u00e1dzania mana\u017e\u00e9rskeho syst\u00e9mu. \u010eal\u0161\u00edm d\u00f4vodom je po\u017eiadavka, aby sa t\u00edm expertov s\u00fastredil len na projekt r\u00fdchleho zavedenia mana\u017e\u00e9rskeho syst\u00e9mu u jedn\u00e9ho konkr\u00e9tneho klienta a\/alebo aby detailne poznal denn\u00fd re\u017eim, firemn\u00fa kult\u00faru a\u00a0procesy klienta.<\/span><\/strong><\/span><\/p>\n<\/td>\n<td style=\"width: 162px; background-image: url('http:\/\/www.alocons.com\/portal\/wp-content\/uploads\/ALO_DARK-raster_FIAL13-50.gif');\" align=\"left\" valign=\"top\"><img loading=\"lazy\" decoding=\"async\" class=\"alignnone\" alt=\"pumerle-MAG\" src=\"http:\/\/www.alocons.com\/portal\/wp-content\/uploads\/pumerle-MAG.gif\" width=\"21\" height=\"21\" \/><\/td>\n<\/tr>\n<tr>\n<td style=\"text-align: justify; width: 643px;\" valign=\"top\">\u00a0<\/td>\n<td style=\"width: 162px;\" align=\"left\" valign=\"top\">\u00a0<\/td>\n<\/tr>\n<tr>\n<td style=\"text-align: justify; width: 643px; background-color: #f5f5f5; border-width: 6px; border-color: #f5f5f5; border-style: solid;\" valign=\"middle\"><span style=\"color: #888888;\"><strong><span style=\"font-size: medium; font-family: verdana, geneva;\">Na\u0161im rie\u0161en\u00edm v\u00a0takejto situ\u00e1cii je, poskytnutie expertov:<\/span><\/strong><\/span><\/td>\n<td style=\"width: 162px;\" rowspan=\"2\" align=\"left\" valign=\"top\"><span class=\"Apple-style-span\" style=\"font-weight: 800;\"><b><b><b><b><b><b><b><i><b><img loading=\"lazy\" decoding=\"async\" class=\"alignleft\" alt=\"alo-logo_new_01d-01\" src=\"http:\/\/www.alocons.com\/portal\/wp-content\/uploads\/alo-logo_new_01d-01.png\" width=\"126\" height=\"45\" \/><\/b><\/i><\/b><\/b><\/b><\/b><\/b><\/b><\/b><\/span><b><\/b>\u00a0<\/td>\n<\/tr>\n<tr>\n<td style=\"width: 643px; height: 325px; border-width: 6px; border-color: #f5f5f5; border-style: solid;\" valign=\"top\">\n<ul>\n<li>\n<p><em>pre zavedenie mana\u017e\u00e9rskeho syst\u00e9mu riadenia spotreby energie v\u00a0zmysle STN EN ISO 50001<\/em><\/p>\n<\/li>\n<li>\n<p><em>pre zavedenie trvale udr\u017eate\u013enej prev\u00e1dzky nehnute\u013enost\u00ed v\u00a0zmysle medzin\u00e1rodn\u00fdch certifika\u010dn\u00fdch syst\u00e9mov BREEAM<sup>\u00ae<\/sup> a LEED<sup>\u00ae<\/sup><\/em><\/p>\n<\/li>\n<li>\n<p><em>pre zavedenie efekt\u00edvnej prev\u00e1dzky nehnute\u013enosti v\u00a0zmysle radu noriem STN EN 15221<\/em>\u00a0<\/p>\n<\/li>\n<\/ul>\n<\/td>\n<\/tr>\n<tr>\n<td valign=\"top\" width=\"643\">\n<p style=\"text-align: right;\">\u00a0<\/p>\n<\/td>\n<td style=\"width: 162px;\" align=\"left\" valign=\"top\">\u00a0<\/td>\n<\/tr>\n<\/tbody>\n<\/table>\n","protected":false},"excerpt":{"rendered":"<p>S\u00fa situ\u00e1cie, ke\u010f klienti nechc\u00fa, aby sa inform\u00e1cie z\u00a0ich firmy vyn\u00e1\u0161ali do vonkaj\u0161ieho prostredia, a\u00a0to aj napriek tomu, \u017ee d\u00f4vernos\u0165 by sa dala dosiahnu\u0165 aj z\u00e1v\u00e4zkom ml\u010danlivosti medzi firmami. To je d\u00f4vod na anga\u017eovanie expertov po dobu trvania konkr\u00e9tneho projektu zav\u00e1dzania mana\u017e\u00e9rskeho syst\u00e9mu. \u010eal\u0161\u00edm d\u00f4vodom je po\u017eiadavka, aby sa t\u00edm \u2026 <a class=\"continue-reading-link\" href=\"https:\/\/www.alocons.com\/?page_id=3277\">Viac <span class=\"meta-nav\">&rarr; <\/span><\/a><\/p>\n","protected":false},"author":1,"featured_media":0,"parent":3214,"menu_order":16,"comment_status":"closed","ping_status":"closed","template":"","meta":{"ngg_post_thumbnail":0,"footnotes":""},"class_list":["post-3277","page","type-page","status-publish","hentry"],"_links":{"self":[{"href":"https:\/\/www.alocons.com\/index.php?rest_route=\/wp\/v2\/pages\/3277","targetHints":{"allow":["GET"]}}],"collection":[{"href":"https:\/\/www.alocons.com\/index.php?rest_route=\/wp\/v2\/pages"}],"about":[{"href":"https:\/\/www.alocons.com\/index.php?rest_route=\/wp\/v2\/types\/page"}],"author":[{"embeddable":true,"href":"https:\/\/www.alocons.com\/index.php?rest_route=\/wp\/v2\/users\/1"}],"replies":[{"embeddable":true,"href":"https:\/\/www.alocons.com\/index.php?rest_route=%2Fwp%2Fv2%2Fcomments&post=3277"}],"version-history":[{"count":2,"href":"https:\/\/www.alocons.com\/index.php?rest_route=\/wp\/v2\/pages\/3277\/revisions"}],"predecessor-version":[{"id":6766,"href":"https:\/\/www.alocons.com\/index.php?rest_route=\/wp\/v2\/pages\/3277\/revisions\/6766"}],"up":[{"embeddable":true,"href":"https:\/\/www.alocons.com\/index.php?rest_route=\/wp\/v2\/pages\/3214"}],"wp:attachment":[{"href":"https:\/\/www.alocons.com\/index.php?rest_route=%2Fwp%2Fv2%2Fmedia&parent=3277"}],"curies":[{"name":"wp","href":"https:\/\/api.w.org\/{rel}","templated":true}]}}