{"id":3276,"date":"2013-05-23T12:42:28","date_gmt":"2013-05-23T10:42:28","guid":{"rendered":"http:\/\/www.atx.sk\/alocons\/portal\/alocons4\/?page_id=3276"},"modified":"2013-08-11T20:06:41","modified_gmt":"2013-08-11T18:06:41","slug":"5_zavadzanie-manazerskych-systemov-pre-nehnutelnosti","status":"publish","type":"page","link":"https:\/\/www.alocons.com\/?page_id=3276","title":{"rendered":"Zav\u00e1dzanie mana\u017e\u00e9rskych syst\u00e9mov pre nehnute\u013enosti"},"content":{"rendered":"<table border=\"1\" cellspacing=\"0\" cellpadding=\"0\">\n<tbody>\n<tr>\n<td style=\"width: 643px; background-image: url('http:\/\/www.alocons.com\/portal\/wp-content\/uploads\/ALO_DARK-raster_BORD10-10.gif');\" valign=\"top\">\n<p style=\"text-align: justify;\"><span style=\"font-size: small; color: #888888;\"><strong><span style=\"font-family: verdana, geneva;\">Zavedenie mana\u017e\u00e9rskeho syst\u00e9mu je prostriedkom na vytvorenie poriadku, adresnosti, kontrolovate\u013enosti a merate\u013enosti v\u00a0prev\u00e1dzkov\u00fdch procesoch a\u00a0na implement\u00e1ciu met\u00f3d neust\u00e1leho zlep\u0161ovania. Pr\u00ednosom dobre zaveden\u00fdch mana\u017e\u00e9rskych syst\u00e9mov je zv\u00fd\u0161enie efekt\u00edvnosti riadenia a\u00a0zn\u00ed\u017eenie n\u00e1kladov.<\/span><\/strong><\/span><\/p>\n<\/td>\n<td style=\"width: 162px; background-image: url('http:\/\/www.alocons.com\/portal\/wp-content\/uploads\/ALO_DARK-raster_BORD10-50.gif');\" align=\"left\" valign=\"top\"><img loading=\"lazy\" decoding=\"async\" class=\"alignleft\" alt=\"pumerle-MAG\" src=\"http:\/\/www.alocons.com\/portal\/wp-content\/uploads\/pumerle-MAG.gif\" width=\"21\" height=\"21\" \/><\/td>\n<\/tr>\n<tr>\n<td style=\"text-align: justify; width: 643px;\" valign=\"top\">\u00a0<\/td>\n<td style=\"width: 162px;\" align=\"left\" valign=\"top\">\u00a0<\/td>\n<\/tr>\n<tr>\n<td style=\"text-align: justify; width: 643px; background-color: #f5f5f5; border-width: 6px; border-color: #f5f5f5; border-style: solid;\" valign=\"bottom\">\n<p><strong><span style=\"font-size: medium; font-family: verdana, geneva;\">Na\u0161im klientom poskytujeme:<\/span><\/strong><\/p>\n<\/td>\n<td style=\"width: 162px;\" rowspan=\"2\" align=\"left\" valign=\"top\"><b><b><b><b><b><b><b><i><b><img loading=\"lazy\" decoding=\"async\" class=\"alignleft\" alt=\"alo-logo_new_01d-01\" src=\"http:\/\/www.alocons.com\/portal\/wp-content\/uploads\/alo-logo_new_01d-01.png\" width=\"126\" height=\"45\" \/><\/b><\/i><\/b><\/b><\/b><\/b><\/b><\/b><\/b>\u00a0<\/td>\n<\/tr>\n<tr>\n<td style=\"width: 643px; height: 350px; border-width: 6px; border-color: #f5f5f5; border-style: solid;\" valign=\"top\">\n<ul>\n<li>\n<p><em>zavedenie mana\u017e\u00e9rskeho syst\u00e9mu pre riadenie spotreby energie v\u00a0zmysle STN EN ISO 50001<\/em><\/p>\n<\/li>\n<li>\n<p><em>zavedenie mana\u017e\u00e9rskeho syst\u00e9mu pre riadenie prev\u00e1dzky nehnute\u013enosti \u2013 facility management pod\u013ea radu noriem STN EN 15221\u00a0<\/em><\/p>\n<\/li>\n<\/ul>\n<\/td>\n<\/tr>\n<tr>\n<td valign=\"top\" width=\"643\">\n<p style=\"text-align: right;\">\u00a0<\/p>\n<\/td>\n<td style=\"width: 162px;\" align=\"left\" valign=\"top\">\u00a0<\/td>\n<\/tr>\n<tr>\n<td valign=\"top\" width=\"643\">\u00a0<\/td>\n<td style=\"width: 162px;\" align=\"left\" valign=\"top\"><b>\u00a0<\/b><\/td>\n<\/tr>\n<\/tbody>\n<\/table>\n","protected":false},"excerpt":{"rendered":"<p>Zavedenie mana\u017e\u00e9rskeho syst\u00e9mu je prostriedkom na vytvorenie poriadku, adresnosti, kontrolovate\u013enosti a merate\u013enosti v\u00a0prev\u00e1dzkov\u00fdch procesoch a\u00a0na implement\u00e1ciu met\u00f3d neust\u00e1leho zlep\u0161ovania. Pr\u00ednosom dobre zaveden\u00fdch mana\u017e\u00e9rskych syst\u00e9mov je zv\u00fd\u0161enie efekt\u00edvnosti riadenia a\u00a0zn\u00ed\u017eenie n\u00e1kladov. \u00a0 \u00a0 Na\u0161im klientom poskytujeme: \u00a0 zavedenie mana\u017e\u00e9rskeho syst\u00e9mu pre riadenie spotreby energie v\u00a0zmysle STN EN ISO 50001 zavedenie mana\u017e\u00e9rskeho \u2026 <a class=\"continue-reading-link\" href=\"https:\/\/www.alocons.com\/?page_id=3276\">Viac <span class=\"meta-nav\">&rarr; <\/span><\/a><\/p>\n","protected":false},"author":1,"featured_media":0,"parent":3214,"menu_order":15,"comment_status":"closed","ping_status":"closed","template":"","meta":{"ngg_post_thumbnail":0,"footnotes":""},"class_list":["post-3276","page","type-page","status-publish","hentry"],"_links":{"self":[{"href":"https:\/\/www.alocons.com\/index.php?rest_route=\/wp\/v2\/pages\/3276","targetHints":{"allow":["GET"]}}],"collection":[{"href":"https:\/\/www.alocons.com\/index.php?rest_route=\/wp\/v2\/pages"}],"about":[{"href":"https:\/\/www.alocons.com\/index.php?rest_route=\/wp\/v2\/types\/page"}],"author":[{"embeddable":true,"href":"https:\/\/www.alocons.com\/index.php?rest_route=\/wp\/v2\/users\/1"}],"replies":[{"embeddable":true,"href":"https:\/\/www.alocons.com\/index.php?rest_route=%2Fwp%2Fv2%2Fcomments&post=3276"}],"version-history":[{"count":2,"href":"https:\/\/www.alocons.com\/index.php?rest_route=\/wp\/v2\/pages\/3276\/revisions"}],"predecessor-version":[{"id":6765,"href":"https:\/\/www.alocons.com\/index.php?rest_route=\/wp\/v2\/pages\/3276\/revisions\/6765"}],"up":[{"embeddable":true,"href":"https:\/\/www.alocons.com\/index.php?rest_route=\/wp\/v2\/pages\/3214"}],"wp:attachment":[{"href":"https:\/\/www.alocons.com\/index.php?rest_route=%2Fwp%2Fv2%2Fmedia&parent=3276"}],"curies":[{"name":"wp","href":"https:\/\/api.w.org\/{rel}","templated":true}]}}