{"id":3186,"date":"2013-05-21T00:50:42","date_gmt":"2013-05-20T22:50:42","guid":{"rendered":"http:\/\/www.atx.sk\/alocons\/portal\/alocons4\/?page_id=3186"},"modified":"2017-09-09T02:56:02","modified_gmt":"2017-09-09T00:56:02","slug":"cyklus-nehnutelnosti","status":"publish","type":"page","link":"https:\/\/www.alocons.com\/?page_id=3186","title":{"rendered":"CYKLUS NEHNUTE\u013dNOST\u00cd"},"content":{"rendered":"<table border=\"1\" cellspacing=\"0\" cellpadding=\"0\">\n<tbody>\n<tr>\n<td style=\"text-align: justify; width: 643px;\" valign=\"top\">\n<p><span style=\"font-family: verdana, geneva; font-size: medium;\"><strong><span style=\"color: #808080;\">Nehnute\u013enos\u0165\/budova je ako \u017eiv\u00fd organizmus. M\u00e1 svoj \u017eivotn\u00fd cyklus.<\/span><\/strong><\/span><\/p>\n<\/td>\n<td style=\"width: 162px;\" align=\"left\" valign=\"top\"><b><b><em><b><img loading=\"lazy\" decoding=\"async\" class=\"alignnone size-full wp-image-1975 alignleft\" src=\"http:\/\/www.alocons.com\/portal\/wp-content\/uploads\/alo-MARK_C-bordo.png\" alt=\"alo-MARK_C-bordo\" width=\"126\" height=\"10\" srcset=\"https:\/\/www.alocons.com\/portal\/wp-content\/uploads\/alo-MARK_C-bordo.png 126w, https:\/\/www.alocons.com\/portal\/wp-content\/uploads\/alo-MARK_C-bordo-125x10.png 125w\" sizes=\"auto, (max-width: 126px) 100vw, 126px\" \/><\/b><\/em><\/b><\/b><\/td>\n<\/tr>\n<tr>\n<td style=\"text-align: justify; width: 643px; background-color: #ff6600;\" align=\"right\" valign=\"bottom\">\n<p style=\"text-align: right;\"><span style=\"color: #ff6600;\">.<\/span><br \/>\n<span style=\"font-size: medium;\"><strong><span style=\"color: #ffffff; font-family: verdana, geneva;\">V&nbsp;ka\u017edej svojej f\u00e1ze nehnute\u013enos\u0165\/budova<br \/>\n potrebuje nie\u010do in\u00e9.<\/span><\/strong><\/span><\/p>\n<\/td>\n<td style=\"width: 162px;\" align=\"left\" valign=\"bottom\"><img loading=\"lazy\" decoding=\"async\" class=\"size-full wp-image-1926 alignnone\" src=\"http:\/\/www.alocons.com\/portal\/wp-content\/uploads\/alo-MARK_Q-orange2.png\" alt=\"alo-MARK_Q-orange2\" width=\"42\" height=\"42\"><\/td>\n<\/tr>\n<\/tbody>\n<\/table>\n<table border=\"1\" cellspacing=\"0\" cellpadding=\"0\">\n<tbody>\n<tr>\n<td align=\"left\" valign=\"top\">\n<blockquote>\n<p style=\"text-align: left;\"><div class=\"fa-slideshow fa_slider_simple slider-loading default no-title no-secondary-navs\" style=\"width:100%; height:500px;margin-top:0px; margin-bottom:0px;margin-left:auto; margin-right: auto;font-size:100%;width:100%; height:500px;\" id=\"fa-slider-4936\" data-auto_slide=\"1\" data-slide_duration=\"6\" data-effect_duration=\"0.6\" data-click_stop=\"1\" data-cycle=\"1\" data-distance_in=\"200\" data-distance_out=\"0\" data-position_in=\"left\" data-position_out=\"right\" data-event=\"click\" data-effect=\"\" data-width=\"680\" data-height=\"500\" data-height_resize=\"\" data-fullwidth=\"1\" data-font_size=\"100\" data-is_mobile=\"\" data-theme_opt_show_timer=\"\" data-theme_opt_auto_resize=\"\">\r\n\t\t<div class=\"fa_slide no-image\" style=\"\">\r\n\t\t\r\n\t\t<div class=\"fa_slide_content\">\t\r\n\t\t\t\t\t\t<div class=\"description\"><div style=\"clear: both;\"><img loading=\"lazy\" decoding=\"async\" class=\"size-full wp-image-4939 aligncenter\" src=\"http:\/\/www.alocons.com\/portal\/wp-content\/uploads\/alo_pict-4x200_02b17.jpg\" alt=\"alo_pict-4x200_02b17\" width=\"150\" height=\"150\" srcset=\"https:\/\/www.alocons.com\/portal\/wp-content\/uploads\/alo_pict-4x200_02b17.jpg 199w, https:\/\/www.alocons.com\/portal\/wp-content\/uploads\/alo_pict-4x200_02b17-150x150.jpg 150w, https:\/\/www.alocons.com\/portal\/wp-content\/uploads\/alo_pict-4x200_02b17-149x150.jpg 149w, https:\/\/www.alocons.com\/portal\/wp-content\/uploads\/alo_pict-4x200_02b17-125x125.jpg 125w\" sizes=\"auto, (max-width: 150px) 100vw, 150px\" \/><\/div>\n<p style=\"text-align: justify;\"><span style=\"color: #808080; font-size: medium;\"><strong><span style=\"color: #0d85cc;\"><a title=\"Pr\u00edprava invest\u00edcie\" href=\"http:\/\/www.alocons.com\/portal\/?page_id=3187\"><span style=\"color: #0d85cc;\"><img loading=\"lazy\" decoding=\"async\" src=\"http:\/\/www.alocons.com\/portal\/wp-content\/uploads\/pumerle-ZLTA.gif\" alt=\"pumerle-MAG\" width=\"13\" height=\"13\" \/>\u00a0\u00a0 [ PR\u00cdPRAVA INVEST\u00cdCIE ]<\/span><\/a><\/span><\/strong><\/span><\/p>\n<p><span style=\"font-weight: 800;\"><a href=\"http:\/\/www.alocons.com\/portal\/?page_id=3187\"><strong><span style=\"color: #808080;\">do novej budovy alebo do jej rekon\u0161trukcie, pr\u00edpadne \u00fapravy, od v\u00fdberu lokality, cez \u0161t\u00fadie uskuto\u010dnite\u013enosti a\u017e po pr\u00edpravu projektovej a tendrovej dokument\u00e1cie<\/span><\/strong><\/a><\/span><\/p>\n<p><a href=\"http:\/\/www.alocons.com\/portal\/?page_id=3187\"><span style=\"color: #ffffff; font-size: small; background-color: #333333;\"><em> &lt; \u010falej &#8230; &gt; <\/em><\/span><\/a><\/p>\n<\/div>\t\t\t\t\t\t\t\t<\/div>\r\n\t\t\t\t\t\r\n\t\t\t\r\n\t<\/div>\t\r\n\t\t<div class=\"fa_slide no-image\" style=\"\">\r\n\t\t\r\n\t\t<div class=\"fa_slide_content\">\t\r\n\t\t\t\t\t\t<div class=\"description\"><div style=\"clear: both;\"><img loading=\"lazy\" decoding=\"async\" class=\"size-full wp-image-6285 aligncenter\" src=\"http:\/\/www.alocons.com\/portal\/wp-content\/uploads\/alo_pict-ZELENE-BUDOVY_04d74.jpg\" alt=\"alo_pict-ZELENE-BUDOVY_04d74\" width=\"150\" height=\"150\" srcset=\"https:\/\/www.alocons.com\/portal\/wp-content\/uploads\/alo_pict-ZELENE-BUDOVY_04d74.jpg 199w, https:\/\/www.alocons.com\/portal\/wp-content\/uploads\/alo_pict-ZELENE-BUDOVY_04d74-150x150.jpg 150w, https:\/\/www.alocons.com\/portal\/wp-content\/uploads\/alo_pict-ZELENE-BUDOVY_04d74-149x150.jpg 149w, https:\/\/www.alocons.com\/portal\/wp-content\/uploads\/alo_pict-ZELENE-BUDOVY_04d74-125x125.jpg 125w\" sizes=\"auto, (max-width: 150px) 100vw, 150px\" \/><\/div>\n<p style=\"text-align: left;\"><span style=\"color: #808080; font-size: medium;\"><strong><span style=\"color: #0d85cc;\"><a title=\"Realiz\u00e1cia invest\u00edcie\" href=\"http:\/\/www.alocons.com\/portal\/?page_id=3188\"><span style=\"color: #0d85cc;\"><img loading=\"lazy\" decoding=\"async\" src=\"http:\/\/www.alocons.com\/portal\/wp-content\/uploads\/pumerle-FIAL.gif\" alt=\"pumerle-MAG\" width=\"13\" height=\"13\" \/>\u00a0 \u00a0[ REALIZ\u00c1CIA INVEST\u00cdCIE ]<\/span><\/a><\/span><\/strong><\/span><\/p>\n<p><span style=\"font-weight: 800;\"><a href=\"http:\/\/www.alocons.com\/portal\/?page_id=3188\"><strong><span style=\"color: #808080;\">od v\u00fdberu dod\u00e1vate\u013eov, cez v\u00fdstavbu, overenie funk\u010dnosti in\u0161talovan\u00fdch syst\u00e9mov a stavby, a\u017e po odovzdanie a certifik\u00e1ciu<\/span><\/strong><\/a><\/span><\/p>\n<p><a href=\"http:\/\/www.alocons.com\/portal\/?page_id=3188\"><span style=\"color: #ffffff; font-size: small; background-color: #333333;\"><em> &lt; \u010falej &#8230; &gt; <\/em><\/span><\/a><\/p>\n<\/div>\t\t\t\t\t\t\t\t<\/div>\r\n\t\t\t\t\t\r\n\t\t\t\r\n\t<\/div>\t\r\n\t\t<div class=\"fa_slide no-image\" style=\"\">\r\n\t\t\r\n\t\t<div class=\"fa_slide_content\">\t\r\n\t\t\t\t\t\t<div class=\"description\"><p><img loading=\"lazy\" decoding=\"async\" class=\"alignnone size-full wp-image-6289 aligncenter\" src=\"http:\/\/www.alocons.com\/portal\/wp-content\/uploads\/alo_pict-4x200_02c051.jpg\" alt=\"alo_pict-4x200_02c05\" width=\"150\" height=\"150\" srcset=\"https:\/\/www.alocons.com\/portal\/wp-content\/uploads\/alo_pict-4x200_02c051.jpg 201w, https:\/\/www.alocons.com\/portal\/wp-content\/uploads\/alo_pict-4x200_02c051-150x150.jpg 150w, https:\/\/www.alocons.com\/portal\/wp-content\/uploads\/alo_pict-4x200_02c051-125x125.jpg 125w\" sizes=\"auto, (max-width: 150px) 100vw, 150px\" \/><\/p>\n<p><span style=\"color: #808080; font-size: medium;\"><strong><span style=\"color: #0d85cc;\"><a title=\"Prev\u00e1dzka invest\u00edcie\" href=\"http:\/\/www.alocons.com\/portal\/?page_id=3189\"><span style=\"color: #0d85cc;\"><img loading=\"lazy\" decoding=\"async\" src=\"http:\/\/www.alocons.com\/portal\/wp-content\/uploads\/pumerle-TYRK.gif\" alt=\"pumerle-MAG\" width=\"13\" height=\"13\" \/>\u00a0 \u00a0 [ PREV\u00c1DZKA INVEST\u00cdCIE ]<\/span><\/a><\/span><\/strong><\/span><\/p>\n<p><span style=\"font-weight: 800;\"><a href=\"http:\/\/www.alocons.com\/portal\/?page_id=3189\"><strong><span style=\"color: #808080;\">od vyladenia in\u0161talovan\u00fdch syst\u00e9mov, cez nastavenie prev\u00e1dzkov\u00fdch procesov, overovanie stavu syst\u00e9mov a\u00a0stavby a\u00a0ich \u00fadr\u017ebu ako aj overovanie spokojnosti u\u017e\u00edvate\u013eov, sledovanie a vyhodnocovanie prev\u00e1dzkov\u00fdch n\u00e1kladov a\u017e po \u00fapravy dispoz\u00edcie, kon\u0161trukci\u00ed, syst\u00e9mov a procesov v\u00a0d\u00f4sledku zmien po\u017eiadaviek v\u00a0priebehu pou\u017e\u00edvania<\/span><\/strong><\/a><\/span><\/p>\n<p><a href=\"http:\/\/www.alocons.com\/portal\/?page_id=3189\"><span style=\"color: #ffffff; font-size: small; background-color: #333333;\"><em> &lt; \u010falej &#8230; &gt; <\/em><\/span><\/a><\/p>\n<\/div>\t\t\t\t\t\t\t\t<\/div>\r\n\t\t\t\t\t\r\n\t\t\t\r\n\t<\/div>\t\r\n\t\t\t\t\t<div class=\"main-nav\">\r\n\t\t\t\t\t\t<a href=\"#\" title=\"\" class=\"fa-nav\"><\/a>\r\n\t\t\t\t\t\t<a href=\"#\" title=\"\" class=\"fa-nav\"><\/a>\r\n\t\t\t\t\t\t<a href=\"#\" title=\"\" class=\"fa-nav\"><\/a>\r\n\t\t\t\t\t\r\n\t\t<\/div>\r\n\t\t\t\r\n<\/div><\/p>\n<\/blockquote>\n<\/td>\n<td style=\"width: 125px;\" align=\"left\" valign=\"top\">&nbsp;<\/td>\n<\/tr>\n<\/tbody>\n<\/table>\n<table border=\"1\" cellspacing=\"0\" cellpadding=\"0\">\n<tbody>\n<tr>\n<td style=\"text-align: justify; width: 643px; background-color: #eaf2e9;\" valign=\"top\">\n<p><span style=\"font-size: small;\"><strong><span style=\"color: #669900;\">Podporujeme na\u0161ich klientov vo vytv\u00e1ran\u00ed podmienok pre prosperovanie ich nehnute\u013enosti t\u00fdm, \u017ee pre ka\u017ed\u00fa f\u00e1zu \u017eivotn\u00e9ho cyklu pon\u00fakame portf\u00f3lio na\u0161ich slu\u017eieb, ktor\u00e9 im umo\u017e\u0148uje stava\u0165, pou\u017e\u00edva\u0165, udr\u017eiava\u0165 a&nbsp;obnovova\u0165 nehnute\u013enosti trvale udr\u017eate\u013en\u00fdm sp\u00f4sobom.<\/span><\/strong><\/span><\/p>\n<\/td>\n<td style=\"width: 162px; background-image: url('http:\/\/www.alocons.com\/portal\/wp-content\/uploads\/bg_svseda.gif');\" align=\"left\" valign=\"top\"><img loading=\"lazy\" decoding=\"async\" class=\"alignleft\" src=\"http:\/\/www.alocons.com\/portal\/wp-content\/uploads\/alo-logo_new_01d-01.png\" alt=\"alo-logo_new_01d-01\" width=\"126\" height=\"45\"><\/td>\n<\/tr>\n<\/tbody>\n<\/table>\n<div style=\"clear: both;\">&nbsp;<\/div>\n<p style=\"text-align: justify;\">&nbsp;<\/p>\n","protected":false},"excerpt":{"rendered":"<p>Nehnute\u013enos\u0165\/budova je ako \u017eiv\u00fd organizmus. M\u00e1 svoj \u017eivotn\u00fd cyklus. . V&nbsp;ka\u017edej svojej f\u00e1ze nehnute\u013enos\u0165\/budova potrebuje nie\u010do in\u00e9. &nbsp; Podporujeme na\u0161ich klientov vo vytv\u00e1ran\u00ed podmienok pre prosperovanie ich nehnute\u013enosti t\u00fdm, \u017ee pre ka\u017ed\u00fa f\u00e1zu \u017eivotn\u00e9ho cyklu pon\u00fakame portf\u00f3lio na\u0161ich slu\u017eieb, ktor\u00e9 im umo\u017e\u0148uje stava\u0165, pou\u017e\u00edva\u0165, udr\u017eiava\u0165 a&nbsp;obnovova\u0165 nehnute\u013enosti trvale udr\u017eate\u013en\u00fdm sp\u00f4sobom. \u2026 <a class=\"continue-reading-link\" href=\"https:\/\/www.alocons.com\/?page_id=3186\">Viac <span class=\"meta-nav\">&rarr; <\/span><\/a><\/p>\n","protected":false},"author":1,"featured_media":0,"parent":0,"menu_order":1,"comment_status":"closed","ping_status":"closed","template":"","meta":{"ngg_post_thumbnail":0,"footnotes":""},"class_list":["post-3186","page","type-page","status-publish","hentry"],"_links":{"self":[{"href":"https:\/\/www.alocons.com\/index.php?rest_route=\/wp\/v2\/pages\/3186","targetHints":{"allow":["GET"]}}],"collection":[{"href":"https:\/\/www.alocons.com\/index.php?rest_route=\/wp\/v2\/pages"}],"about":[{"href":"https:\/\/www.alocons.com\/index.php?rest_route=\/wp\/v2\/types\/page"}],"author":[{"embeddable":true,"href":"https:\/\/www.alocons.com\/index.php?rest_route=\/wp\/v2\/users\/1"}],"replies":[{"embeddable":true,"href":"https:\/\/www.alocons.com\/index.php?rest_route=%2Fwp%2Fv2%2Fcomments&post=3186"}],"version-history":[{"count":12,"href":"https:\/\/www.alocons.com\/index.php?rest_route=\/wp\/v2\/pages\/3186\/revisions"}],"predecessor-version":[{"id":7605,"href":"https:\/\/www.alocons.com\/index.php?rest_route=\/wp\/v2\/pages\/3186\/revisions\/7605"}],"wp:attachment":[{"href":"https:\/\/www.alocons.com\/index.php?rest_route=%2Fwp%2Fv2%2Fmedia&parent=3186"}],"curies":[{"name":"wp","href":"https:\/\/api.w.org\/{rel}","templated":true}]}}