{"id":2648,"date":"2013-05-11T20:45:53","date_gmt":"2013-05-11T18:45:53","guid":{"rendered":"http:\/\/www.atx.sk\/alocons\/portal\/alocons4\/?page_id=2648"},"modified":"2019-09-27T02:16:17","modified_gmt":"2019-09-27T00:16:17","slug":"statne-institucie-a-samospravy","status":"publish","type":"page","link":"https:\/\/www.alocons.com\/?page_id=2648","title":{"rendered":"\u0160t\u00e1tne in\u0161tit\u00facie a samospr\u00e1vy"},"content":{"rendered":"<table border=\"1\" cellspacing=\"0\" cellpadding=\"0\">\n<tbody>\n<tr>\n<td style=\"background-image: url('http:\/\/www.alocons.com\/portal\/wp-content\/uploads\/ALO_DARK-raster_MODR18-10.gif');\" valign=\"top\">\n<p style=\"text-align: justify;\"><span style=\"font-size: small;\"><strong><span style=\"font-family: verdana, geneva;\">V\u0161eobecne z\u00e1v\u00e4zn\u00e9 pr\u00e1vne predpisy ukladaj\u00fa \u0161t\u00e1tnym in\u0161tit\u00faci\u00e1m a \u00fazemn\u00fdm a miestnym samospr\u00e1vam v s\u00favislosti s v\u00fdstavbou a prev\u00e1dzkou budov \u0161peci\u00e1lne povinnosti, ako napr. s\u00fa:<\/span><\/strong><\/span><\/p>\n<p style=\"text-align: justify;\">&nbsp;<\/p>\n<\/td>\n<td style=\"background-image: url('http:\/\/www.alocons.com\/portal\/wp-content\/uploads\/ALO_DARK-raster_MODR18-50.gif');\" align=\"left\" valign=\"top\"><img loading=\"lazy\" decoding=\"async\" class=\"alignleft\" src=\"http:\/\/www.alocons.com\/portal\/wp-content\/uploads\/pumerle-MAG.gif\" alt=\"pumerle-MAG\" width=\"21\" height=\"21\"><\/td>\n<\/tr>\n<tr>\n<td style=\"width: 643px;\" valign=\"top\">&nbsp;<\/td>\n<td style=\"width: 162px;\" align=\"left\" valign=\"top\">&nbsp;<\/td>\n<\/tr>\n<tr>\n<td style=\"width: 643px;\" valign=\"top\">\n<blockquote>\n<ul>\n<li>\n<p><span style=\"color: #333333;\"><em><strong><span style=\"font-family: verdana, geneva;\">Z\u00e1kon \u010d. 300\/2012 Z.z. povinnos\u0165 necha\u0165 vyhotovi\u0165 energetick\u00fd certifik\u00e1t pre budovy s celkovou plochou v\u00e4\u010d\u0161ou ne\u017e 250 m<sup>2<\/sup> (do 9.7.2015 s celkovou plochou v\u00e4\u010d\u0161ou ne\u017e 500 m<sup>2<\/sup>), ktor\u00fa u\u017e\u00edva org\u00e1n verejnej moci a verejnos\u0165 ju \u010dasto nav\u0161tevuje.<\/span><\/strong><\/em><\/span><\/p>\n<\/li>\n<li>\n<p><span style=\"color: #333333;\"><em><strong><span style=\"font-family: verdana, geneva;\">Z\u00e1kon \u010d. 321\/2014 Z.z. povinnos\u0165 vy\u0161\u0161iemu \u00fazemn\u00e9mu celku spolupracova\u0165 pri vypracovan\u00ed a hodnoten\u00ed ak\u010dn\u00e9ho pl\u00e1nu efekt\u00edvnosti pri pou\u017e\u00edvan\u00ed energie, ktor\u00fd vyprac\u00fava Ministerstvo hospod\u00e1rstva SR.<\/span><\/strong><\/em><\/span><\/p>\n<\/li>\n<li>\n<p><span style=\"color: #333333;\"><em><strong><span style=\"font-family: verdana, geneva;\">Stavebn\u00fdm \u00faradom povinnos\u0165 posudzova\u0165 pred vydan\u00edm stavebn\u00e9ho povolenia alebo povolenia na zmenu stavby, \u010di projektant zahrnul do predkladanej projektovej dokument\u00e1cie splnenie po\u017eiadaviek na minim\u00e1lnu energetick\u00fa hospod\u00e1rnos\u0165.<\/span><\/strong><\/em><\/span><\/p>\n<\/li>\n<\/ul>\n<\/blockquote>\n<\/td>\n<td style=\"width: 162px;\" align=\"left\" valign=\"top\"><b><b><i><b>&nbsp;<\/b><\/i><\/b><\/b><\/td>\n<\/tr>\n<tr>\n<td valign=\"top\" width=\"643\">&nbsp;<\/td>\n<td style=\"width: 162px; text-align: left;\" align=\"left\" valign=\"top\">&nbsp;<\/td>\n<\/tr>\n<tr>\n<td style=\"width: 643px; background-color: #f5f5f5; border: 6px solid #f5f5f5;\" valign=\"top\">\n<p style=\"text-align: justify;\"><span style=\"font-size: small;\"><strong><span style=\"color: #808080; font-family: verdana, geneva;\">Pre \u0161t\u00e1tne in\u0161tit\u00facie a org\u00e1ny \u00fazemnej a miestnej samospr\u00e1vy pon\u00fakame:<\/span><\/strong><\/span><\/p>\n<\/td>\n<td style=\"width: 162px; text-align: left;\" rowspan=\"2\" align=\"left\" valign=\"top\"><b><i><img loading=\"lazy\" decoding=\"async\" src=\"http:\/\/www.alocons.com\/portal\/wp-content\/uploads\/alo-logo_new_01d-01.png\" alt=\"alo-logo_new_01d-01\" width=\"126\" height=\"45\"><\/i><\/b><\/td>\n<\/tr>\n<tr>\n<td style=\"width: 643px; border: 6px solid #f5f5f5;\" valign=\"top\">\n<ul>\n<li><strong><span style=\"color: #888888; font-family: verdana, geneva;\">poradensk\u00e9 a konzulta\u010dn\u00e9 slu\u017eby pri:<\/span><\/strong><\/li>\n<\/ul>\n<ul>\n<li style=\"list-style-type: none;\">\n<ul>\n<li>\n<p><em><span style=\"font-family: verdana, geneva;\">vypracov\u00e1van\u00ed podkladov pre ak\u010dn\u00e9 pl\u00e1ny efekt\u00edvnosti pri pou\u017e\u00edvan\u00ed energie,<\/span><\/em><\/p>\n<\/li>\n<li>\n<p><em><span style=\"font-family: verdana, geneva;\">zav\u00e1dzan\u00ed po\u017eiadaviek na trval\u00fa udr\u017eate\u013enos\u0165 v\u00fdstavby do regulat\u00edvov \u00fazemn\u00fdch pl\u00e1nov miest a obc\u00ed,<\/span><\/em><\/p>\n<\/li>\n<li>\n<p><em><span style=\"font-family: verdana, geneva;\">tvorbe opatren\u00ed na podporu vyu\u017e\u00edvania obnovite\u013en\u00fdch zdrojov energie,<\/span><\/em><\/p>\n<\/li>\n<li>\n<p><em><span style=\"font-family: verdana, geneva;\">tvorbe opatren\u00ed a programov na podporu trvale udr\u017eate\u013enej v\u00fdstavby,<\/span><\/em><\/p>\n<\/li>\n<\/ul>\n<\/li>\n<\/ul>\n<ul>\n<li><strong><span style=\"color: #888888; font-family: verdana, geneva;\">\u0161kolenia pracovn\u00edkov stavebn\u00fdch \u00faradov:<\/span><\/strong><\/li>\n<\/ul>\n<ul>\n<li style=\"list-style-type: none;\">\n<ul>\n<li>\n<p><em><span style=\"font-family: verdana, geneva;\">o po\u017eiadavk\u00e1ch na energetick\u00fa hospod\u00e1rnos\u0165 budov,<\/span><\/em><\/p>\n<\/li>\n<li>\n<p><em><span style=\"font-family: verdana, geneva;\">o po\u017eiadavk\u00e1ch na trval\u00fa udr\u017eate\u013enos\u0165 v\u00fdstavby,<\/span><\/em><\/p>\n<\/li>\n<\/ul>\n<\/li>\n<\/ul>\n<ul>\n<li><strong><span style=\"color: #888888; font-family: verdana, geneva;\">certifik\u00e1ciu energetickej hospod\u00e1rnosti budov, ktor\u00e9 u\u017e\u00edva org\u00e1n verejnej moci.<\/span><\/strong><\/li>\n<\/ul>\n<p style=\"text-align: left;\">&nbsp;<\/p>\n<\/td>\n<\/tr>\n<tr>\n<td valign=\"top\" width=\"643\">\n<p style=\"text-align: right;\">&nbsp;<\/p>\n<\/td>\n<td style=\"width: 162px;\" align=\"left\" valign=\"top\">&nbsp;<\/td>\n<\/tr>\n<tr>\n<td valign=\"top\" width=\"643\">&nbsp;<\/td>\n<td style=\"width: 162px;\" align=\"left\" valign=\"top\"><b>&nbsp;<\/b><\/td>\n<\/tr>\n<\/tbody>\n<\/table>\n<div><span class=\"Apple-style-span\" style=\"border-collapse: collapse; font-size: 16px; font-weight: 800; line-height: 24px;\"><b style=\"font-family: Georgia, 'Bitstream Charter', serif; color: #000000; line-height: 1.5;\"><i style=\"font-family: Georgia, 'Bitstream Charter', serif; color: #444444; line-height: 1.5; font-style: italic; border: initial none initial;\"><b style=\"font-family: Georgia, 'Bitstream Charter', serif; color: #000000; line-height: 1.5;\">&nbsp;<\/b><\/i><\/b><\/span><\/div>\n","protected":false},"excerpt":{"rendered":"<p>V\u0161eobecne z\u00e1v\u00e4zn\u00e9 pr\u00e1vne predpisy ukladaj\u00fa \u0161t\u00e1tnym in\u0161tit\u00faci\u00e1m a \u00fazemn\u00fdm a miestnym samospr\u00e1vam v s\u00favislosti s v\u00fdstavbou a prev\u00e1dzkou budov \u0161peci\u00e1lne povinnosti, ako napr. s\u00fa: &nbsp; &nbsp; &nbsp; Z\u00e1kon \u010d. 300\/2012 Z.z. povinnos\u0165 necha\u0165 vyhotovi\u0165 energetick\u00fd certifik\u00e1t pre budovy s celkovou plochou v\u00e4\u010d\u0161ou ne\u017e 250 m2 (do 9.7.2015 s celkovou plochou \u2026 <a class=\"continue-reading-link\" href=\"https:\/\/www.alocons.com\/?page_id=2648\">Viac <span class=\"meta-nav\">&rarr; <\/span><\/a><\/p>\n","protected":false},"author":1,"featured_media":0,"parent":2601,"menu_order":15,"comment_status":"closed","ping_status":"closed","template":"","meta":{"ngg_post_thumbnail":0,"footnotes":""},"class_list":["post-2648","page","type-page","status-publish","hentry"],"_links":{"self":[{"href":"https:\/\/www.alocons.com\/index.php?rest_route=\/wp\/v2\/pages\/2648","targetHints":{"allow":["GET"]}}],"collection":[{"href":"https:\/\/www.alocons.com\/index.php?rest_route=\/wp\/v2\/pages"}],"about":[{"href":"https:\/\/www.alocons.com\/index.php?rest_route=\/wp\/v2\/types\/page"}],"author":[{"embeddable":true,"href":"https:\/\/www.alocons.com\/index.php?rest_route=\/wp\/v2\/users\/1"}],"replies":[{"embeddable":true,"href":"https:\/\/www.alocons.com\/index.php?rest_route=%2Fwp%2Fv2%2Fcomments&post=2648"}],"version-history":[{"count":6,"href":"https:\/\/www.alocons.com\/index.php?rest_route=\/wp\/v2\/pages\/2648\/revisions"}],"predecessor-version":[{"id":7696,"href":"https:\/\/www.alocons.com\/index.php?rest_route=\/wp\/v2\/pages\/2648\/revisions\/7696"}],"up":[{"embeddable":true,"href":"https:\/\/www.alocons.com\/index.php?rest_route=\/wp\/v2\/pages\/2601"}],"wp:attachment":[{"href":"https:\/\/www.alocons.com\/index.php?rest_route=%2Fwp%2Fv2%2Fmedia&parent=2648"}],"curies":[{"name":"wp","href":"https:\/\/api.w.org\/{rel}","templated":true}]}}