{"id":2647,"date":"2013-05-11T20:44:43","date_gmt":"2013-05-11T18:44:43","guid":{"rendered":"http:\/\/www.atx.sk\/alocons\/portal\/alocons4\/?page_id=2647"},"modified":"2019-09-27T02:14:38","modified_gmt":"2019-09-27T00:14:38","slug":"organizatori-tendrov","status":"publish","type":"page","link":"https:\/\/www.alocons.com\/?page_id=2647","title":{"rendered":"Organiz\u00e1tori tendrov"},"content":{"rendered":"<table border=\"1\" cellspacing=\"0\" cellpadding=\"0\">\n<tbody>\n<tr>\n<td style=\"background-image: url('http:\/\/www.alocons.com\/portal\/wp-content\/uploads\/ALO_DARK-raster_SVMO20-10.gif');\" valign=\"top\">\n<p style=\"text-align: justify;\"><span style=\"font-size: small;\"><strong><span style=\"font-family: verdana, geneva;\">Pre organiz\u00e1torov tendrov facility managementu pon\u00fakame poradensk\u00fa a konzulta\u010dn\u00fa \u010dinnos\u0165, napr. formou spracovania:<\/span><\/strong><\/span><\/p>\n<p style=\"text-align: justify;\">&nbsp;<\/p>\n<\/td>\n<td style=\"background-image: url('http:\/\/www.alocons.com\/portal\/wp-content\/uploads\/ALO_DARK-raster_SVMO20-50.gif');\" align=\"left\" valign=\"top\"><img loading=\"lazy\" decoding=\"async\" class=\"alignleft\" src=\"http:\/\/www.alocons.com\/portal\/wp-content\/uploads\/pumerle-MAG.gif\" alt=\"pumerle-MAG\" width=\"21\" height=\"21\"><\/td>\n<\/tr>\n<tr>\n<td style=\"width: 643px;\" valign=\"top\">&nbsp;<\/td>\n<td style=\"width: 162px;\" align=\"left\" valign=\"top\">&nbsp;<\/td>\n<\/tr>\n<tr>\n<td style=\"width: 643px; border: 6px solid #f5f5f5;\" valign=\"top\">\n<ul>\n<li>\n<p><em><span style=\"font-family: verdana, geneva;\">podkladov pre v\u00fdber dod\u00e1vate\u013eov slu\u017eieb facility mana\u017ementu,<\/span><\/em><\/p>\n<\/li>\n<li>\n<p><em><span style=\"font-family: verdana, geneva;\">n\u00e1vrhu k\u013e\u00fa\u010dov\u00fdch v\u00fdkonnostn\u00fdch ukazovate\u013eov pre hodnotenie efekt\u00edvnosti prev\u00e1dzky a \u00farovne poskytovan\u00fdch slu\u017eieb,<\/span><\/em><\/p>\n<\/li>\n<li>\n<p><em><span style=\"font-family: verdana, geneva;\">n\u00e1vrhu syst\u00e9mu hodnotenia pon\u00fak dod\u00e1vate\u013eov slu\u017eieb facility managementu.<\/span><\/em><\/p>\n<\/li>\n<\/ul>\n<\/td>\n<\/tr>\n<tr>\n<td valign=\"top\">&nbsp;<\/td>\n<\/tr>\n<tr>\n<td style=\"width: 643px; height: 450px;\" valign=\"top\">\n<p style=\"text-align: justify;\"><em><strong><span style=\"color: #800000;\">( * V\u0161etky podklady sprac\u00favame v s\u00falade a pod\u013ea po\u017eiadaviek z radu noriem STN EN 15221 Facility Management.&nbsp;)<\/span><\/strong><\/em><\/p>\n<\/td>\n<\/tr>\n<tr>\n<td valign=\"top\" width=\"643\">\n<p style=\"text-align: right;\">&nbsp;<\/p>\n<\/td>\n<td style=\"width: 162px;\" align=\"left\" valign=\"top\">&nbsp;<\/td>\n<\/tr>\n<tr>\n<td valign=\"top\" width=\"643\">&nbsp;<\/td>\n<\/tr>\n<\/tbody>\n<\/table>\n","protected":false},"excerpt":{"rendered":"<p>Pre organiz\u00e1torov tendrov facility managementu pon\u00fakame poradensk\u00fa a konzulta\u010dn\u00fa \u010dinnos\u0165, napr. formou spracovania: &nbsp; &nbsp; &nbsp; podkladov pre v\u00fdber dod\u00e1vate\u013eov slu\u017eieb facility mana\u017ementu, n\u00e1vrhu k\u013e\u00fa\u010dov\u00fdch v\u00fdkonnostn\u00fdch ukazovate\u013eov pre hodnotenie efekt\u00edvnosti prev\u00e1dzky a \u00farovne poskytovan\u00fdch slu\u017eieb, n\u00e1vrhu syst\u00e9mu hodnotenia pon\u00fak dod\u00e1vate\u013eov slu\u017eieb facility managementu. &nbsp; ( * V\u0161etky podklady sprac\u00favame v \u2026 <a class=\"continue-reading-link\" href=\"https:\/\/www.alocons.com\/?page_id=2647\">Viac <span class=\"meta-nav\">&rarr; <\/span><\/a><\/p>\n","protected":false},"author":1,"featured_media":0,"parent":2601,"menu_order":13,"comment_status":"closed","ping_status":"closed","template":"","meta":{"ngg_post_thumbnail":0,"footnotes":""},"class_list":["post-2647","page","type-page","status-publish","hentry"],"_links":{"self":[{"href":"https:\/\/www.alocons.com\/index.php?rest_route=\/wp\/v2\/pages\/2647","targetHints":{"allow":["GET"]}}],"collection":[{"href":"https:\/\/www.alocons.com\/index.php?rest_route=\/wp\/v2\/pages"}],"about":[{"href":"https:\/\/www.alocons.com\/index.php?rest_route=\/wp\/v2\/types\/page"}],"author":[{"embeddable":true,"href":"https:\/\/www.alocons.com\/index.php?rest_route=\/wp\/v2\/users\/1"}],"replies":[{"embeddable":true,"href":"https:\/\/www.alocons.com\/index.php?rest_route=%2Fwp%2Fv2%2Fcomments&post=2647"}],"version-history":[{"count":4,"href":"https:\/\/www.alocons.com\/index.php?rest_route=\/wp\/v2\/pages\/2647\/revisions"}],"predecessor-version":[{"id":7688,"href":"https:\/\/www.alocons.com\/index.php?rest_route=\/wp\/v2\/pages\/2647\/revisions\/7688"}],"up":[{"embeddable":true,"href":"https:\/\/www.alocons.com\/index.php?rest_route=\/wp\/v2\/pages\/2601"}],"wp:attachment":[{"href":"https:\/\/www.alocons.com\/index.php?rest_route=%2Fwp%2Fv2%2Fmedia&parent=2647"}],"curies":[{"name":"wp","href":"https:\/\/api.w.org\/{rel}","templated":true}]}}