{"id":2646,"date":"2013-05-11T20:39:09","date_gmt":"2013-05-11T18:39:09","guid":{"rendered":"http:\/\/www.atx.sk\/alocons\/portal\/alocons4\/?page_id=2646"},"modified":"2019-09-27T02:19:30","modified_gmt":"2019-09-27T00:19:30","slug":"vlastnici-a-prevadzkovatelia-nehnutelnosti","status":"publish","type":"page","link":"https:\/\/www.alocons.com\/?page_id=2646","title":{"rendered":"Vlastn\u00edci a prev\u00e1dzkovatelia nehnute\u013enost\u00ed"},"content":{"rendered":"<table border=\"1\" cellspacing=\"0\" cellpadding=\"0\">\n<tbody>\n<tr>\n<td style=\"background-image: url('http:\/\/www.alocons.com\/portal\/wp-content\/uploads\/ALO_DARK-raster_TYRK22-10.gif');\" valign=\"top\">\n<p style=\"text-align: justify;\"><span style=\"font-size: small;\"><strong><span style=\"font-family: verdana, geneva;\">Pre vlastn\u00edkov a prev\u00e1dzkovate\u013eov nehnute\u013enost\u00ed pon\u00fakame hne\u010f nieko\u013eko skup\u00edn slu\u017eieb.<\/span><\/strong><\/span><\/p>\n<p style=\"text-align: justify;\">&nbsp;<\/p>\n<\/td>\n<td style=\"background-image: url('http:\/\/www.alocons.com\/portal\/wp-content\/uploads\/ALO_DARK-raster_TYRK22-50.gif');\" align=\"left\" valign=\"top\"><img loading=\"lazy\" decoding=\"async\" class=\"alignleft\" src=\"http:\/\/www.alocons.com\/portal\/wp-content\/uploads\/pumerle-MAG.gif\" alt=\"pumerle-MAG\" width=\"21\" height=\"21\"><\/td>\n<\/tr>\n<tr>\n<td style=\"width: 643px;\" valign=\"top\">&nbsp;<\/td>\n<td style=\"width: 162px;\" align=\"left\" valign=\"top\">&nbsp;<\/td>\n<\/tr>\n<tr>\n<td style=\"width: 643px; background-color: #f5f5f5; border: 6px solid #f5f5f5;\" valign=\"top\">\n<p style=\"text-align: justify;\"><span style=\"font-size: small;\"><strong><span style=\"color: #808080; font-family: verdana, geneva;\">Podpora pri preberan\u00ed nov\u00fdch nehnute\u013enost\u00ed od gener\u00e1lnych dodavate\u013eov a ich prev\u00e1dzke, napr. formou :<\/span><\/strong><\/span><\/p>\n<\/td>\n<td style=\"width: 162px;\" align=\"left\" valign=\"top\"><b><i><b><img loading=\"lazy\" decoding=\"async\" src=\"http:\/\/www.alocons.com\/portal\/wp-content\/uploads\/alo-logo_new_01d-01.png\" alt=\"alo-logo_new_01d-01\" width=\"126\" height=\"45\"><\/b><\/i><\/b><\/td>\n<\/tr>\n<tr>\n<td style=\"width: 643px; border: 6px solid #f5f5f5;\" valign=\"top\">\n<ul>\n<li>\n<p><em><span style=\"font-family: verdana, geneva;\">nez\u00e1visl\u00e9ho overovania funk\u010dnosti syst\u00e9mov infra\u0161trukt\u00fary a techniky prostredia v budov\u00e1ch pri ich uv\u00e1dzan\u00ed do chodu a v priebehu ich prev\u00e1dzky.<\/span><\/em><\/p>\n<\/li>\n<\/ul>\n<\/td>\n<td style=\"width: 162px;\" align=\"left\" valign=\"top\">&nbsp;<\/td>\n<\/tr>\n<tr>\n<td style=\"width: 643px; background-color: #f5f5f5; border: 6px solid #f5f5f5;\" valign=\"top\">\n<p style=\"text-align: justify;\"><span style=\"font-size: small;\"><strong><span style=\"color: #808080; font-family: verdana, geneva;\">Spracovanie prev\u00e1dzkovej dokument\u00e1cie nehnute\u013enost\u00ed, ako napr. s\u00fa:<\/span><\/strong><\/span><\/p>\n<\/td>\n<td style=\"width: 162px;\" align=\"left\" valign=\"top\"><a href=\"https:\/\/www.alocons.com\/portal\/wp-content\/uploads\/pumerle-SEDA1.gif\"><img loading=\"lazy\" decoding=\"async\" class=\"alignnone size-full wp-image-3743\" src=\"https:\/\/www.alocons.com\/portal\/wp-content\/uploads\/pumerle-SEDA1.gif\" alt=\"\" width=\"13\" height=\"13\"><\/a><\/td>\n<\/tr>\n<tr>\n<td style=\"width: 643px; border: 6px solid #f5f5f5;\" valign=\"top\">\n<ul>\n<li>\n<p><em><span style=\"font-family: verdana, geneva;\">prev\u00e1dzkov\u00e9 predpisy, n\u00e1vody, na obsluhu, \u0161tandardy poskytovan\u00fdch slu\u017eieb,<\/span><\/em><\/p>\n<\/li>\n<li>\n<p><em><span style=\"font-family: verdana, geneva;\">k\u013e\u00fa\u010dov\u00e9 v\u00fdkonnostn\u00e9 ukazovatele pre hodnotenie efekt\u00edvnosti prev\u00e1dzky a \u00farovne poskytovan\u00fdch slu\u017eieb,<\/span><\/em><\/p>\n<\/li>\n<li>\n<p><em><span style=\"font-family: verdana, geneva;\">kontroln\u00e9 pl\u00e1ny, harmonogramy prevent\u00edvnej \u00fadr\u017eby, odborn\u00fdch prehliadok a sk\u00fa\u0161ok,<\/span><\/em><\/p>\n<\/li>\n<li>\n<p><em><span style=\"font-family: verdana, geneva;\">strat\u00e9gie trvale udr\u017eate\u013en\u00e9ho obstar\u00e1vania spotrebn\u00e9ho materi\u00e1lu, n\u00e1hradn\u00fdch dielov, upratovania a starostlivosti o vonkaj\u0161ie priestory pod\u013ea medzin\u00e1rodn\u00fdch \u0161tandardov.<\/span><\/em><\/p>\n<\/li>\n<\/ul>\n<\/td>\n<td style=\"width: 162px;\" align=\"left\" valign=\"top\"><b>&nbsp;<\/b><\/td>\n<\/tr>\n<tr>\n<td style=\"text-align: left; width: 643px; background-color: #f5f5f5; border: 6px solid #f5f5f5;\" valign=\"top\">\n<p style=\"text-align: justify;\"><span style=\"font-size: small;\"><strong><span style=\"color: #808080; font-family: verdana, geneva;\">Certifik\u00e1cia a audity budov, ako napr. s\u00fa:<\/span><\/strong><\/span><\/p>\n<\/td>\n<td style=\"width: 162px; padding-left: 30px; text-align: left;\" align=\"left\" valign=\"top\"><a href=\"https:\/\/www.alocons.com\/portal\/wp-content\/uploads\/pumerle-SEDA1.gif\"><img loading=\"lazy\" decoding=\"async\" class=\"alignnone size-full wp-image-3743\" src=\"https:\/\/www.alocons.com\/portal\/wp-content\/uploads\/pumerle-SEDA1.gif\" alt=\"\" width=\"13\" height=\"13\"><\/a><\/td>\n<\/tr>\n<tr>\n<td style=\"text-align: left; width: 643px; border: 6px solid #f5f5f5;\" valign=\"top\">\n<ul>\n<li>\n<p><em><span style=\"font-family: verdana, geneva;\">certifik\u00e1cia energetickej hospod\u00e1rnosti budov v zmysle Z\u00e1kona \u010d. 555\/2005 Z.z. o energetickej hospod\u00e1rnosti budov v znen\u00ed neskor\u0161\u00edch zmien vr\u00e1tane Z\u00e1kona \u010d. 300\/2012 Z.z. a pod\u013ea Vyhl. MDVRR SR \u010d. 364\/2012 Z.z. ak je s\u00fa\u010das\u0165ou dod\u00e1vky gener\u00e1lneho dod\u00e1vate\u013ea,<\/span><\/em><\/p>\n<\/li>\n<li>\n<p><em><span style=\"font-family: verdana, geneva;\">audity efekt\u00edvnosti spotreby energie v zmysle Z\u00e1kona \u010d. 321\/2012 Z.z. o energetickej efekt\u00edvnosti a pod\u013ea Vyhl. MH SR 179\/2015 Z.z.,<\/span><\/em><\/p>\n<\/li>\n<li>\n<p><em><span style=\"font-family: verdana, geneva;\">\u0161t\u00fadie uskuto\u010dnite\u013enosti outsourcingu slu\u017eieb facility managementu,<\/span><\/em><\/p>\n<\/li>\n<li>\n<p><em><span style=\"font-family: verdana, geneva;\">audity efekt\u00edvnosti poskytovania slu\u017eieb facility managementu v zmysle STN EN 15221-7.<\/span><\/em><\/p>\n<\/li>\n<\/ul>\n<\/td>\n<td style=\"width: 162px; padding-left: 30px; text-align: left;\" align=\"left\" valign=\"top\">&nbsp;<\/td>\n<\/tr>\n<tr>\n<td style=\"width: 643px; background-color: #f5f5f5; border: 6px solid #f5f5f5;\" valign=\"top\">\n<p style=\"text-align: justify;\"><span style=\"font-size: small;\"><strong><span style=\"color: #808080; font-family: verdana, geneva;\">Zav\u00e1dzanie mana\u017e\u00e9rskych syst\u00e9mov pre riadenie:<\/span><\/strong><\/span><\/p>\n<\/td>\n<td style=\"width: 162px;\" align=\"left\" valign=\"top\"><a href=\"https:\/\/www.alocons.com\/portal\/wp-content\/uploads\/pumerle-SEDA1.gif\"><img loading=\"lazy\" decoding=\"async\" class=\"alignnone size-full wp-image-3743\" src=\"https:\/\/www.alocons.com\/portal\/wp-content\/uploads\/pumerle-SEDA1.gif\" alt=\"\" width=\"13\" height=\"13\"><\/a><\/td>\n<\/tr>\n<tr>\n<td style=\"width: 643px; border: 6px solid #f5f5f5;\" valign=\"top\">\n<ul>\n<li>\n<p><em><span style=\"font-family: verdana, geneva;\">spotreby energie v zmysle normy STN EN ISO 50001,<\/span><\/em><\/p>\n<\/li>\n<li>\n<p><em><span style=\"font-family: verdana, geneva;\">prev\u00e1dzky nehnute\u013enost\u00ed v zmysle noriem radu STN EN 15221.<\/span><\/em><\/p>\n<\/li>\n<\/ul>\n<\/td>\n<td style=\"width: 162px;\" align=\"left\" valign=\"top\"><b>&nbsp;<\/b><\/td>\n<\/tr>\n<tr>\n<td style=\"width: 643px; background-color: #f5f5f5; border: 6px solid #f5f5f5;\" valign=\"top\">\n<p style=\"text-align: justify;\"><span style=\"font-size: small;\"><strong><span style=\"color: #808080; font-family: verdana, geneva;\">Poskytovanie expertov pre zavedenie:<\/span><\/strong><\/span><\/p>\n<\/td>\n<td style=\"width: 162px;\" align=\"left\" valign=\"top\"><a href=\"https:\/\/www.alocons.com\/portal\/wp-content\/uploads\/pumerle-SEDA1.gif\"><img loading=\"lazy\" decoding=\"async\" class=\"alignnone size-full wp-image-3743\" src=\"https:\/\/www.alocons.com\/portal\/wp-content\/uploads\/pumerle-SEDA1.gif\" alt=\"\" width=\"13\" height=\"13\"><\/a><\/td>\n<\/tr>\n<tr>\n<td style=\"width: 643px; border: 6px solid #f5f5f5;\" valign=\"top\">\n<ul>\n<li>\n<p><em><span style=\"font-family: verdana, geneva;\">efekt\u00edvnej a trvale udr\u017eate\u013enej prev\u00e1dzky nehnute\u013enost\u00ed,<\/span><\/em><\/p>\n<\/li>\n<li>\n<p><em><span style=\"font-family: verdana, geneva;\">mana\u017e\u00e9rskeho syst\u00e9mu riadenia spotreby energie v zmysle normy STN EN ISO 50001.<\/span><\/em><\/p>\n<\/li>\n<\/ul>\n<\/td>\n<td style=\"width: 162px;\" align=\"left\" valign=\"top\">&nbsp;<\/td>\n<\/tr>\n<tr>\n<td style=\"width: 643px; background-color: #f5f5f5; border: 6px solid #f5f5f5;\" valign=\"top\">\n<p style=\"text-align: justify;\"><span style=\"font-size: small;\"><strong><span style=\"color: #808080; font-family: verdana, geneva;\">Prieskumy a hodnotenie stavu vn\u00fatorn\u00e9ho prostredia v nehnute\u013enostiach a ich vplyvu na zdravie a v\u00fdkonnos\u0165 ich u\u017e\u00edvate\u013eov.<\/span><\/strong><\/span><\/p>\n<\/td>\n<td style=\"width: 162px;\" align=\"left\" valign=\"top\"><a href=\"https:\/\/www.alocons.com\/portal\/wp-content\/uploads\/pumerle-SEDA1.gif\"><img loading=\"lazy\" decoding=\"async\" class=\"alignnone size-full wp-image-3743\" src=\"https:\/\/www.alocons.com\/portal\/wp-content\/uploads\/pumerle-SEDA1.gif\" alt=\"\" width=\"13\" height=\"13\"><\/a><\/td>\n<\/tr>\n<\/tbody>\n<\/table>\n<div><span class=\"Apple-style-span\" style=\"border-collapse: collapse; font-size: 16px; font-weight: 800; line-height: 24px;\"><b style=\"font-family: Georgia, 'Bitstream Charter', serif; color: #000000; line-height: 1.5;\"><i style=\"font-family: Georgia, 'Bitstream Charter', serif; color: #444444; line-height: 1.5; font-style: italic; border: initial none initial;\"><b style=\"font-family: Georgia, 'Bitstream Charter', serif; color: #000000; line-height: 1.5;\">&nbsp;<\/b><\/i><\/b><\/span><\/div>\n<div><span class=\"Apple-style-span\" style=\"border-collapse: collapse; color: #000000; font-family: Verdana, Arial, Helvetica, sans-serif; font-size: 16px; line-height: 24px;\"><b style=\"font-family: Georgia, 'Bitstream Charter', serif; color: #000000; line-height: 1.5;\"><i style=\"font-family: Georgia, 'Bitstream Charter', serif; color: #444444; line-height: 1.5; font-style: italic; border: initial none initial;\"><b style=\"font-family: Georgia, 'Bitstream Charter', serif; color: #000000; line-height: 1.5;\">&nbsp;<\/b><\/i><\/b><\/span><\/div>\n","protected":false},"excerpt":{"rendered":"<p>Pre vlastn\u00edkov a prev\u00e1dzkovate\u013eov nehnute\u013enost\u00ed pon\u00fakame hne\u010f nieko\u013eko skup\u00edn slu\u017eieb. &nbsp; &nbsp; &nbsp; Podpora pri preberan\u00ed nov\u00fdch nehnute\u013enost\u00ed od gener\u00e1lnych dodavate\u013eov a ich prev\u00e1dzke, napr. formou : nez\u00e1visl\u00e9ho overovania funk\u010dnosti syst\u00e9mov infra\u0161trukt\u00fary a techniky prostredia v budov\u00e1ch pri ich uv\u00e1dzan\u00ed do chodu a v priebehu ich prev\u00e1dzky. &nbsp; Spracovanie prev\u00e1dzkovej \u2026 <a class=\"continue-reading-link\" href=\"https:\/\/www.alocons.com\/?page_id=2646\">Viac <span class=\"meta-nav\">&rarr; <\/span><\/a><\/p>\n","protected":false},"author":1,"featured_media":0,"parent":2601,"menu_order":12,"comment_status":"closed","ping_status":"closed","template":"","meta":{"ngg_post_thumbnail":0,"footnotes":""},"class_list":["post-2646","page","type-page","status-publish","hentry"],"_links":{"self":[{"href":"https:\/\/www.alocons.com\/index.php?rest_route=\/wp\/v2\/pages\/2646","targetHints":{"allow":["GET"]}}],"collection":[{"href":"https:\/\/www.alocons.com\/index.php?rest_route=\/wp\/v2\/pages"}],"about":[{"href":"https:\/\/www.alocons.com\/index.php?rest_route=\/wp\/v2\/types\/page"}],"author":[{"embeddable":true,"href":"https:\/\/www.alocons.com\/index.php?rest_route=\/wp\/v2\/users\/1"}],"replies":[{"embeddable":true,"href":"https:\/\/www.alocons.com\/index.php?rest_route=%2Fwp%2Fv2%2Fcomments&post=2646"}],"version-history":[{"count":6,"href":"https:\/\/www.alocons.com\/index.php?rest_route=\/wp\/v2\/pages\/2646\/revisions"}],"predecessor-version":[{"id":7698,"href":"https:\/\/www.alocons.com\/index.php?rest_route=\/wp\/v2\/pages\/2646\/revisions\/7698"}],"up":[{"embeddable":true,"href":"https:\/\/www.alocons.com\/index.php?rest_route=\/wp\/v2\/pages\/2601"}],"wp:attachment":[{"href":"https:\/\/www.alocons.com\/index.php?rest_route=%2Fwp%2Fv2%2Fmedia&parent=2646"}],"curies":[{"name":"wp","href":"https:\/\/api.w.org\/{rel}","templated":true}]}}