{"id":2644,"date":"2013-05-11T20:49:57","date_gmt":"2013-05-11T18:49:57","guid":{"rendered":"http:\/\/www.atx.sk\/alocons\/portal\/alocons4\/?page_id=2644"},"modified":"2019-09-27T02:15:43","modified_gmt":"2019-09-27T00:15:43","slug":"architekti-a-generalni-projektanti","status":"publish","type":"page","link":"https:\/\/www.alocons.com\/?page_id=2644","title":{"rendered":"Architekti a gener\u00e1lni projektanti"},"content":{"rendered":"<table border=\"1\" cellspacing=\"0\" cellpadding=\"0\">\n<tbody>\n<tr>\n<td style=\"background-image: url('http:\/\/www.alocons.com\/portal\/wp-content\/uploads\/ALO_DARK-raster_SVZE29-10.gif');\" valign=\"top\"><span style=\"font-size: small; color: #888888;\"><strong><span style=\"font-family: verdana, geneva;\">Pre architektov a gener\u00e1lnych projektantov poskytujeme poradensk\u00fa konzulta\u010dn\u00fa \u010dinnos\u0165 pri projektovej pr\u00edprave invest\u00edcie, napr. formou spracovania:<\/span><\/strong><\/span><\/td>\n<td style=\"width: 162px; background-image: url('http:\/\/www.alocons.com\/portal\/wp-content\/uploads\/ALO_DARK-raster_SVZE29-50.gif');\" align=\"left\" valign=\"top\"><img loading=\"lazy\" decoding=\"async\" class=\"alignleft\" src=\"http:\/\/www.alocons.com\/portal\/wp-content\/uploads\/pumerle-MAG.gif\" alt=\"pumerle-MAG\" width=\"21\" height=\"21\"><\/td>\n<\/tr>\n<tr>\n<td style=\"width: 643px;\" valign=\"top\">&nbsp;<\/td>\n<td style=\"width: 162px;\" align=\"left\" valign=\"top\">&nbsp;<\/td>\n<\/tr>\n<tr>\n<td style=\"width: 643px; height: 450px; border: 6px solid #f5f5f5;\" valign=\"top\">\n<ul>\n<li><em><span style=\"font-family: verdana, geneva;\">projektov\u00e9ho hodnotenia energetickej hospod\u00e1rnosti budov do dokument\u00e1cie pre z\u00edskanie stavebn\u00e9ho povolenia v zmysle Z\u00e1kona \u010d. 300\/2012 Z.z.,<\/span><\/em><\/li>\n<li><em><span style=\"font-family: verdana, geneva;\">rie\u0161en\u00ed stavebno-fyzik\u00e1lnych probl\u00e9mov a n\u00e1vrhov\/pos\u00faden\u00ed opatren\u00ed pre dosiahnutie tepelnej, vizu\u00e1lnej a akustickej pohody u\u017e\u00edvate\u013eov budov,<\/span><\/em><\/li>\n<li><em><span style=\"font-family: verdana, geneva;\">pr\u00edpravy podkladov pre certifk\u00e1ciu trvalej udr\u017eate\u013enosti v \u0161t\u00e1diu projektovej dokument\u00e1cie pre certifika\u010dn\u00e9 syst\u00e9my BREEAM<sup>\u00ae<\/sup> International, alebo LEED<sup>\u00ae<\/sup>.<\/span><\/em><\/li>\n<\/ul>\n<\/td>\n<td style=\"width: 162px;\" align=\"left\" valign=\"top\"><b><i><b><img loading=\"lazy\" decoding=\"async\" src=\"http:\/\/www.alocons.com\/portal\/wp-content\/uploads\/alo-logo_new_01d-01.png\" alt=\"alo-logo_new_01d-01\" width=\"126\" height=\"45\"><\/b><\/i><\/b><\/td>\n<\/tr>\n<tr>\n<td valign=\"top\" width=\"643\">&nbsp;<\/td>\n<td style=\"width: 162px;\" align=\"left\" valign=\"top\"><b>&nbsp;<\/b><\/td>\n<\/tr>\n<\/tbody>\n<\/table>\n<div><span class=\"Apple-style-span\" style=\"border-collapse: collapse; font-size: 16px; font-weight: 800; line-height: 24px;\"><b style=\"font-family: Georgia, 'Bitstream Charter', serif; color: #000000; line-height: 1.5;\"><i style=\"font-family: Georgia, 'Bitstream Charter', serif; color: #444444; line-height: 1.5; font-style: italic; border: initial none initial;\"><b style=\"font-family: Georgia, 'Bitstream Charter', serif; color: #000000; line-height: 1.5;\">&nbsp;<\/b><\/i><\/b><\/span><\/div>\n","protected":false},"excerpt":{"rendered":"<p>Pre architektov a gener\u00e1lnych projektantov poskytujeme poradensk\u00fa konzulta\u010dn\u00fa \u010dinnos\u0165 pri projektovej pr\u00edprave invest\u00edcie, napr. formou spracovania: &nbsp; &nbsp; projektov\u00e9ho hodnotenia energetickej hospod\u00e1rnosti budov do dokument\u00e1cie pre z\u00edskanie stavebn\u00e9ho povolenia v zmysle Z\u00e1kona \u010d. 300\/2012 Z.z., rie\u0161en\u00ed stavebno-fyzik\u00e1lnych probl\u00e9mov a n\u00e1vrhov\/pos\u00faden\u00ed opatren\u00ed pre dosiahnutie tepelnej, vizu\u00e1lnej a akustickej pohody u\u017e\u00edvate\u013eov budov, \u2026 <a class=\"continue-reading-link\" href=\"https:\/\/www.alocons.com\/?page_id=2644\">Viac <span class=\"meta-nav\">&rarr; <\/span><\/a><\/p>\n","protected":false},"author":1,"featured_media":0,"parent":2601,"menu_order":10,"comment_status":"closed","ping_status":"closed","template":"","meta":{"ngg_post_thumbnail":0,"footnotes":""},"class_list":["post-2644","page","type-page","status-publish","hentry"],"_links":{"self":[{"href":"https:\/\/www.alocons.com\/index.php?rest_route=\/wp\/v2\/pages\/2644","targetHints":{"allow":["GET"]}}],"collection":[{"href":"https:\/\/www.alocons.com\/index.php?rest_route=\/wp\/v2\/pages"}],"about":[{"href":"https:\/\/www.alocons.com\/index.php?rest_route=\/wp\/v2\/types\/page"}],"author":[{"embeddable":true,"href":"https:\/\/www.alocons.com\/index.php?rest_route=\/wp\/v2\/users\/1"}],"replies":[{"embeddable":true,"href":"https:\/\/www.alocons.com\/index.php?rest_route=%2Fwp%2Fv2%2Fcomments&post=2644"}],"version-history":[{"count":5,"href":"https:\/\/www.alocons.com\/index.php?rest_route=\/wp\/v2\/pages\/2644\/revisions"}],"predecessor-version":[{"id":7693,"href":"https:\/\/www.alocons.com\/index.php?rest_route=\/wp\/v2\/pages\/2644\/revisions\/7693"}],"up":[{"embeddable":true,"href":"https:\/\/www.alocons.com\/index.php?rest_route=\/wp\/v2\/pages\/2601"}],"wp:attachment":[{"href":"https:\/\/www.alocons.com\/index.php?rest_route=%2Fwp%2Fv2%2Fmedia&parent=2644"}],"curies":[{"name":"wp","href":"https:\/\/api.w.org\/{rel}","templated":true}]}}