{"id":2643,"date":"2013-05-11T20:35:27","date_gmt":"2013-05-11T18:35:27","guid":{"rendered":"http:\/\/www.atx.sk\/alocons\/portal\/alocons4\/?page_id=2643"},"modified":"2019-09-27T02:15:35","modified_gmt":"2019-09-27T00:15:35","slug":"investori-a-developeri","status":"publish","type":"page","link":"https:\/\/www.alocons.com\/?page_id=2643","title":{"rendered":"Investori a developeri"},"content":{"rendered":"<table border=\"0\" cellspacing=\"0\" cellpadding=\"0\">\n<tbody>\n<tr>\n<td style=\"background-image: url('http:\/\/www.alocons.com\/portal\/wp-content\/uploads\/ALO_DARK-raster_OKER31-10.gif'); border: 1px solid #ffffff;\">\n<p><span style=\"font-size: small;\"><strong><span style=\"font-family: verdana, geneva;\">Pre investorov a developerov poskytujeme poradensk\u00fa a konzulta\u010dn\u00fa \u010dinnos\u0165 pri pr\u00edprave a realiz\u00e1cii invest\u00edcie, napr. formou spracovania:<\/span><\/strong><\/span><\/p>\n<\/td>\n<td style=\"width: 162px; background-image: url('http:\/\/www.alocons.com\/portal\/wp-content\/uploads\/ALO_DARK-raster_OKER31-50.gif'); border: 1px solid #ffffff;\" align=\"left\" valign=\"top\"><img loading=\"lazy\" decoding=\"async\" class=\"alignleft\" src=\"http:\/\/www.alocons.com\/portal\/wp-content\/uploads\/pumerle-MAG.gif\" alt=\"pumerle-MAG\" width=\"21\" height=\"21\"><\/td>\n<\/tr>\n<tr>\n<td style=\"width: 643px;\" valign=\"top\">&nbsp;<\/td>\n<td style=\"width: 162px;\" align=\"left\" valign=\"top\">&nbsp;<\/td>\n<\/tr>\n<tr>\n<td style=\"width: 643px; height: 450px; border: 6px solid #f5f5f5;\" valign=\"top\">\n<ul>\n<li>\n<p><em><span style=\"font-family: verdana, geneva;\">technicko-ekonomick\u00fdch \u0161t\u00fadi\u00ed k energetick\u00fdm koncepci\u00e1m budov,<\/span><\/em><\/p>\n<\/li>\n<li>\n<p><em><span style=\"font-family: verdana, geneva;\">\u0161t\u00fadi\u00ed a strat\u00e9gi\u00ed trvalej udr\u017eate\u013enosti,<\/span><\/em><\/p>\n<\/li>\n<li>\n<p><em><span style=\"font-family: verdana, geneva;\">strat\u00e9gi\u00ed a \u0161t\u00fadi\u00ed uskuto\u010dnite\u013enosti vyu\u017e\u00edvania obnovite\u013en\u00fdch zdrojov energie,<\/span><\/em><\/p>\n<\/li>\n<li>\n<p><em><span style=\"font-family: verdana, geneva;\">podkladov pre v\u00fdbery dod\u00e1vate\u013eov infra\u0161trukt\u00fary, techniky prostredia a slu\u017eieb facility managementu,<\/span><\/em><\/p>\n<\/li>\n<li>\n<p><em><span style=\"font-family: verdana, geneva;\">certifik\u00e1cia energetickej hospod\u00e1rnosti budov v zmysle Z\u00e1kona \u010d. 555\/2005 Z.z. o energetickej hospod\u00e1rnosti budov v znen\u00ed neskor\u0161\u00edch zmien vr\u00e1tane Z\u00e1kona \u010d. 300\/2012 Z.z. a pod\u013ea Vyhl. MDVRR SR \u010d. 364\/2012 Z.z.,<\/span><\/em><\/p>\n<\/li>\n<li>\n<p><em><span style=\"font-family: verdana, geneva;\">audity efekt\u00edvnosti spotreby energie v zmysle Z\u00e1kona \u010d. 321\/2014 Z.z. o energetickej efekt\u00edvnosti a pod\u013ea Vyhl. MH SR 179\/2015 Z.z.,<\/span><\/em><\/p>\n<\/li>\n<li>\n<p><em><span style=\"font-family: verdana, geneva;\">certifik\u00e1cia trvalej udr\u017eate\u013enosti pod\u013ea BREEAM\u00ae International, alebo LEED<sup>\u00ae<\/sup>,<\/span><\/em><\/p>\n<\/li>\n<li>\n<p><em><span style=\"font-family: verdana, geneva;\">nez\u00e1visl\u00e9 overovanie funk\u010dnosti syst\u00e9mov infra\u0161trukt\u00fary a techniky prostredia v budov\u00e1ch pri ich uv\u00e1dzan\u00ed do chodu.<\/span><\/em><\/p>\n<\/li>\n<\/ul>\n<\/td>\n<td style=\"width: 162px;\" align=\"left\" valign=\"top\"><b><i><b><img loading=\"lazy\" decoding=\"async\" src=\"http:\/\/www.alocons.com\/portal\/wp-content\/uploads\/alo-logo_new_01d-01.png\" alt=\"alo-logo_new_01d-01\" width=\"126\" height=\"45\"><\/b><\/i><\/b><\/td>\n<\/tr>\n<tr>\n<td valign=\"top\" width=\"643\">&nbsp;<\/td>\n<td style=\"width: 162px;\" align=\"left\" valign=\"top\"><b>&nbsp;<\/b><\/td>\n<\/tr>\n<\/tbody>\n<\/table>\n","protected":false},"excerpt":{"rendered":"<p>Pre investorov a developerov poskytujeme poradensk\u00fa a konzulta\u010dn\u00fa \u010dinnos\u0165 pri pr\u00edprave a realiz\u00e1cii invest\u00edcie, napr. formou spracovania: &nbsp; &nbsp; technicko-ekonomick\u00fdch \u0161t\u00fadi\u00ed k energetick\u00fdm koncepci\u00e1m budov, \u0161t\u00fadi\u00ed a strat\u00e9gi\u00ed trvalej udr\u017eate\u013enosti, strat\u00e9gi\u00ed a \u0161t\u00fadi\u00ed uskuto\u010dnite\u013enosti vyu\u017e\u00edvania obnovite\u013en\u00fdch zdrojov energie, podkladov pre v\u00fdbery dod\u00e1vate\u013eov infra\u0161trukt\u00fary, techniky prostredia a slu\u017eieb facility managementu, certifik\u00e1cia \u2026 <a class=\"continue-reading-link\" href=\"https:\/\/www.alocons.com\/?page_id=2643\">Viac <span class=\"meta-nav\">&rarr; <\/span><\/a><\/p>\n","protected":false},"author":1,"featured_media":0,"parent":2601,"menu_order":9,"comment_status":"closed","ping_status":"closed","template":"","meta":{"ngg_post_thumbnail":0,"footnotes":""},"class_list":["post-2643","page","type-page","status-publish","hentry"],"_links":{"self":[{"href":"https:\/\/www.alocons.com\/index.php?rest_route=\/wp\/v2\/pages\/2643","targetHints":{"allow":["GET"]}}],"collection":[{"href":"https:\/\/www.alocons.com\/index.php?rest_route=\/wp\/v2\/pages"}],"about":[{"href":"https:\/\/www.alocons.com\/index.php?rest_route=\/wp\/v2\/types\/page"}],"author":[{"embeddable":true,"href":"https:\/\/www.alocons.com\/index.php?rest_route=\/wp\/v2\/users\/1"}],"replies":[{"embeddable":true,"href":"https:\/\/www.alocons.com\/index.php?rest_route=%2Fwp%2Fv2%2Fcomments&post=2643"}],"version-history":[{"count":5,"href":"https:\/\/www.alocons.com\/index.php?rest_route=\/wp\/v2\/pages\/2643\/revisions"}],"predecessor-version":[{"id":7692,"href":"https:\/\/www.alocons.com\/index.php?rest_route=\/wp\/v2\/pages\/2643\/revisions\/7692"}],"up":[{"embeddable":true,"href":"https:\/\/www.alocons.com\/index.php?rest_route=\/wp\/v2\/pages\/2601"}],"wp:attachment":[{"href":"https:\/\/www.alocons.com\/index.php?rest_route=%2Fwp%2Fv2%2Fmedia&parent=2643"}],"curies":[{"name":"wp","href":"https:\/\/api.w.org\/{rel}","templated":true}]}}