{"id":2629,"date":"2013-05-11T20:27:28","date_gmt":"2013-05-11T18:27:28","guid":{"rendered":"http:\/\/www.atx.sk\/alocons\/portal\/alocons4\/?page_id=2629"},"modified":"2019-09-27T01:48:33","modified_gmt":"2019-09-26T23:48:33","slug":"efektivnost","status":"publish","type":"page","link":"https:\/\/www.alocons.com\/?page_id=2629","title":{"rendered":"EFEKT\u00cdVNOS\u0164"},"content":{"rendered":"<table border=\"1\" cellspacing=\"0\" cellpadding=\"0\">\n<tbody>\n<tr>\n<td style=\"width: 643px;\" valign=\"top\">\n<p style=\"text-align: justify;\"><strong><span style=\"color: #888888; font-family: verdana, geneva;\">Budovy s\u00fa pre \u010dinnos\u0165 \u013eud\u00ed nevyhnutnos\u0165ou. Pod\u013ea viacer\u00fdch v\u00fdskumov s&nbsp;ich v\u00fdstavbou, prev\u00e1dzkou a&nbsp;udr\u017eiavan\u00edm celosvetovo s\u00favis\u00ed pribli\u017ene:<\/span><\/strong><\/p>\n<\/td>\n<td style=\"width: 162px;\" align=\"left\" valign=\"top\"><b><img loading=\"lazy\" decoding=\"async\" class=\"alignleft\" src=\"http:\/\/www.alocons.com\/portal\/wp-content\/uploads\/alo-MARK_C-blue22.png\" alt=\"alo-MARK_C-blue22\" width=\"126\" height=\"10\"><\/b><\/td>\n<\/tr>\n<tr>\n<td style=\"width: 643px;\" valign=\"top\">\n<ul>\n<li>40-50% spotreby surov\u00edn,<\/li>\n<li>30-40% spotreby energie,<\/li>\n<li>33% produkcie CO<sub>2<\/sub>,<\/li>\n<li>25% spotreby v\u0161etk\u00e9ho vy\u0165a\u017een\u00e9ho dreva<\/li>\n<li>17% spotreby pitnej vody&nbsp;<\/li>\n<\/ul>\n<\/td>\n<td style=\"width: 162px;\" align=\"left\" valign=\"top\">&nbsp;<\/td>\n<\/tr>\n<\/tbody>\n<\/table>\n<table border=\"1\" cellspacing=\"0\" cellpadding=\"0\">\n<tbody>\n<tr>\n<td style=\"text-align: right; width: 643px;\">\n<p><span style=\"font-size: large;\"><strong><span style=\"font-family: 'courier new', courier; color: #ff6600;\">Efekt\u00edvne vyu\u017e\u00edvanie zdrojov sa stalo ekologickou a ekonomickou nevyhnutnos\u0165ou.<\/span><\/strong><\/span><\/p>\n<\/td>\n<td style=\"width: 162px;\" align=\"left\" valign=\"top\"><img loading=\"lazy\" decoding=\"async\" src=\"http:\/\/www.alocons.com\/portal\/wp-content\/uploads\/alo-MARK_Q-orange2.png\" alt=\"alo-MARK_Q-orange2\" width=\"42\" height=\"42\"><\/td>\n<\/tr>\n<\/tbody>\n<\/table>\n<table style=\"height: 202px; ;width: 802px;\" border=\"0\" cellspacing=\"0\" cellpadding=\"0\" align=\"right\">\n<tbody>\n<tr>\n<td style=\"background-image: url('http:\/\/www.alocons.com\/portal\/wp-content\/uploads\/ALO_DARK-raster_SEDA.gif');\" align=\"right\" valign=\"bottom\"><a href=\"https:\/\/www.alocons.com\/portal\/wp-content\/uploads\/alo_pict-4x200_02a08.jpg\"><img loading=\"lazy\" decoding=\"async\" class=\"alignnone size-thumbnail wp-image-7655\" src=\"https:\/\/www.alocons.com\/portal\/wp-content\/uploads\/alo_pict-4x200_02a08-175x175.jpg\" alt=\"\" width=\"175\" height=\"175\" srcset=\"https:\/\/www.alocons.com\/portal\/wp-content\/uploads\/alo_pict-4x200_02a08-175x175.jpg 175w, https:\/\/www.alocons.com\/portal\/wp-content\/uploads\/alo_pict-4x200_02a08-150x150.jpg 150w, https:\/\/www.alocons.com\/portal\/wp-content\/uploads\/alo_pict-4x200_02a08-125x125.jpg 125w, https:\/\/www.alocons.com\/portal\/wp-content\/uploads\/alo_pict-4x200_02a08.jpg 201w\" sizes=\"auto, (max-width: 175px) 100vw, 175px\" \/><\/a> <a href=\"https:\/\/www.alocons.com\/portal\/wp-content\/uploads\/alo_pict-4x200_02b08.jpg\"><img loading=\"lazy\" decoding=\"async\" class=\"alignnone size-thumbnail wp-image-7654\" src=\"https:\/\/www.alocons.com\/portal\/wp-content\/uploads\/alo_pict-4x200_02b08-175x175.jpg\" alt=\"\" width=\"175\" height=\"175\" srcset=\"https:\/\/www.alocons.com\/portal\/wp-content\/uploads\/alo_pict-4x200_02b08-175x175.jpg 175w, https:\/\/www.alocons.com\/portal\/wp-content\/uploads\/alo_pict-4x200_02b08-150x150.jpg 150w, https:\/\/www.alocons.com\/portal\/wp-content\/uploads\/alo_pict-4x200_02b08-125x125.jpg 125w, https:\/\/www.alocons.com\/portal\/wp-content\/uploads\/alo_pict-4x200_02b08.jpg 199w\" sizes=\"auto, (max-width: 175px) 100vw, 175px\" \/><\/a> <a href=\"https:\/\/www.alocons.com\/portal\/wp-content\/uploads\/alo_pict-4x200_02c08.jpg\"><img loading=\"lazy\" decoding=\"async\" class=\"alignnone size-thumbnail wp-image-7653\" src=\"https:\/\/www.alocons.com\/portal\/wp-content\/uploads\/alo_pict-4x200_02c08-175x175.jpg\" alt=\"\" width=\"175\" height=\"175\" srcset=\"https:\/\/www.alocons.com\/portal\/wp-content\/uploads\/alo_pict-4x200_02c08-175x175.jpg 175w, https:\/\/www.alocons.com\/portal\/wp-content\/uploads\/alo_pict-4x200_02c08-150x150.jpg 150w, https:\/\/www.alocons.com\/portal\/wp-content\/uploads\/alo_pict-4x200_02c08-125x125.jpg 125w, https:\/\/www.alocons.com\/portal\/wp-content\/uploads\/alo_pict-4x200_02c08.jpg 201w\" sizes=\"auto, (max-width: 175px) 100vw, 175px\" \/> <\/a><a href=\"https:\/\/www.alocons.com\/portal\/wp-content\/uploads\/alo_pict-4x200_02d08.jpg\"><img loading=\"lazy\" decoding=\"async\" class=\"alignnone size-thumbnail wp-image-7652\" src=\"https:\/\/www.alocons.com\/portal\/wp-content\/uploads\/alo_pict-4x200_02d08-175x175.jpg\" alt=\"\" width=\"175\" height=\"175\" srcset=\"https:\/\/www.alocons.com\/portal\/wp-content\/uploads\/alo_pict-4x200_02d08-175x175.jpg 175w, https:\/\/www.alocons.com\/portal\/wp-content\/uploads\/alo_pict-4x200_02d08-150x150.jpg 150w, https:\/\/www.alocons.com\/portal\/wp-content\/uploads\/alo_pict-4x200_02d08-125x125.jpg 125w, https:\/\/www.alocons.com\/portal\/wp-content\/uploads\/alo_pict-4x200_02d08.jpg 199w\" sizes=\"auto, (max-width: 175px) 100vw, 175px\" \/><\/a><\/td>\n<\/tr>\n<\/tbody>\n<\/table>\n<hr>\n<table border=\"1\" cellspacing=\"0\" cellpadding=\"0\">\n<tbody>\n<tr>\n<td valign=\"top\" width=\"643\">\n<p style=\"text-align: justify;\">&nbsp;<\/p>\n<\/td>\n<td style=\"width: 162px;\" align=\"left\" valign=\"top\">&nbsp;<\/td>\n<\/tr>\n<tr>\n<td style=\"width: 643px; background-color: #eaf2e9; border: 6px solid #eaf2e9;\" valign=\"top\">\n<p style=\"text-align: justify;\"><strong><span style=\"color: #669900; font-family: verdana, geneva;\">Pom\u00e1hame na\u0161im klientom vo zvy\u0161ovan\u00ed ich efekt\u00edvnosti vyu\u017e\u00edvania zdrojov vytv\u00e1ran\u00edm rie\u0161en\u00ed v&nbsp;oblasti:&nbsp;<\/span><\/strong><\/p>\n<\/td>\n<td style=\"background-image: url('http:\/\/www.alocons.com\/portal\/wp-content\/uploads\/bg_svseda.gif');\" align=\"left\" valign=\"top\">\n<p><img loading=\"lazy\" decoding=\"async\" class=\"alignnone size-full wp-image-4600\" src=\"http:\/\/www.alocons.com\/portal\/wp-content\/uploads\/alo-logo_new_01d-01.png\" alt=\"alo-logo_new_01d-01\" width=\"126\" height=\"45\" srcset=\"https:\/\/www.alocons.com\/portal\/wp-content\/uploads\/alo-logo_new_01d-01.png 126w, https:\/\/www.alocons.com\/portal\/wp-content\/uploads\/alo-logo_new_01d-01-125x45.png 125w\" sizes=\"auto, (max-width: 126px) 100vw, 126px\" \/><\/p>\n<\/td>\n<\/tr>\n<tr>\n<td style=\"width: 643px; border: 6px solid #eaf2e9;\" valign=\"top\">\n<ul>\n<li><strong>zni\u017eovania potreby prim\u00e1rnej energie,<\/strong><\/li>\n<li><strong>zvy\u0161ovania \u00fa\u010dinnosti pri premen\u00e1ch foriem energie,<\/strong><\/li>\n<li><strong>sp\u00e4tn\u00e9ho z\u00edskavania n\u00edzkopotenci\u00e1lnych foriem energie,<\/strong><\/li>\n<li><strong>v\u00fdberu a n\u00e1vrhu efekt\u00edvnych pracovn\u00fdch postupov,<\/strong><\/li>\n<li><strong>v\u00fdberu materi\u00e1lov a surov\u00edn.<\/strong><\/li>\n<\/ul>\n<\/td>\n<td style=\"width: 162px;\" align=\"left\" valign=\"top\"><b>&nbsp;<\/b><\/td>\n<\/tr>\n<\/tbody>\n<\/table>\n<p><strong>&nbsp;<\/strong><\/p>\n","protected":false},"excerpt":{"rendered":"<p>Budovy s\u00fa pre \u010dinnos\u0165 \u013eud\u00ed nevyhnutnos\u0165ou. Pod\u013ea viacer\u00fdch v\u00fdskumov s&nbsp;ich v\u00fdstavbou, prev\u00e1dzkou a&nbsp;udr\u017eiavan\u00edm celosvetovo s\u00favis\u00ed pribli\u017ene: 40-50% spotreby surov\u00edn, 30-40% spotreby energie, 33% produkcie CO2, 25% spotreby v\u0161etk\u00e9ho vy\u0165a\u017een\u00e9ho dreva 17% spotreby pitnej vody&nbsp; &nbsp; Efekt\u00edvne vyu\u017e\u00edvanie zdrojov sa stalo ekologickou a ekonomickou nevyhnutnos\u0165ou. &nbsp; &nbsp; Pom\u00e1hame na\u0161im klientom vo \u2026 <a class=\"continue-reading-link\" href=\"https:\/\/www.alocons.com\/?page_id=2629\">Viac <span class=\"meta-nav\">&rarr; <\/span><\/a><\/p>\n","protected":false},"author":1,"featured_media":0,"parent":2600,"menu_order":12,"comment_status":"closed","ping_status":"closed","template":"","meta":{"ngg_post_thumbnail":0,"footnotes":""},"class_list":["post-2629","page","type-page","status-publish","hentry"],"_links":{"self":[{"href":"https:\/\/www.alocons.com\/index.php?rest_route=\/wp\/v2\/pages\/2629","targetHints":{"allow":["GET"]}}],"collection":[{"href":"https:\/\/www.alocons.com\/index.php?rest_route=\/wp\/v2\/pages"}],"about":[{"href":"https:\/\/www.alocons.com\/index.php?rest_route=\/wp\/v2\/types\/page"}],"author":[{"embeddable":true,"href":"https:\/\/www.alocons.com\/index.php?rest_route=\/wp\/v2\/users\/1"}],"replies":[{"embeddable":true,"href":"https:\/\/www.alocons.com\/index.php?rest_route=%2Fwp%2Fv2%2Fcomments&post=2629"}],"version-history":[{"count":8,"href":"https:\/\/www.alocons.com\/index.php?rest_route=\/wp\/v2\/pages\/2629\/revisions"}],"predecessor-version":[{"id":7669,"href":"https:\/\/www.alocons.com\/index.php?rest_route=\/wp\/v2\/pages\/2629\/revisions\/7669"}],"up":[{"embeddable":true,"href":"https:\/\/www.alocons.com\/index.php?rest_route=\/wp\/v2\/pages\/2600"}],"wp:attachment":[{"href":"https:\/\/www.alocons.com\/index.php?rest_route=%2Fwp%2Fv2%2Fmedia&parent=2629"}],"curies":[{"name":"wp","href":"https:\/\/api.w.org\/{rel}","templated":true}]}}