{"id":2628,"date":"2013-05-11T20:25:06","date_gmt":"2013-05-11T18:25:06","guid":{"rendered":"http:\/\/www.atx.sk\/alocons\/portal\/alocons4\/?page_id=2628"},"modified":"2019-09-27T01:54:37","modified_gmt":"2019-09-26T23:54:37","slug":"zodpovednost","status":"publish","type":"page","link":"https:\/\/www.alocons.com\/?page_id=2628","title":{"rendered":"ZODPOVEDNOS\u0164"},"content":{"rendered":"<table border=\"1\" cellspacing=\"0\" cellpadding=\"0\">\n<tbody>\n<tr>\n<td style=\"width: 643px;\" valign=\"top\">\n<p style=\"text-align: justify;\"><strong><span style=\"color: #888888; font-family: verdana, geneva;\">Pod\u013ea neziskovej medzin\u00e1rodnej organiz\u00e1cie <\/span><a href=\"http:\/\/www.footprintnetwork.org\/en\/index.php\/GFN\/\">&nbsp;Global Footprint Network <\/a><a href=\"https:\/\/www.alocons.com\/portal\/wp-content\/uploads\/LINK-mark_GREEN.gif\"><img loading=\"lazy\" decoding=\"async\" class=\"alignnone size-full wp-image-4295\" src=\"https:\/\/www.alocons.com\/portal\/wp-content\/uploads\/LINK-mark_GREEN.gif\" alt=\"\" width=\"13\" height=\"13\"><\/a><span style=\"color: #888888; font-family: verdana, geneva;\">&nbsp;\u013eudstvo vyu\u017e\u00edva zdroje na\u0161ej plan\u00e9ty Zem nad jej kapacity. <\/span><a href=\"http:\/\/www.overshootday.org\/\">V s\u00fa\u010dasnosti by sme pod\u013ea v\u00fdsledkov roka 2012 potrebovali na uspokojenie na\u0161ich potrieb po zdrojoch 1,56 plan\u00e9ty Zem <\/a><a href=\"https:\/\/www.alocons.com\/portal\/wp-content\/uploads\/LINK-mark_GREEN.gif\"><img loading=\"lazy\" decoding=\"async\" class=\"alignnone size-full wp-image-4295\" src=\"https:\/\/www.alocons.com\/portal\/wp-content\/uploads\/LINK-mark_GREEN.gif\" alt=\"\" width=\"13\" height=\"13\"><\/a><a href=\"http:\/\/www.overshootday.org\/\">.<\/a><span style=\"color: #888888; font-family: verdana, geneva;\">&nbsp;Zhrnutie k tejto problematike je vo videu <\/span><a href=\"https:\/\/youtu.be\/zMvpAz38qSo\">Global Footprint Network.<\/a>&nbsp;<\/strong><strong><span style=\"color: #888888; font-family: verdana, geneva;\">Pod\u013ea v\u00fdsledkov roka 1980 \u013eudstvo za\u010dalo spotreb\u00fava\u0165 viac zdrojov, ne\u017e m\u00e1 k dispoz\u00edcii na plan\u00e9te Zem. Odvtedy sa rozdiel medzi disponibiln\u00fdmi zdrojmi a ich vyu\u017e\u00edvan\u00edm st\u00e1le zv\u00e4\u010d\u0161uje.<\/span><\/strong><\/p>\n<p style=\"text-align: justify;\"><strong><a href=\"http:\/\/www.alocons.com\/?page_id=4529\">Ak by sa ka\u017ed\u00fd obyvate\u013e Zeme spr\u00e1val, ako obyvate\u013e Slovenska, tak by sme pod\u013ea v\u00fdsledkov roka 2012, potrebovali 2,62 plan\u00e9ty Zem <\/a><a href=\"https:\/\/www.alocons.com\/portal\/wp-content\/uploads\/LINK-mark_GREEN.gif\"><img loading=\"lazy\" decoding=\"async\" class=\"alignnone size-full wp-image-4295\" src=\"https:\/\/www.alocons.com\/portal\/wp-content\/uploads\/LINK-mark_GREEN.gif\" alt=\"\" width=\"13\" height=\"13\"><\/a><a href=\"http:\/\/www.alocons.com\/?page_id=4529\">.<\/a><span style=\"color: #888888; font-family: verdana, geneva;\">&nbsp;Pre ostatn\u00e9 krajiny sa daj\u00fa v\u00fdsledky stiahnu\u0165 na str\u00e1nke <\/span>&nbsp;Global Footprint Network.<\/strong><\/p>\n<p style=\"text-align: justify;\">&nbsp;<\/p>\n<\/td>\n<td style=\"width: 162px;\" align=\"left\" valign=\"top\"><b><b><b><img loading=\"lazy\" decoding=\"async\" class=\"alignleft\" src=\"http:\/\/www.alocons.com\/portal\/wp-content\/uploads\/alo-MARK_C-blue22.png\" alt=\"alo-MARK_C-blue22\" width=\"126\" height=\"10\"><\/b><\/b><\/b><\/td>\n<\/tr>\n<\/tbody>\n<\/table>\n<table border=\"1\" cellspacing=\"0\" cellpadding=\"0\">\n<tbody>\n<tr>\n<td style=\"text-align: right; width: 643px; height: 72px;\" valign=\"top\"><span style=\"font-size: large;\"><strong><span style=\"color: #ff6600; font-family: 'courier new', courier;\">Zodpovednos\u0165 v&nbsp;podnikan\u00ed a&nbsp;v&nbsp;spr\u00e1ve vec\u00ed verejn\u00fdch sa stala nevyhnutnos\u0165ou.<\/span><\/strong><\/span><\/td>\n<td style=\"width: 162px;\" align=\"left\" valign=\"top\"><img loading=\"lazy\" decoding=\"async\" class=\"size-full wp-image-1926 alignleft\" src=\"http:\/\/www.alocons.com\/portal\/wp-content\/uploads\/alo-MARK_Q-orange2.png\" alt=\"alo-MARK_Q-orange2\" width=\"42\" height=\"42\"><\/td>\n<\/tr>\n<\/tbody>\n<\/table>\n<table style=\"height: 202px; ;width: 802px;\" border=\"0\" cellspacing=\"0\" cellpadding=\"0\" align=\"right\">\n<tbody>\n<tr>\n<td style=\"background-image: url('http:\/\/www.alocons.com\/portal\/wp-content\/uploads\/ALO_DARK-raster_SEDA.gif');\" align=\"right\" valign=\"bottom\"><a href=\"https:\/\/www.alocons.com\/portal\/wp-content\/uploads\/alo_pict-4x200_02a12.jpg\"><img loading=\"lazy\" decoding=\"async\" class=\"alignnone size-thumbnail wp-image-7651\" src=\"https:\/\/www.alocons.com\/portal\/wp-content\/uploads\/alo_pict-4x200_02a12-175x175.jpg\" alt=\"\" width=\"175\" height=\"175\" srcset=\"https:\/\/www.alocons.com\/portal\/wp-content\/uploads\/alo_pict-4x200_02a12-175x175.jpg 175w, https:\/\/www.alocons.com\/portal\/wp-content\/uploads\/alo_pict-4x200_02a12-150x150.jpg 150w, https:\/\/www.alocons.com\/portal\/wp-content\/uploads\/alo_pict-4x200_02a12-125x125.jpg 125w, https:\/\/www.alocons.com\/portal\/wp-content\/uploads\/alo_pict-4x200_02a12.jpg 201w\" sizes=\"auto, (max-width: 175px) 100vw, 175px\" \/><\/a> <a href=\"https:\/\/www.alocons.com\/portal\/wp-content\/uploads\/alo_pict-4x200_02b12.jpg\"><img loading=\"lazy\" decoding=\"async\" class=\"alignnone size-thumbnail wp-image-7650\" src=\"https:\/\/www.alocons.com\/portal\/wp-content\/uploads\/alo_pict-4x200_02b12-175x175.jpg\" alt=\"\" width=\"175\" height=\"175\" srcset=\"https:\/\/www.alocons.com\/portal\/wp-content\/uploads\/alo_pict-4x200_02b12-175x175.jpg 175w, https:\/\/www.alocons.com\/portal\/wp-content\/uploads\/alo_pict-4x200_02b12-150x150.jpg 150w, https:\/\/www.alocons.com\/portal\/wp-content\/uploads\/alo_pict-4x200_02b12-125x125.jpg 125w, https:\/\/www.alocons.com\/portal\/wp-content\/uploads\/alo_pict-4x200_02b12.jpg 199w\" sizes=\"auto, (max-width: 175px) 100vw, 175px\" \/><\/a>&nbsp;<a href=\"https:\/\/www.alocons.com\/portal\/wp-content\/uploads\/alo_pict-4x200_02d12.jpg\"><img loading=\"lazy\" decoding=\"async\" class=\"alignnone size-thumbnail wp-image-7648\" src=\"https:\/\/www.alocons.com\/portal\/wp-content\/uploads\/alo_pict-4x200_02d12-175x175.jpg\" alt=\"\" width=\"175\" height=\"175\" srcset=\"https:\/\/www.alocons.com\/portal\/wp-content\/uploads\/alo_pict-4x200_02d12-175x175.jpg 175w, https:\/\/www.alocons.com\/portal\/wp-content\/uploads\/alo_pict-4x200_02d12-150x150.jpg 150w, https:\/\/www.alocons.com\/portal\/wp-content\/uploads\/alo_pict-4x200_02d12-125x125.jpg 125w, https:\/\/www.alocons.com\/portal\/wp-content\/uploads\/alo_pict-4x200_02d12.jpg 199w\" sizes=\"auto, (max-width: 175px) 100vw, 175px\" \/> <\/a> <a href=\"https:\/\/www.alocons.com\/portal\/wp-content\/uploads\/alo_pict-4x200_02c12.jpg\"><img loading=\"lazy\" decoding=\"async\" class=\"alignnone size-thumbnail wp-image-7649\" src=\"https:\/\/www.alocons.com\/portal\/wp-content\/uploads\/alo_pict-4x200_02c12-175x175.jpg\" alt=\"\" width=\"175\" height=\"175\" srcset=\"https:\/\/www.alocons.com\/portal\/wp-content\/uploads\/alo_pict-4x200_02c12-175x175.jpg 175w, https:\/\/www.alocons.com\/portal\/wp-content\/uploads\/alo_pict-4x200_02c12-150x150.jpg 150w, https:\/\/www.alocons.com\/portal\/wp-content\/uploads\/alo_pict-4x200_02c12-125x125.jpg 125w, https:\/\/www.alocons.com\/portal\/wp-content\/uploads\/alo_pict-4x200_02c12.jpg 201w\" sizes=\"auto, (max-width: 175px) 100vw, 175px\" \/><\/a><\/td>\n<\/tr>\n<\/tbody>\n<\/table>\n<hr>\n<table border=\"1\" cellspacing=\"0\" cellpadding=\"0\">\n<tbody>\n<tr>\n<td style=\"width: 643px;\" valign=\"top\">&nbsp;<\/td>\n<td style=\"width: 162px;\" align=\"left\" valign=\"top\">&nbsp;<\/td>\n<\/tr>\n<tr>\n<td style=\"width: 643px; background-color: #eaf2e9; border: 6px solid #eaf2e9;\" valign=\"top\">\n<p style=\"text-align: justify;\"><strong><span style=\"color: #669900; font-family: verdana, geneva;\">Pom\u00e1hame na\u0161im klientom v dosahovan\u00ed environment\u00e1lnej zodpovednosti vytv\u00e1ran\u00edm rie\u0161en\u00ed v oblasti:&nbsp;<\/span><\/strong><\/p>\n<\/td>\n<td style=\"background-image: url('http:\/\/www.alocons.com\/portal\/wp-content\/uploads\/bg_svseda.gif');\" align=\"left\" valign=\"top\">\n<p><img loading=\"lazy\" decoding=\"async\" class=\"alignnone size-full wp-image-4600\" src=\"http:\/\/www.alocons.com\/portal\/wp-content\/uploads\/alo-logo_new_01d-01.png\" alt=\"alo-logo_new_01d-01\" width=\"126\" height=\"45\" srcset=\"https:\/\/www.alocons.com\/portal\/wp-content\/uploads\/alo-logo_new_01d-01.png 126w, https:\/\/www.alocons.com\/portal\/wp-content\/uploads\/alo-logo_new_01d-01-125x45.png 125w\" sizes=\"auto, (max-width: 126px) 100vw, 126px\" \/><\/p>\n<\/td>\n<\/tr>\n<tr>\n<td style=\"width: 643px; border: 6px solid #eaf2e9;\" valign=\"top\">\n<table style=\"border-width: 0px; border-style: solid;\" border=\"0\" cellspacing=\"0\" cellpadding=\"0\">\n<tbody>\n<tr style=\"height: 60px;\" valign=\"top\">\n<td style=\"width: 20px; background-color: #ffffff;\"><img loading=\"lazy\" decoding=\"async\" class=\"alignnone size-full wp-image-3741\" src=\"http:\/\/www.alocons.com\/portal\/wp-content\/uploads\/pumerle-ORANGE.gif\" alt=\"pumerle-ORANGE\" width=\"13\" height=\"13\"><\/td>\n<td style=\"text-align: justify; width: 400px; background-color: #f5f5f5; border: 6px solid #ffffff;\"><span style=\"color: #000000; font-size: small;\"><b><strong>spotreby zdrojov<\/strong><span style=\"color: #999999;\">&nbsp;(energie, materi\u00e1lov, surov\u00edn, vody, \u013eudskej pr\u00e1ce)<\/span><\/b><\/span><\/td>\n<td style=\"background-color: #ffffff;\">&nbsp;<\/td>\n<\/tr>\n<tr style=\"height: 60px;\" valign=\"top\">\n<td style=\"width: 20px; background-color: #ffffff;\"><img loading=\"lazy\" decoding=\"async\" src=\"http:\/\/www.alocons.com\/portal\/wp-content\/uploads\/pumerle-MAG.gif\" alt=\"pumerle-MAG\" width=\"13\" height=\"13\"><\/td>\n<td style=\"text-align: justify; width: 400px; background-color: #f5f5f5; border: 6px solid #ffffff;\"><span style=\"color: #000000; font-size: small;\"><b><strong>produkcie odpadov<\/strong>&nbsp;<span style=\"color: #999999;\">(redukcia mno\u017estva produkovan\u00fdch odpadov, vyu\u017eitie druhotn\u00fdch surov\u00edn, recykl\u00e1cia)<\/span><\/b><\/span><\/td>\n<td style=\"height: 30px; background-color: #ffffff;\">&nbsp;<\/td>\n<\/tr>\n<tr style=\"height: 60px;\" valign=\"top\">\n<td style=\"width: 20px; background-color: #ffffff;\"><img loading=\"lazy\" decoding=\"async\" class=\"alignnone size-full wp-image-3738\" src=\"http:\/\/www.alocons.com\/portal\/wp-content\/uploads\/pumerle-TYRK.gif\" alt=\"pumerle-TYRK\" width=\"13\" height=\"13\"><\/td>\n<td style=\"text-align: justify; width: 400px; background-color: #f5f5f5; border: 6px solid #ffffff;\"><span style=\"color: #000000; font-size: small;\"><b><strong>\u017eivotn\u00e9ho prostredia<\/strong>&nbsp;<span style=\"color: #999999;\">(ochrana biotopov, podpora biodiverzity, redukcia emisi\u00ed, prevencia er\u00f3zie)<\/span><\/b><\/span><\/td>\n<td style=\"background-color: #ffffff;\">&nbsp;<\/td>\n<\/tr>\n<\/tbody>\n<\/table>\n<\/td>\n<td style=\"width: 162px;\" align=\"left\" valign=\"top\">&nbsp;<\/td>\n<\/tr>\n<\/tbody>\n<\/table>\n<p>&nbsp;<\/p>\n","protected":false},"excerpt":{"rendered":"<p>Pod\u013ea neziskovej medzin\u00e1rodnej organiz\u00e1cie &nbsp;Global Footprint Network &nbsp;\u013eudstvo vyu\u017e\u00edva zdroje na\u0161ej plan\u00e9ty Zem nad jej kapacity. V s\u00fa\u010dasnosti by sme pod\u013ea v\u00fdsledkov roka 2012 potrebovali na uspokojenie na\u0161ich potrieb po zdrojoch 1,56 plan\u00e9ty Zem .&nbsp;Zhrnutie k tejto problematike je vo videu Global Footprint Network.&nbsp;Pod\u013ea v\u00fdsledkov roka 1980 \u013eudstvo za\u010dalo spotreb\u00fava\u0165 \u2026 <a class=\"continue-reading-link\" href=\"https:\/\/www.alocons.com\/?page_id=2628\">Viac <span class=\"meta-nav\">&rarr; <\/span><\/a><\/p>\n","protected":false},"author":1,"featured_media":0,"parent":2600,"menu_order":11,"comment_status":"closed","ping_status":"closed","template":"","meta":{"ngg_post_thumbnail":0,"footnotes":""},"class_list":["post-2628","page","type-page","status-publish","hentry"],"_links":{"self":[{"href":"https:\/\/www.alocons.com\/index.php?rest_route=\/wp\/v2\/pages\/2628","targetHints":{"allow":["GET"]}}],"collection":[{"href":"https:\/\/www.alocons.com\/index.php?rest_route=\/wp\/v2\/pages"}],"about":[{"href":"https:\/\/www.alocons.com\/index.php?rest_route=\/wp\/v2\/types\/page"}],"author":[{"embeddable":true,"href":"https:\/\/www.alocons.com\/index.php?rest_route=\/wp\/v2\/users\/1"}],"replies":[{"embeddable":true,"href":"https:\/\/www.alocons.com\/index.php?rest_route=%2Fwp%2Fv2%2Fcomments&post=2628"}],"version-history":[{"count":22,"href":"https:\/\/www.alocons.com\/index.php?rest_route=\/wp\/v2\/pages\/2628\/revisions"}],"predecessor-version":[{"id":7678,"href":"https:\/\/www.alocons.com\/index.php?rest_route=\/wp\/v2\/pages\/2628\/revisions\/7678"}],"up":[{"embeddable":true,"href":"https:\/\/www.alocons.com\/index.php?rest_route=\/wp\/v2\/pages\/2600"}],"wp:attachment":[{"href":"https:\/\/www.alocons.com\/index.php?rest_route=%2Fwp%2Fv2%2Fmedia&parent=2628"}],"curies":[{"name":"wp","href":"https:\/\/api.w.org\/{rel}","templated":true}]}}