{"id":2599,"date":"2013-05-11T17:19:16","date_gmt":"2013-05-11T15:19:16","guid":{"rendered":"http:\/\/www.atx.sk\/alocons\/portal\/alocons4\/?page_id=2599"},"modified":"2017-05-22T03:35:57","modified_gmt":"2017-05-22T01:35:57","slug":"dna","status":"publish","type":"page","link":"https:\/\/www.alocons.com\/?page_id=2599","title":{"rendered":"DNA alocons"},"content":{"rendered":"<table border=\"1\" cellspacing=\"0\" cellpadding=\"0\">\n<tbody>\n<tr>\n<td align=\"left\" valign=\"top\">\n<p style=\"text-align: justify;\"><span style=\"font-size: small;\"><strong><span style=\"color: #888888; font-family: verdana, geneva;\">Sme multidisciplin\u00e1rny t\u00edm odborn\u00edkov, ktor\u00fdm z\u00e1le\u017e\u00ed na tom, ako a kde \u017eijeme a \u010do odovzd\u00e1me na\u0161im nasledovn\u00edkom. Aj ked sme mlad\u00e1 spolo\u010dnos\u0165, opierame sa vo svojich \u0161pecializ\u00e1ciach o sk\u00fasenosti nieko\u013ek\u00fdch desa\u0165ro\u010d\u00ed.<\/span><\/strong><\/span><\/p>\n<\/td>\n<td style=\"width: 162px;\" align=\"left\" valign=\"top\"><img loading=\"lazy\" decoding=\"async\" class=\"alignleft\" src=\"http:\/\/www.alocons.com\/portal\/wp-content\/uploads\/alo-MARK_C-bordo.png\" alt=\"alo-MARK_C-bordo\" width=\"126\" height=\"10\"><\/p>\n<p style=\"text-align: justify;\"><strong><span style=\"font-family: arial, helvetica, sans-serif; font-size: x-small;\"><em><span style=\"color: #c00000;\">&nbsp;<\/span><\/em><\/span><\/strong><\/p>\n<\/td>\n<\/tr>\n<tr>\n<td style=\"width: 643px; background-color: #669900;\" align=\"left\" valign=\"top\">\n<p style=\"text-align: justify;\"><strong><span style=\"font-size: small;\"><em><span style=\"color: #ffffff;\">(DNA je nosite\u013ekou dedi\u010dnej inform\u00e1cie, k\u00f3dom jedine\u010dnosti &#8211; \u013eud\u00ed &nbsp;a takmer v\u0161etk\u00fdch organizmov. Je d\u00f4le\u017eit\u00e1 pre rast organizmu, &nbsp;aby sa replikovali jeho vlastnosti do ka\u017edej jeho novej \u010dasti. )<\/span><\/em><\/span><\/strong><\/p>\n<p><strong><span style=\"text-align: right; font-size: medium;\"><strong><span style=\"color: #ffffff; font-family: verdana, geneva;\">Aj my m\u00e1me svoju DNA, ktor\u00e1 n\u00e1s rob\u00ed &nbsp;jedine\u010dn\u00fdmi a pom\u00e1ha n\u00e1\u0161mu rastu.<\/span><\/strong><\/span><\/strong><\/p>\n<\/td>\n<td style=\"background-image: url('http:\/\/www.alocons.com\/portal\/wp-content\/uploads\/bg_svseda.gif');\" align=\"left\" valign=\"top\"><span class=\"Apple-style-span\" style=\"font-weight: 800;\"><i><b><img loading=\"lazy\" decoding=\"async\" class=\"alignleft\" src=\"http:\/\/www.alocons.com\/portal\/wp-content\/uploads\/alo-logo_new_01d-01.png\" alt=\"alo-logo_new_01d-01\" width=\"126\" height=\"45\"><\/b><\/i><\/span><\/td>\n<\/tr>\n<\/tbody>\n<\/table>\n<table border=\"1\" cellspacing=\"0\" cellpadding=\"0\">\n<tbody>\n<tr>\n<td style=\"width: 643px; text-align: center;\" align=\"left\" valign=\"top\">\n<blockquote>\n<div class=\"fa-slideshow fa_slider_simple slider-loading default no-title no-secondary-navs\" style=\"width:480px; height:500px;margin-top:0px; margin-bottom:0px;margin-left:auto; margin-right: auto;font-size:100%;width:480px; height:500px;\" id=\"fa-slider-5318\" data-auto_slide=\"1\" data-slide_duration=\"5\" data-effect_duration=\"0.6\" data-click_stop=\"1\" data-cycle=\"1\" data-distance_in=\"200\" data-distance_out=\"0\" data-position_in=\"left\" data-position_out=\"right\" data-event=\"click\" data-effect=\"\" data-width=\"480\" data-height=\"500\" data-height_resize=\"\" data-fullwidth=\"\" data-font_size=\"100\" data-is_mobile=\"\" data-theme_opt_show_timer=\"\" data-theme_opt_auto_resize=\"1\">\r\n\t\t<div class=\"fa_slide no-image\" style=\"\">\r\n\t\t\r\n\t\t<div class=\"fa_slide_content\">\t\r\n\t\t\t\t\t\t<div class=\"description\"><div style=\"clear: both;\">&nbsp;<a href=\"http:\/\/www.alocons.com\/portal\/wp-content\/uploads\/alo_dna_UPR_03_resize.png\"><img loading=\"lazy\" decoding=\"async\" class=\"size-full wp-image-6346 aligncenter\" src=\"http:\/\/www.alocons.com\/portal\/wp-content\/uploads\/alo_dna_UPR_03_resize.png\" alt=\"alo_dna_UPR_03_resize\" width=\"200\" height=\"200\"><\/a><\/div>\n<p><strong><span style=\"color: #0d85cc; font-size: small;\">[ na\u0161e MENO ]<\/span><\/strong><\/p>\n<p><span style=\"font-size: small;\"> zosob\u0148uje na\u0161u v\u00edziu :<\/span><\/p>\n<p style=\"text-align: left;\"><span style=\"font-size: medium;\"><img loading=\"lazy\" decoding=\"async\" src=\"http:\/\/www.alocons.com\/portal\/wp-content\/uploads\/pumerle-MAG.gif\" alt=\"pumerle-MAG\" width=\"13\" height=\"13\"><strong>&nbsp;&nbsp;&nbsp;&nbsp;by\u0165 in\u00ed, odli\u0161n\u00ed<\/strong> \u2013 latinsky&nbsp;<strong>alo<\/strong>&nbsp;&nbsp;(\u010do z\u00e1rove\u0148 znamen\u00e1 udr\u017eiava\u0165, \u017eivi\u0165, vy\u017eivova\u0165, zachova\u0165;)<\/span><\/p>\n<p style=\"text-align: left;\"><span style=\"font-size: medium;\"><img loading=\"lazy\" decoding=\"async\" src=\"http:\/\/www.alocons.com\/portal\/wp-content\/uploads\/pumerle-MAG.gif\" alt=\"pumerle-MAG\" width=\"13\" height=\"13\">&nbsp;&nbsp;&nbsp;&nbsp;a s\u00fa\u010dasne <strong>odborne radi\u0165, rie\u0161i\u0165<\/strong> \u0165a\u017ekosti a probl\u00e9my na\u0161ich klientov &#8211; latinsky&nbsp;<strong>cons<\/strong>&nbsp;[-ultatio]<\/span><\/p>\n<\/div>\t\t\t\t\t\t\t\t<\/div>\r\n\t\t\t\t\t\r\n\t\t\t\r\n\t<\/div>\t\r\n\t\t<div class=\"fa_slide no-image\" style=\"\">\r\n\t\t\r\n\t\t<div class=\"fa_slide_content\">\t\r\n\t\t\t\t\t\t<div class=\"description\"><div style=\"clear: both;\"><a href=\"http:\/\/www.alocons.com\/portal\/wp-content\/uploads\/alo_dna_UPR_03_Page_06_resize.png\"><img loading=\"lazy\" decoding=\"async\" class=\"size-full wp-image-6338 aligncenter\" src=\"http:\/\/www.alocons.com\/portal\/wp-content\/uploads\/alo_dna_UPR_03_Page_06_resize.png\" alt=\"alo_dna_UPR_03_Page_06_resize\" width=\"200\" height=\"200\" srcset=\"https:\/\/www.alocons.com\/portal\/wp-content\/uploads\/alo_dna_UPR_03_Page_06_resize.png 200w, https:\/\/www.alocons.com\/portal\/wp-content\/uploads\/alo_dna_UPR_03_Page_06_resize-150x150.png 150w, https:\/\/www.alocons.com\/portal\/wp-content\/uploads\/alo_dna_UPR_03_Page_06_resize-125x125.png 125w\" sizes=\"auto, (max-width: 200px) 100vw, 200px\" \/><\/a><a href=\"http:\/\/www.alocons.com\/portal\/wp-content\/uploads\/alo_dna_UPR_01_Page_07-e1374537151559.jpg\"><br \/>\n<\/a><\/div>\n<p><strong><span style=\"color: #0d85cc; font-size: small;\">[ na\u0161e LOGO ]<\/span><\/strong><\/p>\n<p><span style=\"font-size: small;\">zhmot\u0148uje na\u0161e presved\u010denie, \u017ee piliermi trvalej ud\u017eate\u013enosti s\u00fa :<\/span><\/p>\n<p><span style=\"font-size: medium;\"><img loading=\"lazy\" decoding=\"async\" src=\"http:\/\/www.alocons.com\/portal\/wp-content\/uploads\/pumerle-MAG.gif\" alt=\"pumerle-MAG\" width=\"13\" height=\"13\"><strong>&nbsp;&nbsp;&nbsp;efekt\u00edvnos\u0165 vyu\u017e\u00edvania zdrojov<\/strong><\/span><br \/>\n<i>&nbsp;&nbsp;&nbsp;&nbsp;&nbsp;&nbsp;<\/i>&nbsp;ako prejav zodpovednosti k disponibiln\u00fdm&nbsp;zdrojom<\/p>\n<p><span style=\"font-size: medium;\"><img loading=\"lazy\" decoding=\"async\" src=\"http:\/\/www.alocons.com\/portal\/wp-content\/uploads\/pumerle-TYRK.gif\" alt=\"pumerle-MAG\" width=\"13\" height=\"13\"><strong>&nbsp;&nbsp;&nbsp;environment\u00e1lna zodpovednos\u0165<\/strong><\/span><br \/>\n<i>&nbsp;&nbsp;&nbsp;&nbsp;&nbsp;&nbsp;<\/i>&nbsp;ako postoj k zachovaniu zdrav\u00e9ho \u017eivotn\u00e9ho&nbsp;prostredia<\/p>\n<p><span style=\"font-size: medium;\"><img loading=\"lazy\" decoding=\"async\" src=\"http:\/\/www.alocons.com\/portal\/wp-content\/uploads\/pumerle-MODRTM.gif\" alt=\"pumerle-MAG\" width=\"13\" height=\"13\"><strong>&nbsp;&nbsp;&nbsp;ekonomick\u00e1 prosperita<\/strong><\/span><br \/>\n<i>&nbsp;&nbsp;&nbsp;&nbsp;&nbsp;&nbsp;&nbsp;<\/i>ako nevyhnutn\u00e1 podmienka pre schopnos\u0165&nbsp;neust\u00e1le sa rozv\u00edja\u0165<\/p>\n<p><span style=\"font-size: small;\">a tieto svojim spolup\u00f4soben\u00edm d\u00e1vaj\u00fa vznikn\u00fa\u0165 :<\/span><\/p>\n<p><span style=\"font-size: medium;\"><img loading=\"lazy\" decoding=\"async\" src=\"http:\/\/www.alocons.com\/portal\/wp-content\/uploads\/pumerle-TMSEDA.gif\" alt=\"pumerle-MAG\" width=\"13\" height=\"13\"><strong>&nbsp;&nbsp;&nbsp;trvalej udr\u017eate\u013enosti<\/strong><\/span><\/p>\n<\/div>\t\t\t\t\t\t\t\t<\/div>\r\n\t\t\t\t\t\r\n\t\t\t\r\n\t<\/div>\t\r\n\t\t<div class=\"fa_slide no-image\" style=\"\">\r\n\t\t\r\n\t\t<div class=\"fa_slide_content\">\t\r\n\t\t\t\t\t\t<div class=\"description\"><div style=\"clear: both;\">&nbsp;<a href=\"http:\/\/www.alocons.com\/portal\/wp-content\/uploads\/alo_dna_UPR_03_Page_08_resize.png\"><img loading=\"lazy\" decoding=\"async\" class=\"size-full wp-image-6336 aligncenter\" src=\"http:\/\/www.alocons.com\/portal\/wp-content\/uploads\/alo_dna_UPR_03_Page_08_resize.png\" alt=\"alo_dna_UPR_03_Page_08_resize\" width=\"200\" height=\"200\" srcset=\"https:\/\/www.alocons.com\/portal\/wp-content\/uploads\/alo_dna_UPR_03_Page_08_resize.png 200w, https:\/\/www.alocons.com\/portal\/wp-content\/uploads\/alo_dna_UPR_03_Page_08_resize-150x150.png 150w, https:\/\/www.alocons.com\/portal\/wp-content\/uploads\/alo_dna_UPR_03_Page_08_resize-125x125.png 125w\" sizes=\"auto, (max-width: 200px) 100vw, 200px\" \/><\/a><\/div>\n<p><strong><span style=\"color: #0d85cc; font-size: small;\">[ na\u0161e HESLO&nbsp;]<\/span><\/strong><\/p>\n<p><img loading=\"lazy\" decoding=\"async\" class=\"alignnone size-full wp-image-3734\" src=\"http:\/\/www.alocons.com\/portal\/wp-content\/uploads\/pumerle-SVZEL.gif\" alt=\"pumerle-SVZEL\" width=\"13\" height=\"13\"><span style=\"font-size: medium;\"><strong><span style=\"color: #696969;\">&nbsp;&nbsp;&nbsp;Ingenuity to sustain \u2013 <\/span>vynaliezavos\u0165ou<br \/>\nk udr\u017eate\u013enosti<\/strong><\/span><\/p>\n<p><span style=\"font-size: small;\">Je vyjadren\u00edm n\u00e1\u0161ho presved\u010denia, \u017ee vynaliezavos\u0165ou je mo\u017en\u00e9 dosiahnu\u0165 trval\u00fa udr\u017eate\u013enos\u0165 bez toho, aby to znamenalo odriekanie.<\/span><\/p>\n<p><img loading=\"lazy\" decoding=\"async\" class=\"alignnone size-full wp-image-3741\" src=\"http:\/\/www.alocons.com\/portal\/wp-content\/uploads\/pumerle-ORANGE.gif\" alt=\"pumerle-ORANGE\" width=\"13\" height=\"13\"><strong><span style=\"font-size: medium;\">&nbsp;&nbsp;&nbsp;<\/span><span style=\"font-size: medium;\">Sme presved\u010den\u00ed, \u017ee<\/span><span style=\"font-size: medium; color: #696969;\"> podnikanie&nbsp;<\/span><\/strong><span style=\"color: #696969;\"><strong><span style=\"font-size: medium;\">m\u00e1 by\u0165 trvale udr\u017eate\u013en\u00e9.<\/span><\/strong><\/span><\/p>\n<\/div>\t\t\t\t\t\t\t\t<\/div>\r\n\t\t\t\t\t\r\n\t\t\t\r\n\t<\/div>\t\r\n\t\t<div class=\"fa_slide no-image\" style=\"\">\r\n\t\t\r\n\t\t<div class=\"fa_slide_content\">\t\r\n\t\t\t\t\t\t<div class=\"description\"><div style=\"clear: both;\"><a href=\"http:\/\/www.alocons.com\/portal\/wp-content\/uploads\/alo_dna_UPR_03_Page_10_resize.png\"><img loading=\"lazy\" decoding=\"async\" class=\"size-full wp-image-6335 aligncenter\" src=\"http:\/\/www.alocons.com\/portal\/wp-content\/uploads\/alo_dna_UPR_03_Page_10_resize.png\" alt=\"alo_dna_UPR_03_Page_10_resize\" width=\"200\" height=\"200\" srcset=\"https:\/\/www.alocons.com\/portal\/wp-content\/uploads\/alo_dna_UPR_03_Page_10_resize.png 200w, https:\/\/www.alocons.com\/portal\/wp-content\/uploads\/alo_dna_UPR_03_Page_10_resize-150x150.png 150w, https:\/\/www.alocons.com\/portal\/wp-content\/uploads\/alo_dna_UPR_03_Page_10_resize-125x125.png 125w\" sizes=\"auto, (max-width: 200px) 100vw, 200px\" \/><\/a><\/div>\n<p><strong><span style=\"color: #0d85cc; font-size: small;\">[ na\u0161a V\u00cdZIA&nbsp;]<\/span><\/strong><\/p>\n<p style=\"text-align: justify;\"><img loading=\"lazy\" decoding=\"async\" src=\"http:\/\/www.alocons.com\/portal\/wp-content\/uploads\/pumerle-MAG.gif\" alt=\"pumerle-MAG\" width=\"13\" height=\"13\"><strong><span style=\"font-size: medium;\">&nbsp;&nbsp;najprv :<\/span><\/strong><span style=\"font-size: medium;\">Na\u010d\u00fava\u0165 na\u0161im klientom a pochopi\u0165 ich potreby.<\/span><\/p>\n<p><img loading=\"lazy\" decoding=\"async\" src=\"http:\/\/www.alocons.com\/portal\/wp-content\/uploads\/pumerle-MAG.gif\" alt=\"pumerle-MAG\" width=\"13\" height=\"13\"><strong><span style=\"font-size: medium;\">&nbsp;&nbsp;potom :<\/span><\/strong><span style=\"font-size: medium;\">Spolo\u010dne vytvoren\u00fdmi \u0161pi\u010dkov\u00fdmi rie\u0161eniami pom\u00f4c\u0165 zladi\u0165 potreby na\u0161ich klientov s potrebami \u017eivotn\u00e9ho prostredia a in\u00fdch tak, aby ich podnikanie bolo efekt\u00edvnej\u0161ie, zodpovedn\u00e9, ekonomicky \u00faspe\u0161nej\u0161ie a trvale udr\u017eate\u013en\u00e9.<\/span><\/p>\n<p><img loading=\"lazy\" decoding=\"async\" src=\"http:\/\/www.alocons.com\/portal\/wp-content\/uploads\/pumerle-TMSEDA.gif\" alt=\"pumerle-MAG\" width=\"13\" height=\"13\"><strong><span style=\"font-size: medium;\">&nbsp;&nbsp;na z\u00e1ver :<\/span><\/strong><span style=\"font-size: medium;\">Sta\u0165 sa v\u010faka \u00faspechom na\u0161ich klientov poprednou poradenskou a konzulta\u010dnou spolo\u010dnos\u0165ou.<\/span><\/p>\n<\/div>\t\t\t\t\t\t\t\t<\/div>\r\n\t\t\t\t\t\r\n\t\t\t\r\n\t<\/div>\t\r\n\t\t<div class=\"fa_slide no-image\" style=\"\">\r\n\t\t\r\n\t\t<div class=\"fa_slide_content\">\t\r\n\t\t\t\t\t\t<div class=\"description\"><div style=\"clear: both; text-align: center;\"><a href=\"http:\/\/www.alocons.com\/portal\/wp-content\/uploads\/alo_dna_UPR_03_ad_resize.png\"><img loading=\"lazy\" decoding=\"async\" class=\"alignnone size-full wp-image-6347\" src=\"http:\/\/www.alocons.com\/portal\/wp-content\/uploads\/alo_dna_UPR_03_ad_resize.png\" alt=\"alo_dna_UPR_03_ad_resize\" width=\"200\" height=\"200\" srcset=\"https:\/\/www.alocons.com\/portal\/wp-content\/uploads\/alo_dna_UPR_03_ad_resize.png 200w, https:\/\/www.alocons.com\/portal\/wp-content\/uploads\/alo_dna_UPR_03_ad_resize-150x150.png 150w, https:\/\/www.alocons.com\/portal\/wp-content\/uploads\/alo_dna_UPR_03_ad_resize-125x125.png 125w\" sizes=\"auto, (max-width: 200px) 100vw, 200px\" \/><\/a><a href=\"http:\/\/www.alocons.com\/portal\/wp-content\/uploads\/alo_dna_UPR_03_Page_13_resize.png\"><br \/>\n<\/a><\/div>\n<p><strong><span style=\"color: #0d85cc; font-size: small;\">[ na\u0161e IDE\u00c1LY&nbsp;]<\/span><\/strong><\/p>\n<p><img loading=\"lazy\" decoding=\"async\" src=\"http:\/\/www.alocons.com\/portal\/wp-content\/uploads\/pumerle-MAG.gif\" alt=\"pumerle-MAG\" width=\"13\" height=\"13\"><span style=\"font-size: medium;\"><strong>&nbsp;&nbsp;&nbsp;<\/strong><\/span><span style=\"font-size: medium;\"><strong>Otvorenos\u0165&nbsp;&nbsp;&nbsp;<\/strong><\/span><i><span style=\"color: #808080; font-size: small;\">(Openness)<\/span><\/i><\/p>\n<p><img loading=\"lazy\" decoding=\"async\" src=\"http:\/\/www.alocons.com\/portal\/wp-content\/uploads\/pumerle-MAG.gif\" alt=\"pumerle-MAG\" width=\"13\" height=\"13\"><span style=\"font-size: medium;\"><strong>&nbsp;&nbsp;&nbsp;<\/strong><\/span><span style=\"font-size: medium;\"><strong>Pokrokovos\u0165&nbsp;&nbsp;&nbsp;<\/strong><i><span style=\"color: #808080; font-size: small;\">(Progressiveness)<\/span><\/i><\/span><\/p>\n<p><img loading=\"lazy\" decoding=\"async\" src=\"http:\/\/www.alocons.com\/portal\/wp-content\/uploads\/pumerle-MAG.gif\" alt=\"pumerle-MAG\" width=\"13\" height=\"13\"><span style=\"font-size: medium;\"><strong>&nbsp;&nbsp;&nbsp;<\/strong><\/span><span style=\"font-size: medium;\"><strong>T\u00edmov\u00fd duch&nbsp;&nbsp;&nbsp;<\/strong><\/span><i><span style=\"color: #808080; font-size: small;\">(Teaming)<\/span><\/i><\/p>\n<p><img loading=\"lazy\" decoding=\"async\" src=\"http:\/\/www.alocons.com\/portal\/wp-content\/uploads\/pumerle-MAG.gif\" alt=\"pumerle-MAG\" width=\"13\" height=\"13\"><span style=\"font-size: medium;\"><strong>&nbsp;&nbsp;&nbsp;<\/strong><\/span><span style=\"font-size: medium;\"><strong>Vynaliezavos\u0165&nbsp;&nbsp;&nbsp;<\/strong><\/span><i><span style=\"color: #808080; font-size: small;\">(Ingenuity)<\/span><\/i><\/p>\n<p><img loading=\"lazy\" decoding=\"async\" src=\"http:\/\/www.alocons.com\/portal\/wp-content\/uploads\/pumerle-MAG.gif\" alt=\"pumerle-MAG\" width=\"13\" height=\"13\"><span style=\"font-size: medium;\"><strong>&nbsp;&nbsp;&nbsp;<\/strong><\/span><span style=\"font-size: medium;\"><strong>Pru\u017enos\u0165&nbsp;&nbsp;&nbsp;<\/strong><\/span><i><span style=\"color: #808080; font-size: small;\">(Flexibility)<\/span><\/i><\/p>\n<p><img loading=\"lazy\" decoding=\"async\" src=\"http:\/\/www.alocons.com\/portal\/wp-content\/uploads\/pumerle-MAG.gif\" alt=\"pumerle-MAG\" width=\"13\" height=\"13\"><strong>&nbsp;&nbsp;&nbsp;<\/strong><span style=\"font-size: medium;\"><strong>Empatia&nbsp;&nbsp;&nbsp;<\/strong><\/span><i><span style=\"color: #808080; font-size: small;\">(Empathy)<\/span><\/i><\/p>\n<p><img loading=\"lazy\" decoding=\"async\" src=\"http:\/\/www.alocons.com\/portal\/wp-content\/uploads\/pumerle-MAG.gif\" alt=\"pumerle-MAG\" width=\"13\" height=\"13\"><strong>&nbsp;&nbsp;&nbsp;<\/strong><span style=\"font-size: medium;\"><strong>Asertivita&nbsp;&nbsp;&nbsp;<\/strong><\/span><i><span style=\"color: #808080; font-size: small;\">(Assertiveness)<\/span><\/i><\/p>\n<p><img loading=\"lazy\" decoding=\"async\" src=\"http:\/\/www.alocons.com\/portal\/wp-content\/uploads\/pumerle-MAG.gif\" alt=\"pumerle-MAG\" width=\"13\" height=\"13\"><strong>&nbsp;&nbsp;&nbsp;<\/strong><span style=\"font-size: medium;\"><strong>Iniciat\u00edvnos\u0165&nbsp;&nbsp;&nbsp;<\/strong><\/span><i><span style=\"color: #808080; font-size: small;\">(Leadership)<\/span><\/i><\/p>\n<p><a href=\"http:\/\/www.alocons.com\/portal\/?page_id=4030\"><span style=\"color: #ffffff; font-size: small; background-color: #333333;\"><em> &lt; &#8230; chcete vedie\u0165 pre\u010do? &gt; <\/em><\/span><\/a><\/p>\n<\/div>\t\t\t\t\t\t\t\t<\/div>\r\n\t\t\t\t\t\r\n\t\t\t\r\n\t<\/div>\t\r\n\t\t<div class=\"fa_slide no-image\" style=\"\">\r\n\t\t\r\n\t\t<div class=\"fa_slide_content\">\t\r\n\t\t\t\t\t\t<div class=\"description\"><div style=\"clear: both;\"><a href=\"http:\/\/www.alocons.com\/portal\/wp-content\/uploads\/alo_dna_UPR_03_Page_27_resize.png\"><img loading=\"lazy\" decoding=\"async\" class=\"size-full wp-image-6333 aligncenter\" src=\"http:\/\/www.alocons.com\/portal\/wp-content\/uploads\/alo_dna_UPR_03_Page_27_resize.png\" alt=\"alo_dna_UPR_03_Page_27_resize\" width=\"200\" height=\"200\" srcset=\"https:\/\/www.alocons.com\/portal\/wp-content\/uploads\/alo_dna_UPR_03_Page_27_resize.png 200w, https:\/\/www.alocons.com\/portal\/wp-content\/uploads\/alo_dna_UPR_03_Page_27_resize-150x150.png 150w, https:\/\/www.alocons.com\/portal\/wp-content\/uploads\/alo_dna_UPR_03_Page_27_resize-125x125.png 125w\" sizes=\"auto, (max-width: 200px) 100vw, 200px\" \/><\/a><\/div>\n<p><strong><span style=\"color: #0d85cc; font-size: small;\">[ na\u0161e HODNOTY&nbsp;]<\/span><\/strong><\/p>\n<p><span style=\"font-size: medium;\"><img loading=\"lazy\" decoding=\"async\" src=\"http:\/\/www.alocons.com\/portal\/wp-content\/uploads\/pumerle-MAG.gif\" alt=\"pumerle-MAG\" width=\"13\" height=\"13\"><strong>&nbsp;&nbsp;Integrita&nbsp;&nbsp;&nbsp;<\/strong><\/span><i><span style=\"color: #808080; font-size: small;\">(Integrity)<\/span><\/i><br \/>\n<span style=\"font-size: small;\"><i>&nbsp;&nbsp;&nbsp;&nbsp;&nbsp;&nbsp;na\u0161ich my\u0161lienok a \u010dinov<\/i><\/span><\/p>\n<p><span style=\"font-size: medium;\"><img loading=\"lazy\" decoding=\"async\" src=\"http:\/\/www.alocons.com\/portal\/wp-content\/uploads\/pumerle-TYRK.gif\" alt=\"pumerle-MAG\" width=\"13\" height=\"13\"><strong>&nbsp;&nbsp;Rozmanitos\u0165&nbsp;&nbsp;&nbsp;<\/strong><\/span><i><span style=\"color: #808080; font-size: small;\">(Diversity)<\/span><\/i><br \/>\n<span style=\"font-size: small;\"><i>&nbsp;&nbsp;&nbsp;&nbsp;&nbsp;&nbsp;na\u0161ich klientov a n\u00e1s<\/i><\/span><\/p>\n<p><span style=\"font-size: medium;\"><img loading=\"lazy\" decoding=\"async\" src=\"http:\/\/www.alocons.com\/portal\/wp-content\/uploads\/pumerle-MODRTM.gif\" alt=\"pumerle-MAG\" width=\"13\" height=\"13\"><strong>&nbsp;&nbsp;Komplexnos\u0165&nbsp;&nbsp;&nbsp;<\/strong><\/span><i><span style=\"color: #808080; font-size: small;\">(Complexity)<\/span><\/i><br \/>\n<span style=\"font-size: small;\"><i>&nbsp;&nbsp;&nbsp;&nbsp;&nbsp;&nbsp;sveta, v ktorom \u017eijeme<\/i><\/span><\/p>\n<p><span style=\"font-size: medium;\"><img loading=\"lazy\" decoding=\"async\" src=\"http:\/\/www.alocons.com\/portal\/wp-content\/uploads\/pumerle-TMSEDA.gif\" alt=\"pumerle-MAG\" width=\"13\" height=\"13\"><strong>&nbsp;&nbsp;Trval\u00e1 udr\u017eate\u013enos\u0165&nbsp;&nbsp;&nbsp;<\/strong><\/span><i><span style=\"color: #808080; font-size: small;\">(Sustainability)<\/span><\/i><br \/>\n<span style=\"font-size: small;\"><i>&nbsp;&nbsp;&nbsp;&nbsp;&nbsp;&nbsp;ako zameranie sa na d\u00f4stojn\u00e9 a radostn\u00e9 pre\u017eitie<\/i><\/span><\/p>\n<p><span style=\"font-size: medium;\"><strong>Pre n\u00e1s integrita a trval\u00e1 udr\u017eate\u013enos\u0165<\/strong><\/span><br \/>\n<span style=\"font-size: medium;\">&#8230; za\u010d\u00ednaj\u00fa t\u00fdm, ak\u00e9 hodnoty vyzn\u00e1vame, pokra\u010duj\u00fa t\u00fdm, kde \u017eijeme, \u010do si mysl\u00edme a ako kon\u00e1me a&nbsp;kon\u010dia t\u00fdm, o \u010do sa sna\u017e\u00edme<\/span><\/p>\n<\/div>\t\t\t\t\t\t\t\t<\/div>\r\n\t\t\t\t\t\r\n\t\t\t\r\n\t<\/div>\t\r\n\t\t\t\t\t<div class=\"main-nav\">\r\n\t\t\t\t\t\t<a href=\"#\" title=\"\" class=\"fa-nav\"><\/a>\r\n\t\t\t\t\t\t<a href=\"#\" title=\"\" class=\"fa-nav\"><\/a>\r\n\t\t\t\t\t\t<a href=\"#\" title=\"\" class=\"fa-nav\"><\/a>\r\n\t\t\t\t\t\t<a href=\"#\" title=\"\" class=\"fa-nav\"><\/a>\r\n\t\t\t\t\t\t<a href=\"#\" title=\"\" class=\"fa-nav\"><\/a>\r\n\t\t\t\t\t\t<a href=\"#\" title=\"\" class=\"fa-nav\"><\/a>\r\n\t\t\t\t\t\r\n\t\t<\/div>\r\n\t\t\t\r\n<\/div>\n<\/blockquote>\n<\/td>\n<td style=\"width: 300px;\" align=\"left\" valign=\"top\">&nbsp;<\/td>\n<\/tr>\n<\/tbody>\n<\/table>\n<p><!-- koniec vizie --><\/p>\n<p><!-- koniec tabelatorov --><\/p>\n<p><!-- koniec vizie --><\/p>\n<p><!-- koniec tabelatorov --><\/p>\n<table border=\"1\" cellspacing=\"0\" cellpadding=\"0\">\n<tbody>\n<tr>\n<td>&nbsp;<\/td>\n<td align=\"left\" valign=\"top\">&nbsp;<\/td>\n<\/tr>\n<tr>\n<td style=\"width: 643px; background-color: #eaf2e9;\">\n<p style=\"text-align: justify;\"><span style=\"font-size: small;\"><strong><span style=\"color: #669900; font-family: verdana, geneva;\">Podporujeme vytv\u00e1ranie multidisciplin\u00e1rnych, medzin\u00e1rodn\u00fdch, multikultur\u00e1lnych, vekovo a rodovo zmie\u0161an\u00fdch t\u00edmov expertov. Ver\u00edme, \u017ee diverzita je bohatstvo a motor \u010fa\u013e\u0161ieho v\u00fdvoja a integrita je \u017eivou vodou trvale udr\u017eate\u013en\u00fdch vz\u0165ahov s na\u0161imi klientami a v na\u0161ich t\u00edmoch.<\/span><\/strong><\/span><\/p>\n<\/td>\n<td style=\"width: 162px;\" align=\"left\" valign=\"top\"><span style=\"font-size: large;\"><strong><span style=\"color: #4682b4; font-family: 'courier new', courier;\"><img loading=\"lazy\" decoding=\"async\" class=\"size-full wp-image-4600 alignleft\" src=\"http:\/\/www.alocons.com\/portal\/wp-content\/uploads\/alo-logo_new_01d-01.png\" alt=\"alo-logo_new_01d-01\" width=\"126\" height=\"45\" srcset=\"https:\/\/www.alocons.com\/portal\/wp-content\/uploads\/alo-logo_new_01d-01.png 126w, https:\/\/www.alocons.com\/portal\/wp-content\/uploads\/alo-logo_new_01d-01-125x45.png 125w\" sizes=\"auto, (max-width: 126px) 100vw, 126px\" \/><br \/>\n <\/span><\/strong><\/span><\/td>\n<\/tr>\n<tr>\n<td valign=\"top\" width=\"643\">&nbsp;<\/td>\n<td style=\"width: 162px;\" align=\"left\" valign=\"top\">&nbsp;<\/td>\n<\/tr>\n<\/tbody>\n<\/table>\n","protected":false},"excerpt":{"rendered":"<p>Sme multidisciplin\u00e1rny t\u00edm odborn\u00edkov, ktor\u00fdm z\u00e1le\u017e\u00ed na tom, ako a kde \u017eijeme a \u010do odovzd\u00e1me na\u0161im nasledovn\u00edkom. Aj ked sme mlad\u00e1 spolo\u010dnos\u0165, opierame sa vo svojich \u0161pecializ\u00e1ciach o sk\u00fasenosti nieko\u013ek\u00fdch desa\u0165ro\u010d\u00ed. &nbsp; (DNA je nosite\u013ekou dedi\u010dnej inform\u00e1cie, k\u00f3dom jedine\u010dnosti &#8211; \u013eud\u00ed &nbsp;a takmer v\u0161etk\u00fdch organizmov. Je d\u00f4le\u017eit\u00e1 pre rast organizmu, \u2026 <a class=\"continue-reading-link\" href=\"https:\/\/www.alocons.com\/?page_id=2599\">Viac <span class=\"meta-nav\">&rarr; <\/span><\/a><\/p>\n","protected":false},"author":1,"featured_media":0,"parent":0,"menu_order":1,"comment_status":"closed","ping_status":"closed","template":"","meta":{"ngg_post_thumbnail":0,"footnotes":""},"class_list":["post-2599","page","type-page","status-publish","hentry"],"_links":{"self":[{"href":"https:\/\/www.alocons.com\/index.php?rest_route=\/wp\/v2\/pages\/2599","targetHints":{"allow":["GET"]}}],"collection":[{"href":"https:\/\/www.alocons.com\/index.php?rest_route=\/wp\/v2\/pages"}],"about":[{"href":"https:\/\/www.alocons.com\/index.php?rest_route=\/wp\/v2\/types\/page"}],"author":[{"embeddable":true,"href":"https:\/\/www.alocons.com\/index.php?rest_route=\/wp\/v2\/users\/1"}],"replies":[{"embeddable":true,"href":"https:\/\/www.alocons.com\/index.php?rest_route=%2Fwp%2Fv2%2Fcomments&post=2599"}],"version-history":[{"count":36,"href":"https:\/\/www.alocons.com\/index.php?rest_route=\/wp\/v2\/pages\/2599\/revisions"}],"predecessor-version":[{"id":7551,"href":"https:\/\/www.alocons.com\/index.php?rest_route=\/wp\/v2\/pages\/2599\/revisions\/7551"}],"wp:attachment":[{"href":"https:\/\/www.alocons.com\/index.php?rest_route=%2Fwp%2Fv2%2Fmedia&parent=2599"}],"curies":[{"name":"wp","href":"https:\/\/api.w.org\/{rel}","templated":true}]}}